{"id":14411,"date":"2023-10-31T20:13:57","date_gmt":"2023-10-31T18:13:57","guid":{"rendered":"https:\/\/etako.sk\/eshop\/?post_type=product&#038;p=14411"},"modified":"2023-10-31T20:13:58","modified_gmt":"2023-10-31T18:13:58","slug":"zimna-ciapka-paw-patrol-771-872","status":"publish","type":"product","link":"https:\/\/etako.sk\/eshop\/produkt\/zimna-ciapka-paw-patrol-771-872\/","title":{"rendered":"Zimn\u00e1 \u010diapka Paw Patrol 771-872"},"content":{"rendered":"<p>Materi\u00e1l: 100% akryl<\/p>\n<p>EAN:5991327718721<br \/>\nVe\u013ekosti: 52 &#8211; 54<\/p>\n<p>Vyroben\u00e9 v \u010c\u00edne<\/p>\n","protected":false},"excerpt":{"rendered":"<p>Materi\u00e1l: 100% akryl EAN:5991327718721 Ve\u013ekosti: 52 &#8211; 54 Vyroben\u00e9 v \u010c\u00edne<\/p>\n","protected":false},"featured_media":14412,"comment_status":"closed","ping_status":"closed","template":"","meta":{"jetpack_publicize_message":"","jetpack_publicize_feature_enabled":true,"jetpack_social_post_already_shared":false,"jetpack_social_options":{"image_generator_settings":{"template":"highway","enabled":false},"version":2}},"product_brand":[],"product_cat":[62,146],"product_tag":[],"class_list":{"0":"post-14411","1":"product","2":"type-product","3":"status-publish","4":"has-post-thumbnail","6":"product_cat-oblecenie-v-116-5-6-rokov","7":"product_cat-chlapci-velkost-od-0-10-rokov-50-140-cm","8":"product_shipping_class-standard","9":"pa_farba-bledo-modra","10":"pa_farba-tmavo-modra","11":"pa_velkost-415","13":"","14":"instock","15":"taxable","16":"shipping-taxable","17":"purchasable","18":"product-type-variable"},"jetpack_publicize_connections":[],"yoast_head":"<!-- This site is optimized with the Yoast SEO plugin v25.6 - https:\/\/yoast.com\/wordpress\/plugins\/seo\/ -->\n<title>Zimn\u00e1 \u010diapka Paw Patrol 771-872 - ETAKO e-shop<\/title>\n<meta name=\"robots\" content=\"index, follow, max-snippet:-1, max-image-preview:large, max-video-preview:-1\" \/>\n<link rel=\"canonical\" href=\"https:\/\/etako.sk\/eshop\/produkt\/zimna-ciapka-paw-patrol-771-872\/\" \/>\n<meta name=\"twitter:card\" content=\"summary_large_image\" \/>\n<meta name=\"twitter:title\" content=\"Zimn\u00e1 \u010diapka Paw Patrol 771-872 - ETAKO e-shop\" \/>\n<meta name=\"twitter:description\" content=\"Materi\u00e1l: 100% akryl EAN:5991327718721 Ve\u013ekosti: 52 &#8211; 54 Vyroben\u00e9 v \u010c\u00edne\" \/>\n<meta name=\"twitter:image\" content=\"https:\/\/i0.wp.com\/etako.sk\/eshop\/wp-content\/uploads\/2023\/10\/yEwRUoVINxK_s460xn.jpg?fit=460%2C307&ssl=1\" \/>\n<meta name=\"twitter:label1\" content=\"Predpokladan\u00fd \u010das \u010d\u00edtania\" \/>\n\t<meta name=\"twitter:data1\" content=\"1 min\u00fata\" \/>\n<script type=\"application\/ld+json\" class=\"yoast-schema-graph\">{\"@context\":\"https:\/\/schema.org\",\"@graph\":[{\"@type\":\"WebPage\",\"@id\":\"https:\/\/etako.sk\/eshop\/produkt\/zimna-ciapka-paw-patrol-771-872\/\",\"url\":\"https:\/\/etako.sk\/eshop\/produkt\/zimna-ciapka-paw-patrol-771-872\/\",\"name\":\"Zimn\u00e1 \u010diapka Paw Patrol 771-872 - ETAKO e-shop\",\"isPartOf\":{\"@id\":\"https:\/\/etako.sk\/eshop\/#website\"},\"primaryImageOfPage\":{\"@id\":\"https:\/\/etako.sk\/eshop\/produkt\/zimna-ciapka-paw-patrol-771-872\/#primaryimage\"},\"image\":{\"@id\":\"https:\/\/etako.sk\/eshop\/produkt\/zimna-ciapka-paw-patrol-771-872\/#primaryimage\"},\"thumbnailUrl\":\"https:\/\/i0.wp.com\/etako.sk\/eshop\/wp-content\/uploads\/2023\/10\/yEwRUoVINxK_s460xn.jpg?fit=460%2C307&ssl=1\",\"datePublished\":\"2023-10-31T18:13:57+00:00\",\"dateModified\":\"2023-10-31T18:13:58+00:00\",\"breadcrumb\":{\"@id\":\"https:\/\/etako.sk\/eshop\/produkt\/zimna-ciapka-paw-patrol-771-872\/#breadcrumb\"},\"inLanguage\":\"sk-SK\",\"potentialAction\":[{\"@type\":\"ReadAction\",\"target\":[\"https:\/\/etako.sk\/eshop\/produkt\/zimna-ciapka-paw-patrol-771-872\/\"]}]},{\"@type\":\"ImageObject\",\"inLanguage\":\"sk-SK\",\"@id\":\"https:\/\/etako.sk\/eshop\/produkt\/zimna-ciapka-paw-patrol-771-872\/#primaryimage\",\"url\":\"https:\/\/i0.wp.com\/etako.sk\/eshop\/wp-content\/uploads\/2023\/10\/yEwRUoVINxK_s460xn.jpg?fit=460%2C307&ssl=1\",\"contentUrl\":\"https:\/\/i0.wp.com\/etako.sk\/eshop\/wp-content\/uploads\/2023\/10\/yEwRUoVINxK_s460xn.jpg?fit=460%2C307&ssl=1\",\"width\":460,\"height\":307},{\"@type\":\"BreadcrumbList\",\"@id\":\"https:\/\/etako.sk\/eshop\/produkt\/zimna-ciapka-paw-patrol-771-872\/#breadcrumb\",\"itemListElement\":[{\"@type\":\"ListItem\",\"position\":1,\"name\":\"Domovsk\u00e1 str\u00e1nka\",\"item\":\"https:\/\/etako.sk\/eshop\/\"},{\"@type\":\"ListItem\",\"position\":2,\"name\":\"Obchod\",\"item\":\"https:\/\/etako.sk\/eshop\/shop\/\"},{\"@type\":\"ListItem\",\"position\":3,\"name\":\"Zimn\u00e1 \u010diapka Paw Patrol 771-872\"}]},{\"@type\":\"WebSite\",\"@id\":\"https:\/\/etako.sk\/eshop\/#website\",\"url\":\"https:\/\/etako.sk\/eshop\/\",\"name\":\"ETAKO e-shop\",\"description\":\"Etako\",\"potentialAction\":[{\"@type\":\"SearchAction\",\"target\":{\"@type\":\"EntryPoint\",\"urlTemplate\":\"https:\/\/etako.sk\/eshop\/?s={search_term_string}\"},\"query-input\":{\"@type\":\"PropertyValueSpecification\",\"valueRequired\":true,\"valueName\":\"search_term_string\"}}],\"inLanguage\":\"sk-SK\"}]}<\/script>\n<!-- \/ Yoast SEO plugin. -->","yoast_head_json":{"title":"Zimn\u00e1 \u010diapka Paw Patrol 771-872 - ETAKO e-shop","robots":{"index":"index","follow":"follow","max-snippet":"max-snippet:-1","max-image-preview":"max-image-preview:large","max-video-preview":"max-video-preview:-1"},"canonical":"https:\/\/etako.sk\/eshop\/produkt\/zimna-ciapka-paw-patrol-771-872\/","twitter_card":"summary_large_image","twitter_title":"Zimn\u00e1 \u010diapka Paw Patrol 771-872 - ETAKO e-shop","twitter_description":"Materi\u00e1l: 100% akryl EAN:5991327718721 Ve\u013ekosti: 52 &#8211; 54 Vyroben\u00e9 v \u010c\u00edne","twitter_image":"https:\/\/i0.wp.com\/etako.sk\/eshop\/wp-content\/uploads\/2023\/10\/yEwRUoVINxK_s460xn.jpg?fit=460%2C307&ssl=1","twitter_misc":{"Predpokladan\u00fd \u010das \u010d\u00edtania":"1 min\u00fata"},"schema":{"@context":"https:\/\/schema.org","@graph":[{"@type":"WebPage","@id":"https:\/\/etako.sk\/eshop\/produkt\/zimna-ciapka-paw-patrol-771-872\/","url":"https:\/\/etako.sk\/eshop\/produkt\/zimna-ciapka-paw-patrol-771-872\/","name":"Zimn\u00e1 \u010diapka Paw Patrol 771-872 - ETAKO e-shop","isPartOf":{"@id":"https:\/\/etako.sk\/eshop\/#website"},"primaryImageOfPage":{"@id":"https:\/\/etako.sk\/eshop\/produkt\/zimna-ciapka-paw-patrol-771-872\/#primaryimage"},"image":{"@id":"https:\/\/etako.sk\/eshop\/produkt\/zimna-ciapka-paw-patrol-771-872\/#primaryimage"},"thumbnailUrl":"https:\/\/i0.wp.com\/etako.sk\/eshop\/wp-content\/uploads\/2023\/10\/yEwRUoVINxK_s460xn.jpg?fit=460%2C307&ssl=1","datePublished":"2023-10-31T18:13:57+00:00","dateModified":"2023-10-31T18:13:58+00:00","breadcrumb":{"@id":"https:\/\/etako.sk\/eshop\/produkt\/zimna-ciapka-paw-patrol-771-872\/#breadcrumb"},"inLanguage":"sk-SK","potentialAction":[{"@type":"ReadAction","target":["https:\/\/etako.sk\/eshop\/produkt\/zimna-ciapka-paw-patrol-771-872\/"]}]},{"@type":"ImageObject","inLanguage":"sk-SK","@id":"https:\/\/etako.sk\/eshop\/produkt\/zimna-ciapka-paw-patrol-771-872\/#primaryimage","url":"https:\/\/i0.wp.com\/etako.sk\/eshop\/wp-content\/uploads\/2023\/10\/yEwRUoVINxK_s460xn.jpg?fit=460%2C307&ssl=1","contentUrl":"https:\/\/i0.wp.com\/etako.sk\/eshop\/wp-content\/uploads\/2023\/10\/yEwRUoVINxK_s460xn.jpg?fit=460%2C307&ssl=1","width":460,"height":307},{"@type":"BreadcrumbList","@id":"https:\/\/etako.sk\/eshop\/produkt\/zimna-ciapka-paw-patrol-771-872\/#breadcrumb","itemListElement":[{"@type":"ListItem","position":1,"name":"Domovsk\u00e1 str\u00e1nka","item":"https:\/\/etako.sk\/eshop\/"},{"@type":"ListItem","position":2,"name":"Obchod","item":"https:\/\/etako.sk\/eshop\/shop\/"},{"@type":"ListItem","position":3,"name":"Zimn\u00e1 \u010diapka Paw Patrol 771-872"}]},{"@type":"WebSite","@id":"https:\/\/etako.sk\/eshop\/#website","url":"https:\/\/etako.sk\/eshop\/","name":"ETAKO e-shop","description":"Etako","potentialAction":[{"@type":"SearchAction","target":{"@type":"EntryPoint","urlTemplate":"https:\/\/etako.sk\/eshop\/?s={search_term_string}"},"query-input":{"@type":"PropertyValueSpecification","valueRequired":true,"valueName":"search_term_string"}}],"inLanguage":"sk-SK"}]}},"jetpack_sharing_enabled":true,"_links":{"self":[{"href":"https:\/\/etako.sk\/eshop\/wp-json\/wp\/v2\/product\/14411","targetHints":{"allow":["GET"]}}],"collection":[{"href":"https:\/\/etako.sk\/eshop\/wp-json\/wp\/v2\/product"}],"about":[{"href":"https:\/\/etako.sk\/eshop\/wp-json\/wp\/v2\/types\/product"}],"replies":[{"embeddable":true,"href":"https:\/\/etako.sk\/eshop\/wp-json\/wp\/v2\/comments?post=14411"}],"version-history":[{"count":0,"href":"https:\/\/etako.sk\/eshop\/wp-json\/wp\/v2\/product\/14411\/revisions"}],"wp:featuredmedia":[{"embeddable":true,"href":"https:\/\/etako.sk\/eshop\/wp-json\/wp\/v2\/media\/14412"}],"wp:attachment":[{"href":"https:\/\/etako.sk\/eshop\/wp-json\/wp\/v2\/media?parent=14411"}],"wp:term":[{"taxonomy":"product_brand","embeddable":true,"href":"https:\/\/etako.sk\/eshop\/wp-json\/wp\/v2\/product_brand?post=14411"},{"taxonomy":"product_cat","embeddable":true,"href":"https:\/\/etako.sk\/eshop\/wp-json\/wp\/v2\/product_cat?post=14411"},{"taxonomy":"product_tag","embeddable":true,"href":"https:\/\/etako.sk\/eshop\/wp-json\/wp\/v2\/product_tag?post=14411"}],"curies":[{"name":"wp","href":"https:\/\/api.w.org\/{rel}","templated":true}]}}