{"id":14404,"date":"2023-10-31T20:09:24","date_gmt":"2023-10-31T18:09:24","guid":{"rendered":"https:\/\/etako.sk\/eshop\/?post_type=product&#038;p=14404"},"modified":"2023-10-31T20:09:24","modified_gmt":"2023-10-31T18:09:24","slug":"set-ciapka-rukavice-star-wars-780-137","status":"publish","type":"product","link":"https:\/\/etako.sk\/eshop\/produkt\/set-ciapka-rukavice-star-wars-780-137\/","title":{"rendered":"Set \u010diapka, rukavice Star Wars 780-137"},"content":{"rendered":"<p>Materi\u00e1l: 100% akryl<br \/>\nVe\u013ekosti: univerz\u00e1lna ve\u013ekos\u0165, 54<br \/>\nEAN:5999100301375<\/p>\n<p>Vyroben\u00e9 v \u010c\u00edne<\/p>\n","protected":false},"excerpt":{"rendered":"<p>Materi\u00e1l: 100% akryl Ve\u013ekosti: univerz\u00e1lna ve\u013ekos\u0165, 54 EAN:5999100301375 Vyroben\u00e9 v \u010c\u00edne<\/p>\n","protected":false},"featured_media":14405,"comment_status":"closed","ping_status":"closed","template":"","meta":{"jetpack_publicize_message":"","jetpack_publicize_feature_enabled":true,"jetpack_social_post_already_shared":false,"jetpack_social_options":{"image_generator_settings":{"template":"highway","enabled":false},"version":2}},"product_brand":[],"product_cat":[62,146],"product_tag":[],"class_list":{"0":"post-14404","1":"product","2":"type-product","3":"status-publish","4":"has-post-thumbnail","6":"product_cat-oblecenie-v-116-5-6-rokov","7":"product_cat-chlapci-velkost-od-0-10-rokov-50-140-cm","8":"product_shipping_class-standard","9":"pa_farba-modra","10":"pa_farba-siva","11":"pa_velkost-415","13":"","14":"instock","15":"taxable","16":"shipping-taxable","17":"purchasable","18":"product-type-variable"},"jetpack_publicize_connections":[],"yoast_head":"<!-- This site is optimized with the Yoast SEO plugin v25.6 - https:\/\/yoast.com\/wordpress\/plugins\/seo\/ -->\n<title>Set \u010diapka, rukavice Star Wars 780-137 - ETAKO e-shop<\/title>\n<meta name=\"robots\" content=\"index, follow, max-snippet:-1, max-image-preview:large, max-video-preview:-1\" \/>\n<link rel=\"canonical\" href=\"https:\/\/etako.sk\/eshop\/produkt\/set-ciapka-rukavice-star-wars-780-137\/\" \/>\n<meta name=\"twitter:card\" content=\"summary_large_image\" \/>\n<meta name=\"twitter:title\" content=\"Set \u010diapka, rukavice Star Wars 780-137 - ETAKO e-shop\" \/>\n<meta name=\"twitter:description\" content=\"Materi\u00e1l: 100% akryl Ve\u013ekosti: univerz\u00e1lna ve\u013ekos\u0165, 54 EAN:5999100301375 Vyroben\u00e9 v \u010c\u00edne\" \/>\n<meta name=\"twitter:image\" content=\"https:\/\/i0.wp.com\/etako.sk\/eshop\/wp-content\/uploads\/2023\/10\/J0jxF67y8Vt_s460xn.jpg?fit=300%2C450&ssl=1\" \/>\n<meta name=\"twitter:label1\" content=\"Predpokladan\u00fd \u010das \u010d\u00edtania\" \/>\n\t<meta name=\"twitter:data1\" content=\"1 min\u00fata\" \/>\n<script type=\"application\/ld+json\" class=\"yoast-schema-graph\">{\"@context\":\"https:\/\/schema.org\",\"@graph\":[{\"@type\":\"WebPage\",\"@id\":\"https:\/\/etako.sk\/eshop\/produkt\/set-ciapka-rukavice-star-wars-780-137\/\",\"url\":\"https:\/\/etako.sk\/eshop\/produkt\/set-ciapka-rukavice-star-wars-780-137\/\",\"name\":\"Set \u010diapka, rukavice Star Wars 780-137 - ETAKO e-shop\",\"isPartOf\":{\"@id\":\"https:\/\/etako.sk\/eshop\/#website\"},\"primaryImageOfPage\":{\"@id\":\"https:\/\/etako.sk\/eshop\/produkt\/set-ciapka-rukavice-star-wars-780-137\/#primaryimage\"},\"image\":{\"@id\":\"https:\/\/etako.sk\/eshop\/produkt\/set-ciapka-rukavice-star-wars-780-137\/#primaryimage\"},\"thumbnailUrl\":\"https:\/\/i0.wp.com\/etako.sk\/eshop\/wp-content\/uploads\/2023\/10\/J0jxF67y8Vt_s460xn.jpg?fit=300%2C450&ssl=1\",\"datePublished\":\"2023-10-31T18:09:24+00:00\",\"breadcrumb\":{\"@id\":\"https:\/\/etako.sk\/eshop\/produkt\/set-ciapka-rukavice-star-wars-780-137\/#breadcrumb\"},\"inLanguage\":\"sk-SK\",\"potentialAction\":[{\"@type\":\"ReadAction\",\"target\":[\"https:\/\/etako.sk\/eshop\/produkt\/set-ciapka-rukavice-star-wars-780-137\/\"]}]},{\"@type\":\"ImageObject\",\"inLanguage\":\"sk-SK\",\"@id\":\"https:\/\/etako.sk\/eshop\/produkt\/set-ciapka-rukavice-star-wars-780-137\/#primaryimage\",\"url\":\"https:\/\/i0.wp.com\/etako.sk\/eshop\/wp-content\/uploads\/2023\/10\/J0jxF67y8Vt_s460xn.jpg?fit=300%2C450&ssl=1\",\"contentUrl\":\"https:\/\/i0.wp.com\/etako.sk\/eshop\/wp-content\/uploads\/2023\/10\/J0jxF67y8Vt_s460xn.jpg?fit=300%2C450&ssl=1\",\"width\":300,\"height\":450},{\"@type\":\"BreadcrumbList\",\"@id\":\"https:\/\/etako.sk\/eshop\/produkt\/set-ciapka-rukavice-star-wars-780-137\/#breadcrumb\",\"itemListElement\":[{\"@type\":\"ListItem\",\"position\":1,\"name\":\"Domovsk\u00e1 str\u00e1nka\",\"item\":\"https:\/\/etako.sk\/eshop\/\"},{\"@type\":\"ListItem\",\"position\":2,\"name\":\"Obchod\",\"item\":\"https:\/\/etako.sk\/eshop\/shop\/\"},{\"@type\":\"ListItem\",\"position\":3,\"name\":\"Set \u010diapka, rukavice Star Wars 780-137\"}]},{\"@type\":\"WebSite\",\"@id\":\"https:\/\/etako.sk\/eshop\/#website\",\"url\":\"https:\/\/etako.sk\/eshop\/\",\"name\":\"ETAKO e-shop\",\"description\":\"Etako\",\"potentialAction\":[{\"@type\":\"SearchAction\",\"target\":{\"@type\":\"EntryPoint\",\"urlTemplate\":\"https:\/\/etako.sk\/eshop\/?s={search_term_string}\"},\"query-input\":{\"@type\":\"PropertyValueSpecification\",\"valueRequired\":true,\"valueName\":\"search_term_string\"}}],\"inLanguage\":\"sk-SK\"}]}<\/script>\n<!-- \/ Yoast SEO plugin. -->","yoast_head_json":{"title":"Set \u010diapka, rukavice Star Wars 780-137 - ETAKO e-shop","robots":{"index":"index","follow":"follow","max-snippet":"max-snippet:-1","max-image-preview":"max-image-preview:large","max-video-preview":"max-video-preview:-1"},"canonical":"https:\/\/etako.sk\/eshop\/produkt\/set-ciapka-rukavice-star-wars-780-137\/","twitter_card":"summary_large_image","twitter_title":"Set \u010diapka, rukavice Star Wars 780-137 - ETAKO e-shop","twitter_description":"Materi\u00e1l: 100% akryl Ve\u013ekosti: univerz\u00e1lna ve\u013ekos\u0165, 54 EAN:5999100301375 Vyroben\u00e9 v \u010c\u00edne","twitter_image":"https:\/\/i0.wp.com\/etako.sk\/eshop\/wp-content\/uploads\/2023\/10\/J0jxF67y8Vt_s460xn.jpg?fit=300%2C450&ssl=1","twitter_misc":{"Predpokladan\u00fd \u010das \u010d\u00edtania":"1 min\u00fata"},"schema":{"@context":"https:\/\/schema.org","@graph":[{"@type":"WebPage","@id":"https:\/\/etako.sk\/eshop\/produkt\/set-ciapka-rukavice-star-wars-780-137\/","url":"https:\/\/etako.sk\/eshop\/produkt\/set-ciapka-rukavice-star-wars-780-137\/","name":"Set \u010diapka, rukavice Star Wars 780-137 - ETAKO e-shop","isPartOf":{"@id":"https:\/\/etako.sk\/eshop\/#website"},"primaryImageOfPage":{"@id":"https:\/\/etako.sk\/eshop\/produkt\/set-ciapka-rukavice-star-wars-780-137\/#primaryimage"},"image":{"@id":"https:\/\/etako.sk\/eshop\/produkt\/set-ciapka-rukavice-star-wars-780-137\/#primaryimage"},"thumbnailUrl":"https:\/\/i0.wp.com\/etako.sk\/eshop\/wp-content\/uploads\/2023\/10\/J0jxF67y8Vt_s460xn.jpg?fit=300%2C450&ssl=1","datePublished":"2023-10-31T18:09:24+00:00","breadcrumb":{"@id":"https:\/\/etako.sk\/eshop\/produkt\/set-ciapka-rukavice-star-wars-780-137\/#breadcrumb"},"inLanguage":"sk-SK","potentialAction":[{"@type":"ReadAction","target":["https:\/\/etako.sk\/eshop\/produkt\/set-ciapka-rukavice-star-wars-780-137\/"]}]},{"@type":"ImageObject","inLanguage":"sk-SK","@id":"https:\/\/etako.sk\/eshop\/produkt\/set-ciapka-rukavice-star-wars-780-137\/#primaryimage","url":"https:\/\/i0.wp.com\/etako.sk\/eshop\/wp-content\/uploads\/2023\/10\/J0jxF67y8Vt_s460xn.jpg?fit=300%2C450&ssl=1","contentUrl":"https:\/\/i0.wp.com\/etako.sk\/eshop\/wp-content\/uploads\/2023\/10\/J0jxF67y8Vt_s460xn.jpg?fit=300%2C450&ssl=1","width":300,"height":450},{"@type":"BreadcrumbList","@id":"https:\/\/etako.sk\/eshop\/produkt\/set-ciapka-rukavice-star-wars-780-137\/#breadcrumb","itemListElement":[{"@type":"ListItem","position":1,"name":"Domovsk\u00e1 str\u00e1nka","item":"https:\/\/etako.sk\/eshop\/"},{"@type":"ListItem","position":2,"name":"Obchod","item":"https:\/\/etako.sk\/eshop\/shop\/"},{"@type":"ListItem","position":3,"name":"Set \u010diapka, rukavice Star Wars 780-137"}]},{"@type":"WebSite","@id":"https:\/\/etako.sk\/eshop\/#website","url":"https:\/\/etako.sk\/eshop\/","name":"ETAKO e-shop","description":"Etako","potentialAction":[{"@type":"SearchAction","target":{"@type":"EntryPoint","urlTemplate":"https:\/\/etako.sk\/eshop\/?s={search_term_string}"},"query-input":{"@type":"PropertyValueSpecification","valueRequired":true,"valueName":"search_term_string"}}],"inLanguage":"sk-SK"}]}},"jetpack_sharing_enabled":true,"_links":{"self":[{"href":"https:\/\/etako.sk\/eshop\/wp-json\/wp\/v2\/product\/14404","targetHints":{"allow":["GET"]}}],"collection":[{"href":"https:\/\/etako.sk\/eshop\/wp-json\/wp\/v2\/product"}],"about":[{"href":"https:\/\/etako.sk\/eshop\/wp-json\/wp\/v2\/types\/product"}],"replies":[{"embeddable":true,"href":"https:\/\/etako.sk\/eshop\/wp-json\/wp\/v2\/comments?post=14404"}],"version-history":[{"count":0,"href":"https:\/\/etako.sk\/eshop\/wp-json\/wp\/v2\/product\/14404\/revisions"}],"wp:featuredmedia":[{"embeddable":true,"href":"https:\/\/etako.sk\/eshop\/wp-json\/wp\/v2\/media\/14405"}],"wp:attachment":[{"href":"https:\/\/etako.sk\/eshop\/wp-json\/wp\/v2\/media?parent=14404"}],"wp:term":[{"taxonomy":"product_brand","embeddable":true,"href":"https:\/\/etako.sk\/eshop\/wp-json\/wp\/v2\/product_brand?post=14404"},{"taxonomy":"product_cat","embeddable":true,"href":"https:\/\/etako.sk\/eshop\/wp-json\/wp\/v2\/product_cat?post=14404"},{"taxonomy":"product_tag","embeddable":true,"href":"https:\/\/etako.sk\/eshop\/wp-json\/wp\/v2\/product_tag?post=14404"}],"curies":[{"name":"wp","href":"https:\/\/api.w.org\/{rel}","templated":true}]}}