{"id":14398,"date":"2023-10-31T20:04:07","date_gmt":"2023-10-31T18:04:07","guid":{"rendered":"https:\/\/etako.sk\/eshop\/?post_type=product&#038;p=14398"},"modified":"2023-10-31T20:06:34","modified_gmt":"2023-10-31T18:06:34","slug":"tunelovy-sal-paw-patrol-850-369","status":"publish","type":"product","link":"https:\/\/etako.sk\/eshop\/produkt\/tunelovy-sal-paw-patrol-850-369\/","title":{"rendered":"Tunelov\u00fd \u0161\u00e1l Paw Patrol 850-369"},"content":{"rendered":"<p>Materi\u00e1l: 100% polyester, wellsoft<\/p>\n<p>Ve\u013ekos\u0165: 24 x 56 cm<br \/>\nEAN: 5991328503692<br \/>\nKrajina p\u00f4vodu: \u010c\u00edna<\/p>\n","protected":false},"excerpt":{"rendered":"<p>Materi\u00e1l: 100% polyester, wellsoft Ve\u013ekos\u0165: 24 x 56 cm EAN: 5991328503692 Krajina p\u00f4vodu: \u010c\u00edna<\/p>\n","protected":false},"featured_media":14399,"comment_status":"closed","ping_status":"closed","template":"","meta":{"jetpack_publicize_message":"","jetpack_publicize_feature_enabled":true,"jetpack_social_post_already_shared":false,"jetpack_social_options":{"image_generator_settings":{"template":"highway","enabled":false},"version":2}},"product_brand":[],"product_cat":[47,147],"product_tag":[],"class_list":{"0":"post-14398","1":"product","2":"type-product","3":"status-publish","4":"has-post-thumbnail","6":"product_cat-oblecenie-116-5-6-rokov","7":"product_cat-dievcata-velkost-od-0-10-rokov-50-140-cm","8":"product_shipping_class-standard","9":"pa_farba-bledoruzova","10":"pa_farba-tmavo-ruzova","12":"","13":"instock","14":"taxable","15":"shipping-taxable","16":"purchasable","17":"product-type-variable"},"jetpack_publicize_connections":[],"yoast_head":"<!-- This site is optimized with the Yoast SEO plugin v25.6 - https:\/\/yoast.com\/wordpress\/plugins\/seo\/ -->\n<title>Tunelov\u00fd \u0161\u00e1l Paw Patrol 850-369 - ETAKO e-shop<\/title>\n<meta name=\"robots\" content=\"index, follow, max-snippet:-1, max-image-preview:large, max-video-preview:-1\" \/>\n<link rel=\"canonical\" href=\"https:\/\/etako.sk\/eshop\/produkt\/tunelovy-sal-paw-patrol-850-369\/\" \/>\n<meta name=\"twitter:card\" content=\"summary_large_image\" \/>\n<meta name=\"twitter:title\" content=\"Tunelov\u00fd \u0161\u00e1l Paw Patrol 850-369 - ETAKO e-shop\" \/>\n<meta name=\"twitter:description\" content=\"Materi\u00e1l: 100% polyester, wellsoft Ve\u013ekos\u0165: 24 x 56 cm EAN: 5991328503692 Krajina p\u00f4vodu: \u010c\u00edna\" \/>\n<meta name=\"twitter:image\" content=\"https:\/\/i0.wp.com\/etako.sk\/eshop\/wp-content\/uploads\/2023\/10\/7aYLuSCWBZd_s460xn.jpg?fit=300%2C450&ssl=1\" \/>\n<meta name=\"twitter:label1\" content=\"Predpokladan\u00fd \u010das \u010d\u00edtania\" \/>\n\t<meta name=\"twitter:data1\" content=\"1 min\u00fata\" \/>\n<script type=\"application\/ld+json\" class=\"yoast-schema-graph\">{\"@context\":\"https:\/\/schema.org\",\"@graph\":[{\"@type\":\"WebPage\",\"@id\":\"https:\/\/etako.sk\/eshop\/produkt\/tunelovy-sal-paw-patrol-850-369\/\",\"url\":\"https:\/\/etako.sk\/eshop\/produkt\/tunelovy-sal-paw-patrol-850-369\/\",\"name\":\"Tunelov\u00fd \u0161\u00e1l Paw Patrol 850-369 - ETAKO e-shop\",\"isPartOf\":{\"@id\":\"https:\/\/etako.sk\/eshop\/#website\"},\"primaryImageOfPage\":{\"@id\":\"https:\/\/etako.sk\/eshop\/produkt\/tunelovy-sal-paw-patrol-850-369\/#primaryimage\"},\"image\":{\"@id\":\"https:\/\/etako.sk\/eshop\/produkt\/tunelovy-sal-paw-patrol-850-369\/#primaryimage\"},\"thumbnailUrl\":\"https:\/\/i0.wp.com\/etako.sk\/eshop\/wp-content\/uploads\/2023\/10\/7aYLuSCWBZd_s460xn.jpg?fit=300%2C450&ssl=1\",\"datePublished\":\"2023-10-31T18:04:07+00:00\",\"dateModified\":\"2023-10-31T18:06:34+00:00\",\"breadcrumb\":{\"@id\":\"https:\/\/etako.sk\/eshop\/produkt\/tunelovy-sal-paw-patrol-850-369\/#breadcrumb\"},\"inLanguage\":\"sk-SK\",\"potentialAction\":[{\"@type\":\"ReadAction\",\"target\":[\"https:\/\/etako.sk\/eshop\/produkt\/tunelovy-sal-paw-patrol-850-369\/\"]}]},{\"@type\":\"ImageObject\",\"inLanguage\":\"sk-SK\",\"@id\":\"https:\/\/etako.sk\/eshop\/produkt\/tunelovy-sal-paw-patrol-850-369\/#primaryimage\",\"url\":\"https:\/\/i0.wp.com\/etako.sk\/eshop\/wp-content\/uploads\/2023\/10\/7aYLuSCWBZd_s460xn.jpg?fit=300%2C450&ssl=1\",\"contentUrl\":\"https:\/\/i0.wp.com\/etako.sk\/eshop\/wp-content\/uploads\/2023\/10\/7aYLuSCWBZd_s460xn.jpg?fit=300%2C450&ssl=1\",\"width\":300,\"height\":450},{\"@type\":\"BreadcrumbList\",\"@id\":\"https:\/\/etako.sk\/eshop\/produkt\/tunelovy-sal-paw-patrol-850-369\/#breadcrumb\",\"itemListElement\":[{\"@type\":\"ListItem\",\"position\":1,\"name\":\"Domovsk\u00e1 str\u00e1nka\",\"item\":\"https:\/\/etako.sk\/eshop\/\"},{\"@type\":\"ListItem\",\"position\":2,\"name\":\"Obchod\",\"item\":\"https:\/\/etako.sk\/eshop\/shop\/\"},{\"@type\":\"ListItem\",\"position\":3,\"name\":\"Tunelov\u00fd \u0161\u00e1l Paw Patrol 850-369\"}]},{\"@type\":\"WebSite\",\"@id\":\"https:\/\/etako.sk\/eshop\/#website\",\"url\":\"https:\/\/etako.sk\/eshop\/\",\"name\":\"ETAKO e-shop\",\"description\":\"Etako\",\"potentialAction\":[{\"@type\":\"SearchAction\",\"target\":{\"@type\":\"EntryPoint\",\"urlTemplate\":\"https:\/\/etako.sk\/eshop\/?s={search_term_string}\"},\"query-input\":{\"@type\":\"PropertyValueSpecification\",\"valueRequired\":true,\"valueName\":\"search_term_string\"}}],\"inLanguage\":\"sk-SK\"}]}<\/script>\n<!-- \/ Yoast SEO plugin. -->","yoast_head_json":{"title":"Tunelov\u00fd \u0161\u00e1l Paw Patrol 850-369 - ETAKO e-shop","robots":{"index":"index","follow":"follow","max-snippet":"max-snippet:-1","max-image-preview":"max-image-preview:large","max-video-preview":"max-video-preview:-1"},"canonical":"https:\/\/etako.sk\/eshop\/produkt\/tunelovy-sal-paw-patrol-850-369\/","twitter_card":"summary_large_image","twitter_title":"Tunelov\u00fd \u0161\u00e1l Paw Patrol 850-369 - ETAKO e-shop","twitter_description":"Materi\u00e1l: 100% polyester, wellsoft Ve\u013ekos\u0165: 24 x 56 cm EAN: 5991328503692 Krajina p\u00f4vodu: \u010c\u00edna","twitter_image":"https:\/\/i0.wp.com\/etako.sk\/eshop\/wp-content\/uploads\/2023\/10\/7aYLuSCWBZd_s460xn.jpg?fit=300%2C450&ssl=1","twitter_misc":{"Predpokladan\u00fd \u010das \u010d\u00edtania":"1 min\u00fata"},"schema":{"@context":"https:\/\/schema.org","@graph":[{"@type":"WebPage","@id":"https:\/\/etako.sk\/eshop\/produkt\/tunelovy-sal-paw-patrol-850-369\/","url":"https:\/\/etako.sk\/eshop\/produkt\/tunelovy-sal-paw-patrol-850-369\/","name":"Tunelov\u00fd \u0161\u00e1l Paw Patrol 850-369 - ETAKO e-shop","isPartOf":{"@id":"https:\/\/etako.sk\/eshop\/#website"},"primaryImageOfPage":{"@id":"https:\/\/etako.sk\/eshop\/produkt\/tunelovy-sal-paw-patrol-850-369\/#primaryimage"},"image":{"@id":"https:\/\/etako.sk\/eshop\/produkt\/tunelovy-sal-paw-patrol-850-369\/#primaryimage"},"thumbnailUrl":"https:\/\/i0.wp.com\/etako.sk\/eshop\/wp-content\/uploads\/2023\/10\/7aYLuSCWBZd_s460xn.jpg?fit=300%2C450&ssl=1","datePublished":"2023-10-31T18:04:07+00:00","dateModified":"2023-10-31T18:06:34+00:00","breadcrumb":{"@id":"https:\/\/etako.sk\/eshop\/produkt\/tunelovy-sal-paw-patrol-850-369\/#breadcrumb"},"inLanguage":"sk-SK","potentialAction":[{"@type":"ReadAction","target":["https:\/\/etako.sk\/eshop\/produkt\/tunelovy-sal-paw-patrol-850-369\/"]}]},{"@type":"ImageObject","inLanguage":"sk-SK","@id":"https:\/\/etako.sk\/eshop\/produkt\/tunelovy-sal-paw-patrol-850-369\/#primaryimage","url":"https:\/\/i0.wp.com\/etako.sk\/eshop\/wp-content\/uploads\/2023\/10\/7aYLuSCWBZd_s460xn.jpg?fit=300%2C450&ssl=1","contentUrl":"https:\/\/i0.wp.com\/etako.sk\/eshop\/wp-content\/uploads\/2023\/10\/7aYLuSCWBZd_s460xn.jpg?fit=300%2C450&ssl=1","width":300,"height":450},{"@type":"BreadcrumbList","@id":"https:\/\/etako.sk\/eshop\/produkt\/tunelovy-sal-paw-patrol-850-369\/#breadcrumb","itemListElement":[{"@type":"ListItem","position":1,"name":"Domovsk\u00e1 str\u00e1nka","item":"https:\/\/etako.sk\/eshop\/"},{"@type":"ListItem","position":2,"name":"Obchod","item":"https:\/\/etako.sk\/eshop\/shop\/"},{"@type":"ListItem","position":3,"name":"Tunelov\u00fd \u0161\u00e1l Paw Patrol 850-369"}]},{"@type":"WebSite","@id":"https:\/\/etako.sk\/eshop\/#website","url":"https:\/\/etako.sk\/eshop\/","name":"ETAKO e-shop","description":"Etako","potentialAction":[{"@type":"SearchAction","target":{"@type":"EntryPoint","urlTemplate":"https:\/\/etako.sk\/eshop\/?s={search_term_string}"},"query-input":{"@type":"PropertyValueSpecification","valueRequired":true,"valueName":"search_term_string"}}],"inLanguage":"sk-SK"}]}},"jetpack_sharing_enabled":true,"_links":{"self":[{"href":"https:\/\/etako.sk\/eshop\/wp-json\/wp\/v2\/product\/14398","targetHints":{"allow":["GET"]}}],"collection":[{"href":"https:\/\/etako.sk\/eshop\/wp-json\/wp\/v2\/product"}],"about":[{"href":"https:\/\/etako.sk\/eshop\/wp-json\/wp\/v2\/types\/product"}],"replies":[{"embeddable":true,"href":"https:\/\/etako.sk\/eshop\/wp-json\/wp\/v2\/comments?post=14398"}],"version-history":[{"count":0,"href":"https:\/\/etako.sk\/eshop\/wp-json\/wp\/v2\/product\/14398\/revisions"}],"wp:featuredmedia":[{"embeddable":true,"href":"https:\/\/etako.sk\/eshop\/wp-json\/wp\/v2\/media\/14399"}],"wp:attachment":[{"href":"https:\/\/etako.sk\/eshop\/wp-json\/wp\/v2\/media?parent=14398"}],"wp:term":[{"taxonomy":"product_brand","embeddable":true,"href":"https:\/\/etako.sk\/eshop\/wp-json\/wp\/v2\/product_brand?post=14398"},{"taxonomy":"product_cat","embeddable":true,"href":"https:\/\/etako.sk\/eshop\/wp-json\/wp\/v2\/product_cat?post=14398"},{"taxonomy":"product_tag","embeddable":true,"href":"https:\/\/etako.sk\/eshop\/wp-json\/wp\/v2\/product_tag?post=14398"}],"curies":[{"name":"wp","href":"https:\/\/api.w.org\/{rel}","templated":true}]}}