{"id":14318,"date":"2023-10-30T20:50:50","date_gmt":"2023-10-30T18:50:50","guid":{"rendered":"https:\/\/etako.sk\/eshop\/?post_type=product&#038;p=14318"},"modified":"2023-10-30T20:50:50","modified_gmt":"2023-10-30T18:50:50","slug":"innogio-prenosna-silikonova-lampicka-dog","status":"publish","type":"product","link":"https:\/\/etako.sk\/eshop\/produkt\/innogio-prenosna-silikonova-lampicka-dog\/","title":{"rendered":"Innogio Prenosn\u00e1 silik\u00f3nov\u00e1 lampi\u010dka &#8211; Dog"},"content":{"rendered":"<p>Prenosn\u00e1 silik\u00f3nov\u00e1 lampi\u010dka.<\/p>\n<p>M\u00e4kk\u00fd materi\u00e1l, z ktor\u00e9ho bola lampa vyroben\u00e1, zais\u0165uje bezpe\u010dnos\u0165 pou\u017eitia aj pre najmen\u0161ie deti. Na druh\u00fa stranu zmena farieb dotykom lampy rukou zaist\u00ed skvel\u00fa z\u00e1bavu nielen po\u010das ve\u010dern\u00e9ho ritu\u00e1lu zasp\u00e1vanie.<\/p>\n<p>Vlastnosti:<\/p>\n<p>&#8211; pou\u017eitie na jedno nabitie: a\u017e 10 hod\u00edn,<br \/>\n&#8211; 3 sveteln\u00e9 re\u017eimy,<br \/>\n&#8211; svieti v 8 farb\u00e1ch, men\u00ed farbu postupne ka\u017ed\u00e9 3 sekundy,<br \/>\n&#8211; nap\u00e1janie: k\u00e1bel micro USB (s\u00fa\u010das\u0165ou balenia),<br \/>\n&#8211; nab\u00edjacie nap\u00e4tie: 220-240V,<br \/>\n-Bat\u00e9ria: l\u00edtium-i\u00f3nov\u00e1 s kapacitou 1 000 mAh,<br \/>\n&#8211; kapacita bat\u00e9rie: 1200 mAh,<br \/>\n&#8211; materi\u00e1l: bezpe\u010dn\u00fd silik\u00f3n,<br \/>\n&#8211; typ svetla: LED,<br \/>\n&#8211; maxim\u00e1lny v\u00fdkon: 1,5 W,<br \/>\ntyp prep\u00edna\u010da: dotyk.<br \/>\nAutomatick\u00e9 vypnutie po 1 hodine.<\/p>\n<p>Rozmery: 10 x 11 x v\u00fd\u0161ka 14 cm.<\/p>\n","protected":false},"excerpt":{"rendered":"<p>Prenosn\u00e1 silik\u00f3nov\u00e1 lampi\u010dka. M\u00e4kk\u00fd materi\u00e1l, z ktor\u00e9ho bola lampa vyroben\u00e1, zais\u0165uje bezpe\u010dnos\u0165 pou\u017eitia aj pre najmen\u0161ie deti. Na druh\u00fa stranu<\/p>\n","protected":false},"featured_media":14319,"comment_status":"closed","ping_status":"closed","template":"","meta":{"jetpack_publicize_message":"","jetpack_publicize_feature_enabled":true,"jetpack_social_post_already_shared":false,"jetpack_social_options":{"image_generator_settings":{"template":"highway","enabled":false},"version":2}},"product_brand":[],"product_cat":[259,476],"product_tag":[],"class_list":{"0":"post-14318","1":"product","2":"type-product","3":"status-publish","4":"has-post-thumbnail","6":"product_cat-elektro-tovar","7":"product_cat-lampicky-lustre","8":"product_shipping_class-standard","10":"","11":"instock","12":"taxable","13":"shipping-taxable","14":"purchasable","15":"product-type-simple"},"jetpack_publicize_connections":[],"yoast_head":"<!-- This site is optimized with the Yoast SEO plugin v25.6 - https:\/\/yoast.com\/wordpress\/plugins\/seo\/ -->\n<title>Innogio Prenosn\u00e1 silik\u00f3nov\u00e1 lampi\u010dka - Dog - ETAKO e-shop<\/title>\n<meta name=\"robots\" content=\"index, follow, max-snippet:-1, max-image-preview:large, max-video-preview:-1\" \/>\n<link rel=\"canonical\" href=\"https:\/\/etako.sk\/eshop\/produkt\/innogio-prenosna-silikonova-lampicka-dog\/\" \/>\n<meta name=\"twitter:card\" content=\"summary_large_image\" \/>\n<meta name=\"twitter:title\" content=\"Innogio Prenosn\u00e1 silik\u00f3nov\u00e1 lampi\u010dka - Dog - ETAKO e-shop\" \/>\n<meta name=\"twitter:description\" content=\"Prenosn\u00e1 silik\u00f3nov\u00e1 lampi\u010dka. M\u00e4kk\u00fd materi\u00e1l, z ktor\u00e9ho bola lampa vyroben\u00e1, zais\u0165uje bezpe\u010dnos\u0165 pou\u017eitia aj pre najmen\u0161ie deti. Na druh\u00fa stranu\" \/>\n<meta name=\"twitter:image\" content=\"https:\/\/i0.wp.com\/etako.sk\/eshop\/wp-content\/uploads\/2023\/10\/ecLLYMji9jY_s460xn.jpg?fit=440%2C360&ssl=1\" \/>\n<meta name=\"twitter:label1\" content=\"Predpokladan\u00fd \u010das \u010d\u00edtania\" \/>\n\t<meta name=\"twitter:data1\" content=\"1 min\u00fata\" \/>\n<script type=\"application\/ld+json\" class=\"yoast-schema-graph\">{\"@context\":\"https:\/\/schema.org\",\"@graph\":[{\"@type\":\"WebPage\",\"@id\":\"https:\/\/etako.sk\/eshop\/produkt\/innogio-prenosna-silikonova-lampicka-dog\/\",\"url\":\"https:\/\/etako.sk\/eshop\/produkt\/innogio-prenosna-silikonova-lampicka-dog\/\",\"name\":\"Innogio Prenosn\u00e1 silik\u00f3nov\u00e1 lampi\u010dka - Dog - ETAKO e-shop\",\"isPartOf\":{\"@id\":\"https:\/\/etako.sk\/eshop\/#website\"},\"primaryImageOfPage\":{\"@id\":\"https:\/\/etako.sk\/eshop\/produkt\/innogio-prenosna-silikonova-lampicka-dog\/#primaryimage\"},\"image\":{\"@id\":\"https:\/\/etako.sk\/eshop\/produkt\/innogio-prenosna-silikonova-lampicka-dog\/#primaryimage\"},\"thumbnailUrl\":\"https:\/\/i0.wp.com\/etako.sk\/eshop\/wp-content\/uploads\/2023\/10\/ecLLYMji9jY_s460xn.jpg?fit=440%2C360&ssl=1\",\"datePublished\":\"2023-10-30T18:50:50+00:00\",\"breadcrumb\":{\"@id\":\"https:\/\/etako.sk\/eshop\/produkt\/innogio-prenosna-silikonova-lampicka-dog\/#breadcrumb\"},\"inLanguage\":\"sk-SK\",\"potentialAction\":[{\"@type\":\"ReadAction\",\"target\":[\"https:\/\/etako.sk\/eshop\/produkt\/innogio-prenosna-silikonova-lampicka-dog\/\"]}]},{\"@type\":\"ImageObject\",\"inLanguage\":\"sk-SK\",\"@id\":\"https:\/\/etako.sk\/eshop\/produkt\/innogio-prenosna-silikonova-lampicka-dog\/#primaryimage\",\"url\":\"https:\/\/i0.wp.com\/etako.sk\/eshop\/wp-content\/uploads\/2023\/10\/ecLLYMji9jY_s460xn.jpg?fit=440%2C360&ssl=1\",\"contentUrl\":\"https:\/\/i0.wp.com\/etako.sk\/eshop\/wp-content\/uploads\/2023\/10\/ecLLYMji9jY_s460xn.jpg?fit=440%2C360&ssl=1\",\"width\":440,\"height\":360},{\"@type\":\"BreadcrumbList\",\"@id\":\"https:\/\/etako.sk\/eshop\/produkt\/innogio-prenosna-silikonova-lampicka-dog\/#breadcrumb\",\"itemListElement\":[{\"@type\":\"ListItem\",\"position\":1,\"name\":\"Domovsk\u00e1 str\u00e1nka\",\"item\":\"https:\/\/etako.sk\/eshop\/\"},{\"@type\":\"ListItem\",\"position\":2,\"name\":\"Obchod\",\"item\":\"https:\/\/etako.sk\/eshop\/shop\/\"},{\"@type\":\"ListItem\",\"position\":3,\"name\":\"Innogio Prenosn\u00e1 silik\u00f3nov\u00e1 lampi\u010dka &#8211; Dog\"}]},{\"@type\":\"WebSite\",\"@id\":\"https:\/\/etako.sk\/eshop\/#website\",\"url\":\"https:\/\/etako.sk\/eshop\/\",\"name\":\"ETAKO e-shop\",\"description\":\"Etako\",\"potentialAction\":[{\"@type\":\"SearchAction\",\"target\":{\"@type\":\"EntryPoint\",\"urlTemplate\":\"https:\/\/etako.sk\/eshop\/?s={search_term_string}\"},\"query-input\":{\"@type\":\"PropertyValueSpecification\",\"valueRequired\":true,\"valueName\":\"search_term_string\"}}],\"inLanguage\":\"sk-SK\"}]}<\/script>\n<!-- \/ Yoast SEO plugin. -->","yoast_head_json":{"title":"Innogio Prenosn\u00e1 silik\u00f3nov\u00e1 lampi\u010dka - Dog - ETAKO e-shop","robots":{"index":"index","follow":"follow","max-snippet":"max-snippet:-1","max-image-preview":"max-image-preview:large","max-video-preview":"max-video-preview:-1"},"canonical":"https:\/\/etako.sk\/eshop\/produkt\/innogio-prenosna-silikonova-lampicka-dog\/","twitter_card":"summary_large_image","twitter_title":"Innogio Prenosn\u00e1 silik\u00f3nov\u00e1 lampi\u010dka - Dog - ETAKO e-shop","twitter_description":"Prenosn\u00e1 silik\u00f3nov\u00e1 lampi\u010dka. M\u00e4kk\u00fd materi\u00e1l, z ktor\u00e9ho bola lampa vyroben\u00e1, zais\u0165uje bezpe\u010dnos\u0165 pou\u017eitia aj pre najmen\u0161ie deti. Na druh\u00fa stranu","twitter_image":"https:\/\/i0.wp.com\/etako.sk\/eshop\/wp-content\/uploads\/2023\/10\/ecLLYMji9jY_s460xn.jpg?fit=440%2C360&ssl=1","twitter_misc":{"Predpokladan\u00fd \u010das \u010d\u00edtania":"1 min\u00fata"},"schema":{"@context":"https:\/\/schema.org","@graph":[{"@type":"WebPage","@id":"https:\/\/etako.sk\/eshop\/produkt\/innogio-prenosna-silikonova-lampicka-dog\/","url":"https:\/\/etako.sk\/eshop\/produkt\/innogio-prenosna-silikonova-lampicka-dog\/","name":"Innogio Prenosn\u00e1 silik\u00f3nov\u00e1 lampi\u010dka - Dog - ETAKO e-shop","isPartOf":{"@id":"https:\/\/etako.sk\/eshop\/#website"},"primaryImageOfPage":{"@id":"https:\/\/etako.sk\/eshop\/produkt\/innogio-prenosna-silikonova-lampicka-dog\/#primaryimage"},"image":{"@id":"https:\/\/etako.sk\/eshop\/produkt\/innogio-prenosna-silikonova-lampicka-dog\/#primaryimage"},"thumbnailUrl":"https:\/\/i0.wp.com\/etako.sk\/eshop\/wp-content\/uploads\/2023\/10\/ecLLYMji9jY_s460xn.jpg?fit=440%2C360&ssl=1","datePublished":"2023-10-30T18:50:50+00:00","breadcrumb":{"@id":"https:\/\/etako.sk\/eshop\/produkt\/innogio-prenosna-silikonova-lampicka-dog\/#breadcrumb"},"inLanguage":"sk-SK","potentialAction":[{"@type":"ReadAction","target":["https:\/\/etako.sk\/eshop\/produkt\/innogio-prenosna-silikonova-lampicka-dog\/"]}]},{"@type":"ImageObject","inLanguage":"sk-SK","@id":"https:\/\/etako.sk\/eshop\/produkt\/innogio-prenosna-silikonova-lampicka-dog\/#primaryimage","url":"https:\/\/i0.wp.com\/etako.sk\/eshop\/wp-content\/uploads\/2023\/10\/ecLLYMji9jY_s460xn.jpg?fit=440%2C360&ssl=1","contentUrl":"https:\/\/i0.wp.com\/etako.sk\/eshop\/wp-content\/uploads\/2023\/10\/ecLLYMji9jY_s460xn.jpg?fit=440%2C360&ssl=1","width":440,"height":360},{"@type":"BreadcrumbList","@id":"https:\/\/etako.sk\/eshop\/produkt\/innogio-prenosna-silikonova-lampicka-dog\/#breadcrumb","itemListElement":[{"@type":"ListItem","position":1,"name":"Domovsk\u00e1 str\u00e1nka","item":"https:\/\/etako.sk\/eshop\/"},{"@type":"ListItem","position":2,"name":"Obchod","item":"https:\/\/etako.sk\/eshop\/shop\/"},{"@type":"ListItem","position":3,"name":"Innogio Prenosn\u00e1 silik\u00f3nov\u00e1 lampi\u010dka &#8211; Dog"}]},{"@type":"WebSite","@id":"https:\/\/etako.sk\/eshop\/#website","url":"https:\/\/etako.sk\/eshop\/","name":"ETAKO e-shop","description":"Etako","potentialAction":[{"@type":"SearchAction","target":{"@type":"EntryPoint","urlTemplate":"https:\/\/etako.sk\/eshop\/?s={search_term_string}"},"query-input":{"@type":"PropertyValueSpecification","valueRequired":true,"valueName":"search_term_string"}}],"inLanguage":"sk-SK"}]}},"jetpack_sharing_enabled":true,"_links":{"self":[{"href":"https:\/\/etako.sk\/eshop\/wp-json\/wp\/v2\/product\/14318","targetHints":{"allow":["GET"]}}],"collection":[{"href":"https:\/\/etako.sk\/eshop\/wp-json\/wp\/v2\/product"}],"about":[{"href":"https:\/\/etako.sk\/eshop\/wp-json\/wp\/v2\/types\/product"}],"replies":[{"embeddable":true,"href":"https:\/\/etako.sk\/eshop\/wp-json\/wp\/v2\/comments?post=14318"}],"version-history":[{"count":0,"href":"https:\/\/etako.sk\/eshop\/wp-json\/wp\/v2\/product\/14318\/revisions"}],"wp:featuredmedia":[{"embeddable":true,"href":"https:\/\/etako.sk\/eshop\/wp-json\/wp\/v2\/media\/14319"}],"wp:attachment":[{"href":"https:\/\/etako.sk\/eshop\/wp-json\/wp\/v2\/media?parent=14318"}],"wp:term":[{"taxonomy":"product_brand","embeddable":true,"href":"https:\/\/etako.sk\/eshop\/wp-json\/wp\/v2\/product_brand?post=14318"},{"taxonomy":"product_cat","embeddable":true,"href":"https:\/\/etako.sk\/eshop\/wp-json\/wp\/v2\/product_cat?post=14318"},{"taxonomy":"product_tag","embeddable":true,"href":"https:\/\/etako.sk\/eshop\/wp-json\/wp\/v2\/product_tag?post=14318"}],"curies":[{"name":"wp","href":"https:\/\/api.w.org\/{rel}","templated":true}]}}