{"id":14285,"date":"2023-10-30T12:29:26","date_gmt":"2023-10-30T10:29:26","guid":{"rendered":"https:\/\/etako.sk\/eshop\/produkt\/vlocka-svietiaca-v-tme\/"},"modified":"2023-10-30T16:59:56","modified_gmt":"2023-10-30T14:59:56","slug":"vlocka-svietiaca-v-tme","status":"publish","type":"product","link":"https:\/\/etako.sk\/eshop\/produkt\/vlocka-svietiaca-v-tme\/","title":{"rendered":"Vlo\u010dka svietiaca v tme"},"content":{"rendered":"<p>3D viano\u010dn\u00e1 vlo\u010dka. 3D tla\u010d<\/p>\n<p>recyklovateln\u00fd materi\u00e1l<\/p>\n<p>mo\u017en\u00e9 doda\u0165 aj viac kusov<\/p>\n","protected":false},"excerpt":{"rendered":"<p>3D viano\u010dn\u00e1 vlo\u010dka. 3D tla\u010d recyklovateln\u00fd materi\u00e1l mo\u017en\u00e9 doda\u0165 aj viac kusov<\/p>\n","protected":false},"featured_media":14283,"comment_status":"open","ping_status":"closed","template":"","meta":{"jetpack_publicize_message":"","jetpack_publicize_feature_enabled":true,"jetpack_social_post_already_shared":false,"jetpack_social_options":{"image_generator_settings":{"template":"highway","enabled":false},"version":2}},"product_brand":[],"product_cat":[668,642,604],"product_tag":[],"class_list":{"0":"post-14285","1":"product","2":"type-product","3":"status-publish","4":"has-post-thumbnail","6":"product_cat-3d-vyrobky","7":"product_cat-mikulas-a-vianoce","8":"product_cat-vlastna-vyroba-hand-made","9":"product_shipping_class-standard","11":"","12":"instock","13":"taxable","14":"shipping-taxable","15":"purchasable","16":"product-type-simple"},"jetpack_publicize_connections":[],"yoast_head":"<!-- This site is optimized with the Yoast SEO plugin v25.6 - https:\/\/yoast.com\/wordpress\/plugins\/seo\/ -->\n<title>Vlo\u010dka svietiaca v tme - ETAKO e-shop<\/title>\n<meta name=\"robots\" content=\"index, follow, max-snippet:-1, max-image-preview:large, max-video-preview:-1\" \/>\n<link rel=\"canonical\" href=\"https:\/\/etako.sk\/eshop\/produkt\/vlocka-svietiaca-v-tme\/\" \/>\n<meta name=\"twitter:card\" content=\"summary_large_image\" \/>\n<meta name=\"twitter:title\" content=\"Vlo\u010dka svietiaca v tme - ETAKO e-shop\" \/>\n<meta name=\"twitter:description\" content=\"3D viano\u010dn\u00e1 vlo\u010dka. 3D tla\u010d recyklovateln\u00fd materi\u00e1l mo\u017en\u00e9 doda\u0165 aj viac kusov\" \/>\n<script type=\"application\/ld+json\" class=\"yoast-schema-graph\">{\"@context\":\"https:\/\/schema.org\",\"@graph\":[{\"@type\":\"WebPage\",\"@id\":\"https:\/\/etako.sk\/eshop\/produkt\/vlocka-svietiaca-v-tme\/\",\"url\":\"https:\/\/etako.sk\/eshop\/produkt\/vlocka-svietiaca-v-tme\/\",\"name\":\"Vlo\u010dka svietiaca v tme - ETAKO e-shop\",\"isPartOf\":{\"@id\":\"https:\/\/etako.sk\/eshop\/#website\"},\"primaryImageOfPage\":{\"@id\":\"https:\/\/etako.sk\/eshop\/produkt\/vlocka-svietiaca-v-tme\/#primaryimage\"},\"image\":{\"@id\":\"https:\/\/etako.sk\/eshop\/produkt\/vlocka-svietiaca-v-tme\/#primaryimage\"},\"thumbnailUrl\":\"https:\/\/i0.wp.com\/etako.sk\/eshop\/wp-content\/uploads\/2023\/10\/1000013897-scaled.jpg?fit=1920%2C2560&ssl=1\",\"datePublished\":\"2023-10-30T10:29:26+00:00\",\"dateModified\":\"2023-10-30T14:59:56+00:00\",\"breadcrumb\":{\"@id\":\"https:\/\/etako.sk\/eshop\/produkt\/vlocka-svietiaca-v-tme\/#breadcrumb\"},\"inLanguage\":\"sk-SK\",\"potentialAction\":[{\"@type\":\"ReadAction\",\"target\":[\"https:\/\/etako.sk\/eshop\/produkt\/vlocka-svietiaca-v-tme\/\"]}]},{\"@type\":\"ImageObject\",\"inLanguage\":\"sk-SK\",\"@id\":\"https:\/\/etako.sk\/eshop\/produkt\/vlocka-svietiaca-v-tme\/#primaryimage\",\"url\":\"https:\/\/i0.wp.com\/etako.sk\/eshop\/wp-content\/uploads\/2023\/10\/1000013897-scaled.jpg?fit=1920%2C2560&ssl=1\",\"contentUrl\":\"https:\/\/i0.wp.com\/etako.sk\/eshop\/wp-content\/uploads\/2023\/10\/1000013897-scaled.jpg?fit=1920%2C2560&ssl=1\",\"width\":1920,\"height\":2560},{\"@type\":\"BreadcrumbList\",\"@id\":\"https:\/\/etako.sk\/eshop\/produkt\/vlocka-svietiaca-v-tme\/#breadcrumb\",\"itemListElement\":[{\"@type\":\"ListItem\",\"position\":1,\"name\":\"Domovsk\u00e1 str\u00e1nka\",\"item\":\"https:\/\/etako.sk\/eshop\/\"},{\"@type\":\"ListItem\",\"position\":2,\"name\":\"Obchod\",\"item\":\"https:\/\/etako.sk\/eshop\/shop\/\"},{\"@type\":\"ListItem\",\"position\":3,\"name\":\"Vlo\u010dka svietiaca v tme\"}]},{\"@type\":\"WebSite\",\"@id\":\"https:\/\/etako.sk\/eshop\/#website\",\"url\":\"https:\/\/etako.sk\/eshop\/\",\"name\":\"ETAKO e-shop\",\"description\":\"Etako\",\"potentialAction\":[{\"@type\":\"SearchAction\",\"target\":{\"@type\":\"EntryPoint\",\"urlTemplate\":\"https:\/\/etako.sk\/eshop\/?s={search_term_string}\"},\"query-input\":{\"@type\":\"PropertyValueSpecification\",\"valueRequired\":true,\"valueName\":\"search_term_string\"}}],\"inLanguage\":\"sk-SK\"}]}<\/script>\n<!-- \/ Yoast SEO plugin. -->","yoast_head_json":{"title":"Vlo\u010dka svietiaca v tme - ETAKO e-shop","robots":{"index":"index","follow":"follow","max-snippet":"max-snippet:-1","max-image-preview":"max-image-preview:large","max-video-preview":"max-video-preview:-1"},"canonical":"https:\/\/etako.sk\/eshop\/produkt\/vlocka-svietiaca-v-tme\/","twitter_card":"summary_large_image","twitter_title":"Vlo\u010dka svietiaca v tme - ETAKO e-shop","twitter_description":"3D viano\u010dn\u00e1 vlo\u010dka. 3D tla\u010d recyklovateln\u00fd materi\u00e1l mo\u017en\u00e9 doda\u0165 aj viac kusov","schema":{"@context":"https:\/\/schema.org","@graph":[{"@type":"WebPage","@id":"https:\/\/etako.sk\/eshop\/produkt\/vlocka-svietiaca-v-tme\/","url":"https:\/\/etako.sk\/eshop\/produkt\/vlocka-svietiaca-v-tme\/","name":"Vlo\u010dka svietiaca v tme - ETAKO e-shop","isPartOf":{"@id":"https:\/\/etako.sk\/eshop\/#website"},"primaryImageOfPage":{"@id":"https:\/\/etako.sk\/eshop\/produkt\/vlocka-svietiaca-v-tme\/#primaryimage"},"image":{"@id":"https:\/\/etako.sk\/eshop\/produkt\/vlocka-svietiaca-v-tme\/#primaryimage"},"thumbnailUrl":"https:\/\/i0.wp.com\/etako.sk\/eshop\/wp-content\/uploads\/2023\/10\/1000013897-scaled.jpg?fit=1920%2C2560&ssl=1","datePublished":"2023-10-30T10:29:26+00:00","dateModified":"2023-10-30T14:59:56+00:00","breadcrumb":{"@id":"https:\/\/etako.sk\/eshop\/produkt\/vlocka-svietiaca-v-tme\/#breadcrumb"},"inLanguage":"sk-SK","potentialAction":[{"@type":"ReadAction","target":["https:\/\/etako.sk\/eshop\/produkt\/vlocka-svietiaca-v-tme\/"]}]},{"@type":"ImageObject","inLanguage":"sk-SK","@id":"https:\/\/etako.sk\/eshop\/produkt\/vlocka-svietiaca-v-tme\/#primaryimage","url":"https:\/\/i0.wp.com\/etako.sk\/eshop\/wp-content\/uploads\/2023\/10\/1000013897-scaled.jpg?fit=1920%2C2560&ssl=1","contentUrl":"https:\/\/i0.wp.com\/etako.sk\/eshop\/wp-content\/uploads\/2023\/10\/1000013897-scaled.jpg?fit=1920%2C2560&ssl=1","width":1920,"height":2560},{"@type":"BreadcrumbList","@id":"https:\/\/etako.sk\/eshop\/produkt\/vlocka-svietiaca-v-tme\/#breadcrumb","itemListElement":[{"@type":"ListItem","position":1,"name":"Domovsk\u00e1 str\u00e1nka","item":"https:\/\/etako.sk\/eshop\/"},{"@type":"ListItem","position":2,"name":"Obchod","item":"https:\/\/etako.sk\/eshop\/shop\/"},{"@type":"ListItem","position":3,"name":"Vlo\u010dka svietiaca v tme"}]},{"@type":"WebSite","@id":"https:\/\/etako.sk\/eshop\/#website","url":"https:\/\/etako.sk\/eshop\/","name":"ETAKO e-shop","description":"Etako","potentialAction":[{"@type":"SearchAction","target":{"@type":"EntryPoint","urlTemplate":"https:\/\/etako.sk\/eshop\/?s={search_term_string}"},"query-input":{"@type":"PropertyValueSpecification","valueRequired":true,"valueName":"search_term_string"}}],"inLanguage":"sk-SK"}]}},"jetpack_sharing_enabled":true,"_links":{"self":[{"href":"https:\/\/etako.sk\/eshop\/wp-json\/wp\/v2\/product\/14285","targetHints":{"allow":["GET"]}}],"collection":[{"href":"https:\/\/etako.sk\/eshop\/wp-json\/wp\/v2\/product"}],"about":[{"href":"https:\/\/etako.sk\/eshop\/wp-json\/wp\/v2\/types\/product"}],"replies":[{"embeddable":true,"href":"https:\/\/etako.sk\/eshop\/wp-json\/wp\/v2\/comments?post=14285"}],"version-history":[{"count":0,"href":"https:\/\/etako.sk\/eshop\/wp-json\/wp\/v2\/product\/14285\/revisions"}],"wp:featuredmedia":[{"embeddable":true,"href":"https:\/\/etako.sk\/eshop\/wp-json\/wp\/v2\/media\/14283"}],"wp:attachment":[{"href":"https:\/\/etako.sk\/eshop\/wp-json\/wp\/v2\/media?parent=14285"}],"wp:term":[{"taxonomy":"product_brand","embeddable":true,"href":"https:\/\/etako.sk\/eshop\/wp-json\/wp\/v2\/product_brand?post=14285"},{"taxonomy":"product_cat","embeddable":true,"href":"https:\/\/etako.sk\/eshop\/wp-json\/wp\/v2\/product_cat?post=14285"},{"taxonomy":"product_tag","embeddable":true,"href":"https:\/\/etako.sk\/eshop\/wp-json\/wp\/v2\/product_tag?post=14285"}],"curies":[{"name":"wp","href":"https:\/\/api.w.org\/{rel}","templated":true}]}}