{"id":14281,"date":"2023-10-30T12:19:53","date_gmt":"2023-10-30T10:19:53","guid":{"rendered":"https:\/\/etako.sk\/eshop\/produkt\/klucenka-duch\/"},"modified":"2023-10-30T16:59:41","modified_gmt":"2023-10-30T14:59:41","slug":"klucenka-duch","status":"publish","type":"product","link":"https:\/\/etako.sk\/eshop\/produkt\/klucenka-duch\/","title":{"rendered":"K\u013e\u00fa\u010denka Duch"},"content":{"rendered":"<p>K\u013e\u00fa\u010denka Duch svietiaca v tme.3D tla\u010d. Recyklovatelny materi\u00e1l.<\/p>\n","protected":false},"excerpt":{"rendered":"<p>K\u013e\u00fa\u010denka Duch svietiaca v tme.3D tla\u010d. Recyklovatelny materi\u00e1l.<\/p>\n","protected":false},"featured_media":14280,"comment_status":"open","ping_status":"closed","template":"","meta":{"jetpack_publicize_message":"","jetpack_publicize_feature_enabled":true,"jetpack_social_post_already_shared":false,"jetpack_social_options":{"image_generator_settings":{"template":"highway","enabled":false},"version":2}},"product_brand":[],"product_cat":[668,604],"product_tag":[],"class_list":{"0":"post-14281","1":"product","2":"type-product","3":"status-publish","4":"has-post-thumbnail","6":"product_cat-3d-vyrobky","7":"product_cat-vlastna-vyroba-hand-made","8":"product_shipping_class-standard","10":"","11":"instock","12":"taxable","13":"shipping-taxable","14":"purchasable","15":"product-type-simple"},"jetpack_publicize_connections":[],"yoast_head":"<!-- This site is optimized with the Yoast SEO plugin v25.6 - https:\/\/yoast.com\/wordpress\/plugins\/seo\/ -->\n<title>K\u013e\u00fa\u010denka Duch - ETAKO e-shop<\/title>\n<meta name=\"robots\" content=\"index, follow, max-snippet:-1, max-image-preview:large, max-video-preview:-1\" \/>\n<link rel=\"canonical\" href=\"https:\/\/etako.sk\/eshop\/produkt\/klucenka-duch\/\" \/>\n<meta name=\"twitter:card\" content=\"summary_large_image\" \/>\n<meta name=\"twitter:title\" content=\"K\u013e\u00fa\u010denka Duch - ETAKO e-shop\" \/>\n<meta name=\"twitter:description\" content=\"K\u013e\u00fa\u010denka Duch svietiaca v tme.3D tla\u010d. Recyklovatelny materi\u00e1l.\" \/>\n<script type=\"application\/ld+json\" class=\"yoast-schema-graph\">{\"@context\":\"https:\/\/schema.org\",\"@graph\":[{\"@type\":\"WebPage\",\"@id\":\"https:\/\/etako.sk\/eshop\/produkt\/klucenka-duch\/\",\"url\":\"https:\/\/etako.sk\/eshop\/produkt\/klucenka-duch\/\",\"name\":\"K\u013e\u00fa\u010denka Duch - ETAKO e-shop\",\"isPartOf\":{\"@id\":\"https:\/\/etako.sk\/eshop\/#website\"},\"primaryImageOfPage\":{\"@id\":\"https:\/\/etako.sk\/eshop\/produkt\/klucenka-duch\/#primaryimage\"},\"image\":{\"@id\":\"https:\/\/etako.sk\/eshop\/produkt\/klucenka-duch\/#primaryimage\"},\"thumbnailUrl\":\"https:\/\/i0.wp.com\/etako.sk\/eshop\/wp-content\/uploads\/2023\/10\/1000013903-scaled.jpg?fit=1920%2C2560&ssl=1\",\"datePublished\":\"2023-10-30T10:19:53+00:00\",\"dateModified\":\"2023-10-30T14:59:41+00:00\",\"breadcrumb\":{\"@id\":\"https:\/\/etako.sk\/eshop\/produkt\/klucenka-duch\/#breadcrumb\"},\"inLanguage\":\"sk-SK\",\"potentialAction\":[{\"@type\":\"ReadAction\",\"target\":[\"https:\/\/etako.sk\/eshop\/produkt\/klucenka-duch\/\"]}]},{\"@type\":\"ImageObject\",\"inLanguage\":\"sk-SK\",\"@id\":\"https:\/\/etako.sk\/eshop\/produkt\/klucenka-duch\/#primaryimage\",\"url\":\"https:\/\/i0.wp.com\/etako.sk\/eshop\/wp-content\/uploads\/2023\/10\/1000013903-scaled.jpg?fit=1920%2C2560&ssl=1\",\"contentUrl\":\"https:\/\/i0.wp.com\/etako.sk\/eshop\/wp-content\/uploads\/2023\/10\/1000013903-scaled.jpg?fit=1920%2C2560&ssl=1\",\"width\":1920,\"height\":2560},{\"@type\":\"BreadcrumbList\",\"@id\":\"https:\/\/etako.sk\/eshop\/produkt\/klucenka-duch\/#breadcrumb\",\"itemListElement\":[{\"@type\":\"ListItem\",\"position\":1,\"name\":\"Domovsk\u00e1 str\u00e1nka\",\"item\":\"https:\/\/etako.sk\/eshop\/\"},{\"@type\":\"ListItem\",\"position\":2,\"name\":\"Obchod\",\"item\":\"https:\/\/etako.sk\/eshop\/shop\/\"},{\"@type\":\"ListItem\",\"position\":3,\"name\":\"K\u013e\u00fa\u010denka Duch\"}]},{\"@type\":\"WebSite\",\"@id\":\"https:\/\/etako.sk\/eshop\/#website\",\"url\":\"https:\/\/etako.sk\/eshop\/\",\"name\":\"ETAKO e-shop\",\"description\":\"Etako\",\"potentialAction\":[{\"@type\":\"SearchAction\",\"target\":{\"@type\":\"EntryPoint\",\"urlTemplate\":\"https:\/\/etako.sk\/eshop\/?s={search_term_string}\"},\"query-input\":{\"@type\":\"PropertyValueSpecification\",\"valueRequired\":true,\"valueName\":\"search_term_string\"}}],\"inLanguage\":\"sk-SK\"}]}<\/script>\n<!-- \/ Yoast SEO plugin. -->","yoast_head_json":{"title":"K\u013e\u00fa\u010denka Duch - ETAKO e-shop","robots":{"index":"index","follow":"follow","max-snippet":"max-snippet:-1","max-image-preview":"max-image-preview:large","max-video-preview":"max-video-preview:-1"},"canonical":"https:\/\/etako.sk\/eshop\/produkt\/klucenka-duch\/","twitter_card":"summary_large_image","twitter_title":"K\u013e\u00fa\u010denka Duch - ETAKO e-shop","twitter_description":"K\u013e\u00fa\u010denka Duch svietiaca v tme.3D tla\u010d. Recyklovatelny materi\u00e1l.","schema":{"@context":"https:\/\/schema.org","@graph":[{"@type":"WebPage","@id":"https:\/\/etako.sk\/eshop\/produkt\/klucenka-duch\/","url":"https:\/\/etako.sk\/eshop\/produkt\/klucenka-duch\/","name":"K\u013e\u00fa\u010denka Duch - ETAKO e-shop","isPartOf":{"@id":"https:\/\/etako.sk\/eshop\/#website"},"primaryImageOfPage":{"@id":"https:\/\/etako.sk\/eshop\/produkt\/klucenka-duch\/#primaryimage"},"image":{"@id":"https:\/\/etako.sk\/eshop\/produkt\/klucenka-duch\/#primaryimage"},"thumbnailUrl":"https:\/\/i0.wp.com\/etako.sk\/eshop\/wp-content\/uploads\/2023\/10\/1000013903-scaled.jpg?fit=1920%2C2560&ssl=1","datePublished":"2023-10-30T10:19:53+00:00","dateModified":"2023-10-30T14:59:41+00:00","breadcrumb":{"@id":"https:\/\/etako.sk\/eshop\/produkt\/klucenka-duch\/#breadcrumb"},"inLanguage":"sk-SK","potentialAction":[{"@type":"ReadAction","target":["https:\/\/etako.sk\/eshop\/produkt\/klucenka-duch\/"]}]},{"@type":"ImageObject","inLanguage":"sk-SK","@id":"https:\/\/etako.sk\/eshop\/produkt\/klucenka-duch\/#primaryimage","url":"https:\/\/i0.wp.com\/etako.sk\/eshop\/wp-content\/uploads\/2023\/10\/1000013903-scaled.jpg?fit=1920%2C2560&ssl=1","contentUrl":"https:\/\/i0.wp.com\/etako.sk\/eshop\/wp-content\/uploads\/2023\/10\/1000013903-scaled.jpg?fit=1920%2C2560&ssl=1","width":1920,"height":2560},{"@type":"BreadcrumbList","@id":"https:\/\/etako.sk\/eshop\/produkt\/klucenka-duch\/#breadcrumb","itemListElement":[{"@type":"ListItem","position":1,"name":"Domovsk\u00e1 str\u00e1nka","item":"https:\/\/etako.sk\/eshop\/"},{"@type":"ListItem","position":2,"name":"Obchod","item":"https:\/\/etako.sk\/eshop\/shop\/"},{"@type":"ListItem","position":3,"name":"K\u013e\u00fa\u010denka Duch"}]},{"@type":"WebSite","@id":"https:\/\/etako.sk\/eshop\/#website","url":"https:\/\/etako.sk\/eshop\/","name":"ETAKO e-shop","description":"Etako","potentialAction":[{"@type":"SearchAction","target":{"@type":"EntryPoint","urlTemplate":"https:\/\/etako.sk\/eshop\/?s={search_term_string}"},"query-input":{"@type":"PropertyValueSpecification","valueRequired":true,"valueName":"search_term_string"}}],"inLanguage":"sk-SK"}]}},"jetpack_sharing_enabled":true,"_links":{"self":[{"href":"https:\/\/etako.sk\/eshop\/wp-json\/wp\/v2\/product\/14281","targetHints":{"allow":["GET"]}}],"collection":[{"href":"https:\/\/etako.sk\/eshop\/wp-json\/wp\/v2\/product"}],"about":[{"href":"https:\/\/etako.sk\/eshop\/wp-json\/wp\/v2\/types\/product"}],"replies":[{"embeddable":true,"href":"https:\/\/etako.sk\/eshop\/wp-json\/wp\/v2\/comments?post=14281"}],"version-history":[{"count":0,"href":"https:\/\/etako.sk\/eshop\/wp-json\/wp\/v2\/product\/14281\/revisions"}],"wp:featuredmedia":[{"embeddable":true,"href":"https:\/\/etako.sk\/eshop\/wp-json\/wp\/v2\/media\/14280"}],"wp:attachment":[{"href":"https:\/\/etako.sk\/eshop\/wp-json\/wp\/v2\/media?parent=14281"}],"wp:term":[{"taxonomy":"product_brand","embeddable":true,"href":"https:\/\/etako.sk\/eshop\/wp-json\/wp\/v2\/product_brand?post=14281"},{"taxonomy":"product_cat","embeddable":true,"href":"https:\/\/etako.sk\/eshop\/wp-json\/wp\/v2\/product_cat?post=14281"},{"taxonomy":"product_tag","embeddable":true,"href":"https:\/\/etako.sk\/eshop\/wp-json\/wp\/v2\/product_tag?post=14281"}],"curies":[{"name":"wp","href":"https:\/\/api.w.org\/{rel}","templated":true}]}}