{"id":13939,"date":"2023-10-23T20:17:16","date_gmt":"2023-10-23T18:17:16","guid":{"rendered":"https:\/\/etako.sk\/eshop\/?post_type=product&#038;p=13939"},"modified":"2026-01-05T15:41:42","modified_gmt":"2026-01-05T13:41:42","slug":"pancuchove-nohavice-minnie-920-704","status":"publish","type":"product","link":"https:\/\/etako.sk\/eshop\/produkt\/pancuchove-nohavice-minnie-920-704\/","title":{"rendered":"Pan\u010duchov\u00e9 nohavice Minnie 920-704"},"content":{"rendered":"<p>Materi\u00e1l: 70% bavlna, 22% polyester, 5% elastan, 3% polyamid<br \/>\nEAN:5999100307049<br \/>\nVe\u013ekosti:92-98- bledo ru\u017eov\u00e1, tmavo ru\u017eov\u00e1<\/p>\n<p>116-122 &#8211; bledo ru\u017eov\u00e1, tmavo ru\u017eov\u00e1<\/p>\n<p>Vyroben\u00e9 v \u010c\u00edne<\/p>\n","protected":false},"excerpt":{"rendered":"<p>Materi\u00e1l: 70% bavlna, 22% polyester, 5% elastan, 3% polyamid EAN:5999100307049 Ve\u013ekosti:92-98- bledo ru\u017eov\u00e1, tmavo ru\u017eov\u00e1 116-122 &#8211; bledo ru\u017eov\u00e1, tmavo<\/p>\n","protected":false},"featured_media":13940,"comment_status":"closed","ping_status":"closed","template":"","meta":{"jetpack_publicize_message":"","jetpack_publicize_feature_enabled":true,"jetpack_social_post_already_shared":false,"jetpack_social_options":{"image_generator_settings":{"template":"highway","enabled":false},"version":2}},"product_brand":[],"product_cat":[147,36],"product_tag":[],"class_list":{"0":"post-13939","1":"product","2":"type-product","3":"status-publish","4":"has-post-thumbnail","6":"product_cat-dievcata-velkost-od-0-10-rokov-50-140-cm","7":"product_cat-dievcata","8":"product_shipping_class-standard","9":"pa_farba-bleda-ruzova","10":"pa_farba-tmava-ruzova","11":"pa_velkost-92-98","12":"pa_velkost-116-122","14":"","15":"instock","16":"taxable","17":"shipping-taxable","18":"purchasable","19":"product-type-variable"},"jetpack_publicize_connections":[],"yoast_head":"<!-- This site is optimized with the Yoast SEO plugin v25.6 - https:\/\/yoast.com\/wordpress\/plugins\/seo\/ -->\n<title>Pan\u010duchov\u00e9 nohavice Minnie 920-704 - ETAKO e-shop<\/title>\n<meta name=\"robots\" content=\"index, follow, max-snippet:-1, max-image-preview:large, max-video-preview:-1\" \/>\n<link rel=\"canonical\" href=\"https:\/\/etako.sk\/eshop\/produkt\/pancuchove-nohavice-minnie-920-704\/\" \/>\n<meta name=\"twitter:card\" content=\"summary_large_image\" \/>\n<meta name=\"twitter:title\" content=\"Pan\u010duchov\u00e9 nohavice Minnie 920-704 - ETAKO e-shop\" \/>\n<meta name=\"twitter:description\" content=\"Materi\u00e1l: 70% bavlna, 22% polyester, 5% elastan, 3% polyamid EAN:5999100307049 Ve\u013ekosti:92-98- bledo ru\u017eov\u00e1, tmavo ru\u017eov\u00e1 116-122 &#8211; bledo ru\u017eov\u00e1, tmavo\" \/>\n<meta name=\"twitter:image\" content=\"https:\/\/i0.wp.com\/etako.sk\/eshop\/wp-content\/uploads\/2023\/10\/KBCz7wM1KKc_s460xn.jpg?fit=300%2C450&ssl=1\" \/>\n<meta name=\"twitter:label1\" content=\"Predpokladan\u00fd \u010das \u010d\u00edtania\" \/>\n\t<meta name=\"twitter:data1\" content=\"1 min\u00fata\" \/>\n<script type=\"application\/ld+json\" class=\"yoast-schema-graph\">{\"@context\":\"https:\/\/schema.org\",\"@graph\":[{\"@type\":\"WebPage\",\"@id\":\"https:\/\/etako.sk\/eshop\/produkt\/pancuchove-nohavice-minnie-920-704\/\",\"url\":\"https:\/\/etako.sk\/eshop\/produkt\/pancuchove-nohavice-minnie-920-704\/\",\"name\":\"Pan\u010duchov\u00e9 nohavice Minnie 920-704 - ETAKO e-shop\",\"isPartOf\":{\"@id\":\"https:\/\/etako.sk\/eshop\/#website\"},\"primaryImageOfPage\":{\"@id\":\"https:\/\/etako.sk\/eshop\/produkt\/pancuchove-nohavice-minnie-920-704\/#primaryimage\"},\"image\":{\"@id\":\"https:\/\/etako.sk\/eshop\/produkt\/pancuchove-nohavice-minnie-920-704\/#primaryimage\"},\"thumbnailUrl\":\"https:\/\/i0.wp.com\/etako.sk\/eshop\/wp-content\/uploads\/2023\/10\/KBCz7wM1KKc_s460xn.jpg?fit=300%2C450&ssl=1\",\"datePublished\":\"2023-10-23T18:17:16+00:00\",\"dateModified\":\"2026-01-05T13:41:42+00:00\",\"breadcrumb\":{\"@id\":\"https:\/\/etako.sk\/eshop\/produkt\/pancuchove-nohavice-minnie-920-704\/#breadcrumb\"},\"inLanguage\":\"sk-SK\",\"potentialAction\":[{\"@type\":\"ReadAction\",\"target\":[\"https:\/\/etako.sk\/eshop\/produkt\/pancuchove-nohavice-minnie-920-704\/\"]}]},{\"@type\":\"ImageObject\",\"inLanguage\":\"sk-SK\",\"@id\":\"https:\/\/etako.sk\/eshop\/produkt\/pancuchove-nohavice-minnie-920-704\/#primaryimage\",\"url\":\"https:\/\/i0.wp.com\/etako.sk\/eshop\/wp-content\/uploads\/2023\/10\/KBCz7wM1KKc_s460xn.jpg?fit=300%2C450&ssl=1\",\"contentUrl\":\"https:\/\/i0.wp.com\/etako.sk\/eshop\/wp-content\/uploads\/2023\/10\/KBCz7wM1KKc_s460xn.jpg?fit=300%2C450&ssl=1\",\"width\":300,\"height\":450},{\"@type\":\"BreadcrumbList\",\"@id\":\"https:\/\/etako.sk\/eshop\/produkt\/pancuchove-nohavice-minnie-920-704\/#breadcrumb\",\"itemListElement\":[{\"@type\":\"ListItem\",\"position\":1,\"name\":\"Domovsk\u00e1 str\u00e1nka\",\"item\":\"https:\/\/etako.sk\/eshop\/\"},{\"@type\":\"ListItem\",\"position\":2,\"name\":\"Obchod\",\"item\":\"https:\/\/etako.sk\/eshop\/shop\/\"},{\"@type\":\"ListItem\",\"position\":3,\"name\":\"Pan\u010duchov\u00e9 nohavice Minnie 920-704\"}]},{\"@type\":\"WebSite\",\"@id\":\"https:\/\/etako.sk\/eshop\/#website\",\"url\":\"https:\/\/etako.sk\/eshop\/\",\"name\":\"ETAKO e-shop\",\"description\":\"Etako\",\"potentialAction\":[{\"@type\":\"SearchAction\",\"target\":{\"@type\":\"EntryPoint\",\"urlTemplate\":\"https:\/\/etako.sk\/eshop\/?s={search_term_string}\"},\"query-input\":{\"@type\":\"PropertyValueSpecification\",\"valueRequired\":true,\"valueName\":\"search_term_string\"}}],\"inLanguage\":\"sk-SK\"}]}<\/script>\n<!-- \/ Yoast SEO plugin. -->","yoast_head_json":{"title":"Pan\u010duchov\u00e9 nohavice Minnie 920-704 - ETAKO e-shop","robots":{"index":"index","follow":"follow","max-snippet":"max-snippet:-1","max-image-preview":"max-image-preview:large","max-video-preview":"max-video-preview:-1"},"canonical":"https:\/\/etako.sk\/eshop\/produkt\/pancuchove-nohavice-minnie-920-704\/","twitter_card":"summary_large_image","twitter_title":"Pan\u010duchov\u00e9 nohavice Minnie 920-704 - ETAKO e-shop","twitter_description":"Materi\u00e1l: 70% bavlna, 22% polyester, 5% elastan, 3% polyamid EAN:5999100307049 Ve\u013ekosti:92-98- bledo ru\u017eov\u00e1, tmavo ru\u017eov\u00e1 116-122 &#8211; bledo ru\u017eov\u00e1, tmavo","twitter_image":"https:\/\/i0.wp.com\/etako.sk\/eshop\/wp-content\/uploads\/2023\/10\/KBCz7wM1KKc_s460xn.jpg?fit=300%2C450&ssl=1","twitter_misc":{"Predpokladan\u00fd \u010das \u010d\u00edtania":"1 min\u00fata"},"schema":{"@context":"https:\/\/schema.org","@graph":[{"@type":"WebPage","@id":"https:\/\/etako.sk\/eshop\/produkt\/pancuchove-nohavice-minnie-920-704\/","url":"https:\/\/etako.sk\/eshop\/produkt\/pancuchove-nohavice-minnie-920-704\/","name":"Pan\u010duchov\u00e9 nohavice Minnie 920-704 - ETAKO e-shop","isPartOf":{"@id":"https:\/\/etako.sk\/eshop\/#website"},"primaryImageOfPage":{"@id":"https:\/\/etako.sk\/eshop\/produkt\/pancuchove-nohavice-minnie-920-704\/#primaryimage"},"image":{"@id":"https:\/\/etako.sk\/eshop\/produkt\/pancuchove-nohavice-minnie-920-704\/#primaryimage"},"thumbnailUrl":"https:\/\/i0.wp.com\/etako.sk\/eshop\/wp-content\/uploads\/2023\/10\/KBCz7wM1KKc_s460xn.jpg?fit=300%2C450&ssl=1","datePublished":"2023-10-23T18:17:16+00:00","dateModified":"2026-01-05T13:41:42+00:00","breadcrumb":{"@id":"https:\/\/etako.sk\/eshop\/produkt\/pancuchove-nohavice-minnie-920-704\/#breadcrumb"},"inLanguage":"sk-SK","potentialAction":[{"@type":"ReadAction","target":["https:\/\/etako.sk\/eshop\/produkt\/pancuchove-nohavice-minnie-920-704\/"]}]},{"@type":"ImageObject","inLanguage":"sk-SK","@id":"https:\/\/etako.sk\/eshop\/produkt\/pancuchove-nohavice-minnie-920-704\/#primaryimage","url":"https:\/\/i0.wp.com\/etako.sk\/eshop\/wp-content\/uploads\/2023\/10\/KBCz7wM1KKc_s460xn.jpg?fit=300%2C450&ssl=1","contentUrl":"https:\/\/i0.wp.com\/etako.sk\/eshop\/wp-content\/uploads\/2023\/10\/KBCz7wM1KKc_s460xn.jpg?fit=300%2C450&ssl=1","width":300,"height":450},{"@type":"BreadcrumbList","@id":"https:\/\/etako.sk\/eshop\/produkt\/pancuchove-nohavice-minnie-920-704\/#breadcrumb","itemListElement":[{"@type":"ListItem","position":1,"name":"Domovsk\u00e1 str\u00e1nka","item":"https:\/\/etako.sk\/eshop\/"},{"@type":"ListItem","position":2,"name":"Obchod","item":"https:\/\/etako.sk\/eshop\/shop\/"},{"@type":"ListItem","position":3,"name":"Pan\u010duchov\u00e9 nohavice Minnie 920-704"}]},{"@type":"WebSite","@id":"https:\/\/etako.sk\/eshop\/#website","url":"https:\/\/etako.sk\/eshop\/","name":"ETAKO e-shop","description":"Etako","potentialAction":[{"@type":"SearchAction","target":{"@type":"EntryPoint","urlTemplate":"https:\/\/etako.sk\/eshop\/?s={search_term_string}"},"query-input":{"@type":"PropertyValueSpecification","valueRequired":true,"valueName":"search_term_string"}}],"inLanguage":"sk-SK"}]}},"jetpack_sharing_enabled":true,"_links":{"self":[{"href":"https:\/\/etako.sk\/eshop\/wp-json\/wp\/v2\/product\/13939","targetHints":{"allow":["GET"]}}],"collection":[{"href":"https:\/\/etako.sk\/eshop\/wp-json\/wp\/v2\/product"}],"about":[{"href":"https:\/\/etako.sk\/eshop\/wp-json\/wp\/v2\/types\/product"}],"replies":[{"embeddable":true,"href":"https:\/\/etako.sk\/eshop\/wp-json\/wp\/v2\/comments?post=13939"}],"version-history":[{"count":2,"href":"https:\/\/etako.sk\/eshop\/wp-json\/wp\/v2\/product\/13939\/revisions"}],"predecessor-version":[{"id":49073,"href":"https:\/\/etako.sk\/eshop\/wp-json\/wp\/v2\/product\/13939\/revisions\/49073"}],"wp:featuredmedia":[{"embeddable":true,"href":"https:\/\/etako.sk\/eshop\/wp-json\/wp\/v2\/media\/13940"}],"wp:attachment":[{"href":"https:\/\/etako.sk\/eshop\/wp-json\/wp\/v2\/media?parent=13939"}],"wp:term":[{"taxonomy":"product_brand","embeddable":true,"href":"https:\/\/etako.sk\/eshop\/wp-json\/wp\/v2\/product_brand?post=13939"},{"taxonomy":"product_cat","embeddable":true,"href":"https:\/\/etako.sk\/eshop\/wp-json\/wp\/v2\/product_cat?post=13939"},{"taxonomy":"product_tag","embeddable":true,"href":"https:\/\/etako.sk\/eshop\/wp-json\/wp\/v2\/product_tag?post=13939"}],"curies":[{"name":"wp","href":"https:\/\/api.w.org\/{rel}","templated":true}]}}