{"id":13862,"date":"2023-10-21T19:43:23","date_gmt":"2023-10-21T17:43:23","guid":{"rendered":"https:\/\/etako.sk\/eshop\/?post_type=product&#038;p=13862"},"modified":"2026-02-03T21:01:24","modified_gmt":"2026-02-03T19:01:24","slug":"set-spodneho-pradla-angry-birds-730-886","status":"publish","type":"product","link":"https:\/\/etako.sk\/eshop\/produkt\/set-spodneho-pradla-angry-birds-730-886\/","title":{"rendered":"Set spodn\u00e9ho pr\u00e1dla Angry Birds 730-886"},"content":{"rendered":"<p>Set spodn\u00e9ho pr\u00e1dla Angry Birds 730-886<br \/>\n(tielko + slipy)<br \/>\nMateri\u00e1l: 100 % bavlna<br \/>\nVe\u013ekosti: 4\/6,7\/8,10\/12 rokov<br \/>\n104-116 ,122-128 , 140-152<\/p>\n","protected":false},"excerpt":{"rendered":"<p>Set spodn\u00e9ho pr\u00e1dla Angry Birds 730-886 (tielko + slipy) Materi\u00e1l: 100 % bavlna Ve\u013ekosti: 4\/6,7\/8,10\/12 rokov 104-116 ,122-128 , 140-152<\/p>\n","protected":false},"featured_media":13863,"comment_status":"closed","ping_status":"closed","template":"","meta":{"jetpack_publicize_message":"","jetpack_publicize_feature_enabled":true,"jetpack_social_post_already_shared":false,"jetpack_social_options":{"image_generator_settings":{"template":"highway","enabled":false},"version":2}},"product_brand":[],"product_cat":[146,59],"product_tag":[],"class_list":{"0":"post-13862","1":"product","2":"type-product","3":"status-publish","4":"has-post-thumbnail","6":"product_cat-chlapci-velkost-od-0-10-rokov-50-140-cm","7":"product_cat-oblecenie-v-982-3-roky","8":"product_shipping_class-standard","9":"pa_farba-biela","10":"pa_farba-modra","11":"pa_velkost-122-128","12":"pa_velkost-140-152","14":"","15":"instock","16":"taxable","17":"shipping-taxable","18":"purchasable","19":"product-type-variable"},"jetpack_publicize_connections":[],"yoast_head":"<!-- This site is optimized with the Yoast SEO plugin v25.6 - https:\/\/yoast.com\/wordpress\/plugins\/seo\/ -->\n<title>Set spodn\u00e9ho pr\u00e1dla Angry Birds 730-886 - ETAKO e-shop<\/title>\n<meta name=\"robots\" content=\"index, follow, max-snippet:-1, max-image-preview:large, max-video-preview:-1\" \/>\n<link rel=\"canonical\" href=\"https:\/\/etako.sk\/eshop\/produkt\/set-spodneho-pradla-angry-birds-730-886\/\" \/>\n<meta name=\"twitter:card\" content=\"summary_large_image\" \/>\n<meta name=\"twitter:title\" content=\"Set spodn\u00e9ho pr\u00e1dla Angry Birds 730-886 - ETAKO e-shop\" \/>\n<meta name=\"twitter:description\" content=\"Set spodn\u00e9ho pr\u00e1dla Angry Birds 730-886 (tielko + slipy) Materi\u00e1l: 100 % bavlna Ve\u013ekosti: 4\/6,7\/8,10\/12 rokov 104-116 ,122-128 , 140-152\" \/>\n<meta name=\"twitter:image\" content=\"https:\/\/i0.wp.com\/etako.sk\/eshop\/wp-content\/uploads\/2023\/10\/IHZp6KXz4Kf_s460xn.jpg?fit=338%2C450&ssl=1\" \/>\n<meta name=\"twitter:label1\" content=\"Predpokladan\u00fd \u010das \u010d\u00edtania\" \/>\n\t<meta name=\"twitter:data1\" content=\"1 min\u00fata\" \/>\n<script type=\"application\/ld+json\" class=\"yoast-schema-graph\">{\"@context\":\"https:\/\/schema.org\",\"@graph\":[{\"@type\":\"WebPage\",\"@id\":\"https:\/\/etako.sk\/eshop\/produkt\/set-spodneho-pradla-angry-birds-730-886\/\",\"url\":\"https:\/\/etako.sk\/eshop\/produkt\/set-spodneho-pradla-angry-birds-730-886\/\",\"name\":\"Set spodn\u00e9ho pr\u00e1dla Angry Birds 730-886 - ETAKO e-shop\",\"isPartOf\":{\"@id\":\"https:\/\/etako.sk\/eshop\/#website\"},\"primaryImageOfPage\":{\"@id\":\"https:\/\/etako.sk\/eshop\/produkt\/set-spodneho-pradla-angry-birds-730-886\/#primaryimage\"},\"image\":{\"@id\":\"https:\/\/etako.sk\/eshop\/produkt\/set-spodneho-pradla-angry-birds-730-886\/#primaryimage\"},\"thumbnailUrl\":\"https:\/\/i0.wp.com\/etako.sk\/eshop\/wp-content\/uploads\/2023\/10\/IHZp6KXz4Kf_s460xn.jpg?fit=338%2C450&ssl=1\",\"datePublished\":\"2023-10-21T17:43:23+00:00\",\"dateModified\":\"2026-02-03T19:01:24+00:00\",\"breadcrumb\":{\"@id\":\"https:\/\/etako.sk\/eshop\/produkt\/set-spodneho-pradla-angry-birds-730-886\/#breadcrumb\"},\"inLanguage\":\"sk-SK\",\"potentialAction\":[{\"@type\":\"ReadAction\",\"target\":[\"https:\/\/etako.sk\/eshop\/produkt\/set-spodneho-pradla-angry-birds-730-886\/\"]}]},{\"@type\":\"ImageObject\",\"inLanguage\":\"sk-SK\",\"@id\":\"https:\/\/etako.sk\/eshop\/produkt\/set-spodneho-pradla-angry-birds-730-886\/#primaryimage\",\"url\":\"https:\/\/i0.wp.com\/etako.sk\/eshop\/wp-content\/uploads\/2023\/10\/IHZp6KXz4Kf_s460xn.jpg?fit=338%2C450&ssl=1\",\"contentUrl\":\"https:\/\/i0.wp.com\/etako.sk\/eshop\/wp-content\/uploads\/2023\/10\/IHZp6KXz4Kf_s460xn.jpg?fit=338%2C450&ssl=1\",\"width\":338,\"height\":450},{\"@type\":\"BreadcrumbList\",\"@id\":\"https:\/\/etako.sk\/eshop\/produkt\/set-spodneho-pradla-angry-birds-730-886\/#breadcrumb\",\"itemListElement\":[{\"@type\":\"ListItem\",\"position\":1,\"name\":\"Domovsk\u00e1 str\u00e1nka\",\"item\":\"https:\/\/etako.sk\/eshop\/\"},{\"@type\":\"ListItem\",\"position\":2,\"name\":\"Obchod\",\"item\":\"https:\/\/etako.sk\/eshop\/shop\/\"},{\"@type\":\"ListItem\",\"position\":3,\"name\":\"Set spodn\u00e9ho pr\u00e1dla Angry Birds 730-886\"}]},{\"@type\":\"WebSite\",\"@id\":\"https:\/\/etako.sk\/eshop\/#website\",\"url\":\"https:\/\/etako.sk\/eshop\/\",\"name\":\"ETAKO e-shop\",\"description\":\"Etako\",\"potentialAction\":[{\"@type\":\"SearchAction\",\"target\":{\"@type\":\"EntryPoint\",\"urlTemplate\":\"https:\/\/etako.sk\/eshop\/?s={search_term_string}\"},\"query-input\":{\"@type\":\"PropertyValueSpecification\",\"valueRequired\":true,\"valueName\":\"search_term_string\"}}],\"inLanguage\":\"sk-SK\"}]}<\/script>\n<!-- \/ Yoast SEO plugin. -->","yoast_head_json":{"title":"Set spodn\u00e9ho pr\u00e1dla Angry Birds 730-886 - ETAKO e-shop","robots":{"index":"index","follow":"follow","max-snippet":"max-snippet:-1","max-image-preview":"max-image-preview:large","max-video-preview":"max-video-preview:-1"},"canonical":"https:\/\/etako.sk\/eshop\/produkt\/set-spodneho-pradla-angry-birds-730-886\/","twitter_card":"summary_large_image","twitter_title":"Set spodn\u00e9ho pr\u00e1dla Angry Birds 730-886 - ETAKO e-shop","twitter_description":"Set spodn\u00e9ho pr\u00e1dla Angry Birds 730-886 (tielko + slipy) Materi\u00e1l: 100 % bavlna Ve\u013ekosti: 4\/6,7\/8,10\/12 rokov 104-116 ,122-128 , 140-152","twitter_image":"https:\/\/i0.wp.com\/etako.sk\/eshop\/wp-content\/uploads\/2023\/10\/IHZp6KXz4Kf_s460xn.jpg?fit=338%2C450&ssl=1","twitter_misc":{"Predpokladan\u00fd \u010das \u010d\u00edtania":"1 min\u00fata"},"schema":{"@context":"https:\/\/schema.org","@graph":[{"@type":"WebPage","@id":"https:\/\/etako.sk\/eshop\/produkt\/set-spodneho-pradla-angry-birds-730-886\/","url":"https:\/\/etako.sk\/eshop\/produkt\/set-spodneho-pradla-angry-birds-730-886\/","name":"Set spodn\u00e9ho pr\u00e1dla Angry Birds 730-886 - ETAKO e-shop","isPartOf":{"@id":"https:\/\/etako.sk\/eshop\/#website"},"primaryImageOfPage":{"@id":"https:\/\/etako.sk\/eshop\/produkt\/set-spodneho-pradla-angry-birds-730-886\/#primaryimage"},"image":{"@id":"https:\/\/etako.sk\/eshop\/produkt\/set-spodneho-pradla-angry-birds-730-886\/#primaryimage"},"thumbnailUrl":"https:\/\/i0.wp.com\/etako.sk\/eshop\/wp-content\/uploads\/2023\/10\/IHZp6KXz4Kf_s460xn.jpg?fit=338%2C450&ssl=1","datePublished":"2023-10-21T17:43:23+00:00","dateModified":"2026-02-03T19:01:24+00:00","breadcrumb":{"@id":"https:\/\/etako.sk\/eshop\/produkt\/set-spodneho-pradla-angry-birds-730-886\/#breadcrumb"},"inLanguage":"sk-SK","potentialAction":[{"@type":"ReadAction","target":["https:\/\/etako.sk\/eshop\/produkt\/set-spodneho-pradla-angry-birds-730-886\/"]}]},{"@type":"ImageObject","inLanguage":"sk-SK","@id":"https:\/\/etako.sk\/eshop\/produkt\/set-spodneho-pradla-angry-birds-730-886\/#primaryimage","url":"https:\/\/i0.wp.com\/etako.sk\/eshop\/wp-content\/uploads\/2023\/10\/IHZp6KXz4Kf_s460xn.jpg?fit=338%2C450&ssl=1","contentUrl":"https:\/\/i0.wp.com\/etako.sk\/eshop\/wp-content\/uploads\/2023\/10\/IHZp6KXz4Kf_s460xn.jpg?fit=338%2C450&ssl=1","width":338,"height":450},{"@type":"BreadcrumbList","@id":"https:\/\/etako.sk\/eshop\/produkt\/set-spodneho-pradla-angry-birds-730-886\/#breadcrumb","itemListElement":[{"@type":"ListItem","position":1,"name":"Domovsk\u00e1 str\u00e1nka","item":"https:\/\/etako.sk\/eshop\/"},{"@type":"ListItem","position":2,"name":"Obchod","item":"https:\/\/etako.sk\/eshop\/shop\/"},{"@type":"ListItem","position":3,"name":"Set spodn\u00e9ho pr\u00e1dla Angry Birds 730-886"}]},{"@type":"WebSite","@id":"https:\/\/etako.sk\/eshop\/#website","url":"https:\/\/etako.sk\/eshop\/","name":"ETAKO e-shop","description":"Etako","potentialAction":[{"@type":"SearchAction","target":{"@type":"EntryPoint","urlTemplate":"https:\/\/etako.sk\/eshop\/?s={search_term_string}"},"query-input":{"@type":"PropertyValueSpecification","valueRequired":true,"valueName":"search_term_string"}}],"inLanguage":"sk-SK"}]}},"jetpack_sharing_enabled":true,"_links":{"self":[{"href":"https:\/\/etako.sk\/eshop\/wp-json\/wp\/v2\/product\/13862","targetHints":{"allow":["GET"]}}],"collection":[{"href":"https:\/\/etako.sk\/eshop\/wp-json\/wp\/v2\/product"}],"about":[{"href":"https:\/\/etako.sk\/eshop\/wp-json\/wp\/v2\/types\/product"}],"replies":[{"embeddable":true,"href":"https:\/\/etako.sk\/eshop\/wp-json\/wp\/v2\/comments?post=13862"}],"version-history":[{"count":1,"href":"https:\/\/etako.sk\/eshop\/wp-json\/wp\/v2\/product\/13862\/revisions"}],"predecessor-version":[{"id":13868,"href":"https:\/\/etako.sk\/eshop\/wp-json\/wp\/v2\/product\/13862\/revisions\/13868"}],"wp:featuredmedia":[{"embeddable":true,"href":"https:\/\/etako.sk\/eshop\/wp-json\/wp\/v2\/media\/13863"}],"wp:attachment":[{"href":"https:\/\/etako.sk\/eshop\/wp-json\/wp\/v2\/media?parent=13862"}],"wp:term":[{"taxonomy":"product_brand","embeddable":true,"href":"https:\/\/etako.sk\/eshop\/wp-json\/wp\/v2\/product_brand?post=13862"},{"taxonomy":"product_cat","embeddable":true,"href":"https:\/\/etako.sk\/eshop\/wp-json\/wp\/v2\/product_cat?post=13862"},{"taxonomy":"product_tag","embeddable":true,"href":"https:\/\/etako.sk\/eshop\/wp-json\/wp\/v2\/product_tag?post=13862"}],"curies":[{"name":"wp","href":"https:\/\/api.w.org\/{rel}","templated":true}]}}