{"id":13834,"date":"2023-10-21T19:14:28","date_gmt":"2023-10-21T17:14:28","guid":{"rendered":"https:\/\/etako.sk\/eshop\/?post_type=product&#038;p=13834"},"modified":"2026-01-07T12:51:31","modified_gmt":"2026-01-07T10:51:31","slug":"body-polorolak-dalmatinec-036","status":"publish","type":"product","link":"https:\/\/etako.sk\/eshop\/produkt\/body-polorolak-dalmatinec-036\/","title":{"rendered":"Body polorol\u00e1k Dalmat\u00ednec 036"},"content":{"rendered":"<p>Materi\u00e1l: 100% bavlna<\/p>\n<p>Potla\u010d: sie\u0165otla\u010d<\/p>\n<p>Vyroben\u00e9: v E\u00da &#8211; Ma\u010farsko<\/p>\n","protected":false},"excerpt":{"rendered":"<p>Materi\u00e1l: 100% bavlna Potla\u010d: sie\u0165otla\u010d Vyroben\u00e9: v E\u00da &#8211; Ma\u010farsko<\/p>\n","protected":false},"featured_media":13835,"comment_status":"closed","ping_status":"closed","template":"","meta":{"jetpack_publicize_message":"","jetpack_publicize_feature_enabled":true,"jetpack_social_post_already_shared":false,"jetpack_social_options":{"image_generator_settings":{"template":"highway","enabled":false},"version":2}},"product_brand":[],"product_cat":[45,147],"product_tag":[],"class_list":{"0":"post-13834","1":"product","2":"type-product","3":"status-publish","4":"has-post-thumbnail","6":"product_cat-oblecenie-104-3-4-roky","7":"product_cat-dievcata-velkost-od-0-10-rokov-50-140-cm","8":"product_shipping_class-standard","9":"pa_velkost-223","11":"","12":"instock","13":"taxable","14":"shipping-taxable","15":"purchasable","16":"product-type-variable"},"jetpack_publicize_connections":[],"yoast_head":"<!-- This site is optimized with the Yoast SEO plugin v25.6 - https:\/\/yoast.com\/wordpress\/plugins\/seo\/ -->\n<title>Body polorol\u00e1k Dalmat\u00ednec 036 - ETAKO e-shop<\/title>\n<meta name=\"robots\" content=\"index, follow, max-snippet:-1, max-image-preview:large, max-video-preview:-1\" \/>\n<link rel=\"canonical\" href=\"https:\/\/etako.sk\/eshop\/produkt\/body-polorolak-dalmatinec-036\/\" \/>\n<meta name=\"twitter:card\" content=\"summary_large_image\" \/>\n<meta name=\"twitter:title\" content=\"Body polorol\u00e1k Dalmat\u00ednec 036 - ETAKO e-shop\" \/>\n<meta name=\"twitter:description\" content=\"Materi\u00e1l: 100% bavlna Potla\u010d: sie\u0165otla\u010d Vyroben\u00e9: v E\u00da &#8211; Ma\u010farsko\" \/>\n<meta name=\"twitter:image\" content=\"https:\/\/i0.wp.com\/etako.sk\/eshop\/wp-content\/uploads\/2023\/10\/tg1zTDFGGRG_s460xn.jpg?fit=460%2C354&ssl=1\" \/>\n<meta name=\"twitter:label1\" content=\"Predpokladan\u00fd \u010das \u010d\u00edtania\" \/>\n\t<meta name=\"twitter:data1\" content=\"1 min\u00fata\" \/>\n<script type=\"application\/ld+json\" class=\"yoast-schema-graph\">{\"@context\":\"https:\/\/schema.org\",\"@graph\":[{\"@type\":\"WebPage\",\"@id\":\"https:\/\/etako.sk\/eshop\/produkt\/body-polorolak-dalmatinec-036\/\",\"url\":\"https:\/\/etako.sk\/eshop\/produkt\/body-polorolak-dalmatinec-036\/\",\"name\":\"Body polorol\u00e1k Dalmat\u00ednec 036 - ETAKO e-shop\",\"isPartOf\":{\"@id\":\"https:\/\/etako.sk\/eshop\/#website\"},\"primaryImageOfPage\":{\"@id\":\"https:\/\/etako.sk\/eshop\/produkt\/body-polorolak-dalmatinec-036\/#primaryimage\"},\"image\":{\"@id\":\"https:\/\/etako.sk\/eshop\/produkt\/body-polorolak-dalmatinec-036\/#primaryimage\"},\"thumbnailUrl\":\"https:\/\/i0.wp.com\/etako.sk\/eshop\/wp-content\/uploads\/2023\/10\/tg1zTDFGGRG_s460xn.jpg?fit=460%2C354&ssl=1\",\"datePublished\":\"2023-10-21T17:14:28+00:00\",\"dateModified\":\"2026-01-07T10:51:31+00:00\",\"breadcrumb\":{\"@id\":\"https:\/\/etako.sk\/eshop\/produkt\/body-polorolak-dalmatinec-036\/#breadcrumb\"},\"inLanguage\":\"sk-SK\",\"potentialAction\":[{\"@type\":\"ReadAction\",\"target\":[\"https:\/\/etako.sk\/eshop\/produkt\/body-polorolak-dalmatinec-036\/\"]}]},{\"@type\":\"ImageObject\",\"inLanguage\":\"sk-SK\",\"@id\":\"https:\/\/etako.sk\/eshop\/produkt\/body-polorolak-dalmatinec-036\/#primaryimage\",\"url\":\"https:\/\/i0.wp.com\/etako.sk\/eshop\/wp-content\/uploads\/2023\/10\/tg1zTDFGGRG_s460xn.jpg?fit=460%2C354&ssl=1\",\"contentUrl\":\"https:\/\/i0.wp.com\/etako.sk\/eshop\/wp-content\/uploads\/2023\/10\/tg1zTDFGGRG_s460xn.jpg?fit=460%2C354&ssl=1\",\"width\":460,\"height\":354},{\"@type\":\"BreadcrumbList\",\"@id\":\"https:\/\/etako.sk\/eshop\/produkt\/body-polorolak-dalmatinec-036\/#breadcrumb\",\"itemListElement\":[{\"@type\":\"ListItem\",\"position\":1,\"name\":\"Domovsk\u00e1 str\u00e1nka\",\"item\":\"https:\/\/etako.sk\/eshop\/\"},{\"@type\":\"ListItem\",\"position\":2,\"name\":\"Obchod\",\"item\":\"https:\/\/etako.sk\/eshop\/shop\/\"},{\"@type\":\"ListItem\",\"position\":3,\"name\":\"Body polorol\u00e1k Dalmat\u00ednec 036\"}]},{\"@type\":\"WebSite\",\"@id\":\"https:\/\/etako.sk\/eshop\/#website\",\"url\":\"https:\/\/etako.sk\/eshop\/\",\"name\":\"ETAKO e-shop\",\"description\":\"Etako\",\"potentialAction\":[{\"@type\":\"SearchAction\",\"target\":{\"@type\":\"EntryPoint\",\"urlTemplate\":\"https:\/\/etako.sk\/eshop\/?s={search_term_string}\"},\"query-input\":{\"@type\":\"PropertyValueSpecification\",\"valueRequired\":true,\"valueName\":\"search_term_string\"}}],\"inLanguage\":\"sk-SK\"}]}<\/script>\n<!-- \/ Yoast SEO plugin. -->","yoast_head_json":{"title":"Body polorol\u00e1k Dalmat\u00ednec 036 - ETAKO e-shop","robots":{"index":"index","follow":"follow","max-snippet":"max-snippet:-1","max-image-preview":"max-image-preview:large","max-video-preview":"max-video-preview:-1"},"canonical":"https:\/\/etako.sk\/eshop\/produkt\/body-polorolak-dalmatinec-036\/","twitter_card":"summary_large_image","twitter_title":"Body polorol\u00e1k Dalmat\u00ednec 036 - ETAKO e-shop","twitter_description":"Materi\u00e1l: 100% bavlna Potla\u010d: sie\u0165otla\u010d Vyroben\u00e9: v E\u00da &#8211; Ma\u010farsko","twitter_image":"https:\/\/i0.wp.com\/etako.sk\/eshop\/wp-content\/uploads\/2023\/10\/tg1zTDFGGRG_s460xn.jpg?fit=460%2C354&ssl=1","twitter_misc":{"Predpokladan\u00fd \u010das \u010d\u00edtania":"1 min\u00fata"},"schema":{"@context":"https:\/\/schema.org","@graph":[{"@type":"WebPage","@id":"https:\/\/etako.sk\/eshop\/produkt\/body-polorolak-dalmatinec-036\/","url":"https:\/\/etako.sk\/eshop\/produkt\/body-polorolak-dalmatinec-036\/","name":"Body polorol\u00e1k Dalmat\u00ednec 036 - ETAKO e-shop","isPartOf":{"@id":"https:\/\/etako.sk\/eshop\/#website"},"primaryImageOfPage":{"@id":"https:\/\/etako.sk\/eshop\/produkt\/body-polorolak-dalmatinec-036\/#primaryimage"},"image":{"@id":"https:\/\/etako.sk\/eshop\/produkt\/body-polorolak-dalmatinec-036\/#primaryimage"},"thumbnailUrl":"https:\/\/i0.wp.com\/etako.sk\/eshop\/wp-content\/uploads\/2023\/10\/tg1zTDFGGRG_s460xn.jpg?fit=460%2C354&ssl=1","datePublished":"2023-10-21T17:14:28+00:00","dateModified":"2026-01-07T10:51:31+00:00","breadcrumb":{"@id":"https:\/\/etako.sk\/eshop\/produkt\/body-polorolak-dalmatinec-036\/#breadcrumb"},"inLanguage":"sk-SK","potentialAction":[{"@type":"ReadAction","target":["https:\/\/etako.sk\/eshop\/produkt\/body-polorolak-dalmatinec-036\/"]}]},{"@type":"ImageObject","inLanguage":"sk-SK","@id":"https:\/\/etako.sk\/eshop\/produkt\/body-polorolak-dalmatinec-036\/#primaryimage","url":"https:\/\/i0.wp.com\/etako.sk\/eshop\/wp-content\/uploads\/2023\/10\/tg1zTDFGGRG_s460xn.jpg?fit=460%2C354&ssl=1","contentUrl":"https:\/\/i0.wp.com\/etako.sk\/eshop\/wp-content\/uploads\/2023\/10\/tg1zTDFGGRG_s460xn.jpg?fit=460%2C354&ssl=1","width":460,"height":354},{"@type":"BreadcrumbList","@id":"https:\/\/etako.sk\/eshop\/produkt\/body-polorolak-dalmatinec-036\/#breadcrumb","itemListElement":[{"@type":"ListItem","position":1,"name":"Domovsk\u00e1 str\u00e1nka","item":"https:\/\/etako.sk\/eshop\/"},{"@type":"ListItem","position":2,"name":"Obchod","item":"https:\/\/etako.sk\/eshop\/shop\/"},{"@type":"ListItem","position":3,"name":"Body polorol\u00e1k Dalmat\u00ednec 036"}]},{"@type":"WebSite","@id":"https:\/\/etako.sk\/eshop\/#website","url":"https:\/\/etako.sk\/eshop\/","name":"ETAKO e-shop","description":"Etako","potentialAction":[{"@type":"SearchAction","target":{"@type":"EntryPoint","urlTemplate":"https:\/\/etako.sk\/eshop\/?s={search_term_string}"},"query-input":{"@type":"PropertyValueSpecification","valueRequired":true,"valueName":"search_term_string"}}],"inLanguage":"sk-SK"}]}},"jetpack_sharing_enabled":true,"_links":{"self":[{"href":"https:\/\/etako.sk\/eshop\/wp-json\/wp\/v2\/product\/13834","targetHints":{"allow":["GET"]}}],"collection":[{"href":"https:\/\/etako.sk\/eshop\/wp-json\/wp\/v2\/product"}],"about":[{"href":"https:\/\/etako.sk\/eshop\/wp-json\/wp\/v2\/types\/product"}],"replies":[{"embeddable":true,"href":"https:\/\/etako.sk\/eshop\/wp-json\/wp\/v2\/comments?post=13834"}],"version-history":[{"count":1,"href":"https:\/\/etako.sk\/eshop\/wp-json\/wp\/v2\/product\/13834\/revisions"}],"predecessor-version":[{"id":13836,"href":"https:\/\/etako.sk\/eshop\/wp-json\/wp\/v2\/product\/13834\/revisions\/13836"}],"wp:featuredmedia":[{"embeddable":true,"href":"https:\/\/etako.sk\/eshop\/wp-json\/wp\/v2\/media\/13835"}],"wp:attachment":[{"href":"https:\/\/etako.sk\/eshop\/wp-json\/wp\/v2\/media?parent=13834"}],"wp:term":[{"taxonomy":"product_brand","embeddable":true,"href":"https:\/\/etako.sk\/eshop\/wp-json\/wp\/v2\/product_brand?post=13834"},{"taxonomy":"product_cat","embeddable":true,"href":"https:\/\/etako.sk\/eshop\/wp-json\/wp\/v2\/product_cat?post=13834"},{"taxonomy":"product_tag","embeddable":true,"href":"https:\/\/etako.sk\/eshop\/wp-json\/wp\/v2\/product_tag?post=13834"}],"curies":[{"name":"wp","href":"https:\/\/api.w.org\/{rel}","templated":true}]}}