{"id":13786,"date":"2023-10-21T18:02:21","date_gmt":"2023-10-21T16:02:21","guid":{"rendered":"https:\/\/etako.sk\/eshop\/?post_type=product&#038;p=13786"},"modified":"2026-02-03T21:18:16","modified_gmt":"2026-02-03T19:18:16","slug":"bavlnene-jednofarebne-leginy-jeans","status":"publish","type":"product","link":"https:\/\/etako.sk\/eshop\/produkt\/bavlnene-jednofarebne-leginy-jeans\/","title":{"rendered":"Bavlnen\u00e9 jednofarebn\u00e9 leg\u00edny &#8211; jeans"},"content":{"rendered":"<p>Leg\u00edny s\u00fa vyroben\u00e9 kvalitnej bavlny &#8211; m\u00e4kk\u00e9 a pr\u00edjemn\u00e9 na omak.<br \/>\nMateri\u00e1l: 94% bavlna + 6% elasten<\/p>\n<p>1.akost.<\/p>\n","protected":false},"excerpt":{"rendered":"<p>Leg\u00edny s\u00fa vyroben\u00e9 kvalitnej bavlny &#8211; m\u00e4kk\u00e9 a pr\u00edjemn\u00e9 na omak. Materi\u00e1l: 94% bavlna + 6% elasten 1.akost.<\/p>\n","protected":false},"featured_media":13787,"comment_status":"closed","ping_status":"closed","template":"","meta":{"jetpack_publicize_message":"","jetpack_publicize_feature_enabled":true,"jetpack_social_post_already_shared":false,"jetpack_social_options":{"image_generator_settings":{"template":"highway","enabled":false},"version":2}},"product_brand":[],"product_cat":[147,36],"product_tag":[],"class_list":{"0":"post-13786","1":"product","2":"type-product","3":"status-publish","4":"has-post-thumbnail","6":"product_cat-dievcata-velkost-od-0-10-rokov-50-140-cm","7":"product_cat-dievcata","8":"product_shipping_class-standard","9":"pa_velkost-395","11":"","12":"instock","13":"taxable","14":"shipping-taxable","15":"purchasable","16":"product-type-variable"},"jetpack_publicize_connections":[],"yoast_head":"<!-- This site is optimized with the Yoast SEO plugin v25.6 - https:\/\/yoast.com\/wordpress\/plugins\/seo\/ -->\n<title>Bavlnen\u00e9 jednofarebn\u00e9 leg\u00edny - jeans - ETAKO e-shop<\/title>\n<meta name=\"robots\" content=\"index, follow, max-snippet:-1, max-image-preview:large, max-video-preview:-1\" \/>\n<link rel=\"canonical\" href=\"https:\/\/etako.sk\/eshop\/produkt\/bavlnene-jednofarebne-leginy-jeans\/\" \/>\n<meta name=\"twitter:card\" content=\"summary_large_image\" \/>\n<meta name=\"twitter:title\" content=\"Bavlnen\u00e9 jednofarebn\u00e9 leg\u00edny - jeans - ETAKO e-shop\" \/>\n<meta name=\"twitter:description\" content=\"Leg\u00edny s\u00fa vyroben\u00e9 kvalitnej bavlny &#8211; m\u00e4kk\u00e9 a pr\u00edjemn\u00e9 na omak. Materi\u00e1l: 94% bavlna + 6% elasten 1.akost.\" \/>\n<meta name=\"twitter:image\" content=\"https:\/\/i0.wp.com\/etako.sk\/eshop\/wp-content\/uploads\/2023\/10\/g9QlEKYZ8GQ_s460xn.jpg?fit=146%2C200&ssl=1\" \/>\n<meta name=\"twitter:label1\" content=\"Predpokladan\u00fd \u010das \u010d\u00edtania\" \/>\n\t<meta name=\"twitter:data1\" content=\"1 min\u00fata\" \/>\n<script type=\"application\/ld+json\" class=\"yoast-schema-graph\">{\"@context\":\"https:\/\/schema.org\",\"@graph\":[{\"@type\":\"WebPage\",\"@id\":\"https:\/\/etako.sk\/eshop\/produkt\/bavlnene-jednofarebne-leginy-jeans\/\",\"url\":\"https:\/\/etako.sk\/eshop\/produkt\/bavlnene-jednofarebne-leginy-jeans\/\",\"name\":\"Bavlnen\u00e9 jednofarebn\u00e9 leg\u00edny - jeans - ETAKO e-shop\",\"isPartOf\":{\"@id\":\"https:\/\/etako.sk\/eshop\/#website\"},\"primaryImageOfPage\":{\"@id\":\"https:\/\/etako.sk\/eshop\/produkt\/bavlnene-jednofarebne-leginy-jeans\/#primaryimage\"},\"image\":{\"@id\":\"https:\/\/etako.sk\/eshop\/produkt\/bavlnene-jednofarebne-leginy-jeans\/#primaryimage\"},\"thumbnailUrl\":\"https:\/\/i0.wp.com\/etako.sk\/eshop\/wp-content\/uploads\/2023\/10\/g9QlEKYZ8GQ_s460xn.jpg?fit=146%2C200&ssl=1\",\"datePublished\":\"2023-10-21T16:02:21+00:00\",\"dateModified\":\"2026-02-03T19:18:16+00:00\",\"breadcrumb\":{\"@id\":\"https:\/\/etako.sk\/eshop\/produkt\/bavlnene-jednofarebne-leginy-jeans\/#breadcrumb\"},\"inLanguage\":\"sk-SK\",\"potentialAction\":[{\"@type\":\"ReadAction\",\"target\":[\"https:\/\/etako.sk\/eshop\/produkt\/bavlnene-jednofarebne-leginy-jeans\/\"]}]},{\"@type\":\"ImageObject\",\"inLanguage\":\"sk-SK\",\"@id\":\"https:\/\/etako.sk\/eshop\/produkt\/bavlnene-jednofarebne-leginy-jeans\/#primaryimage\",\"url\":\"https:\/\/i0.wp.com\/etako.sk\/eshop\/wp-content\/uploads\/2023\/10\/g9QlEKYZ8GQ_s460xn.jpg?fit=146%2C200&ssl=1\",\"contentUrl\":\"https:\/\/i0.wp.com\/etako.sk\/eshop\/wp-content\/uploads\/2023\/10\/g9QlEKYZ8GQ_s460xn.jpg?fit=146%2C200&ssl=1\",\"width\":146,\"height\":200},{\"@type\":\"BreadcrumbList\",\"@id\":\"https:\/\/etako.sk\/eshop\/produkt\/bavlnene-jednofarebne-leginy-jeans\/#breadcrumb\",\"itemListElement\":[{\"@type\":\"ListItem\",\"position\":1,\"name\":\"Domovsk\u00e1 str\u00e1nka\",\"item\":\"https:\/\/etako.sk\/eshop\/\"},{\"@type\":\"ListItem\",\"position\":2,\"name\":\"Obchod\",\"item\":\"https:\/\/etako.sk\/eshop\/shop\/\"},{\"@type\":\"ListItem\",\"position\":3,\"name\":\"Bavlnen\u00e9 jednofarebn\u00e9 leg\u00edny &#8211; jeans\"}]},{\"@type\":\"WebSite\",\"@id\":\"https:\/\/etako.sk\/eshop\/#website\",\"url\":\"https:\/\/etako.sk\/eshop\/\",\"name\":\"ETAKO e-shop\",\"description\":\"Etako\",\"potentialAction\":[{\"@type\":\"SearchAction\",\"target\":{\"@type\":\"EntryPoint\",\"urlTemplate\":\"https:\/\/etako.sk\/eshop\/?s={search_term_string}\"},\"query-input\":{\"@type\":\"PropertyValueSpecification\",\"valueRequired\":true,\"valueName\":\"search_term_string\"}}],\"inLanguage\":\"sk-SK\"}]}<\/script>\n<!-- \/ Yoast SEO plugin. -->","yoast_head_json":{"title":"Bavlnen\u00e9 jednofarebn\u00e9 leg\u00edny - jeans - ETAKO e-shop","robots":{"index":"index","follow":"follow","max-snippet":"max-snippet:-1","max-image-preview":"max-image-preview:large","max-video-preview":"max-video-preview:-1"},"canonical":"https:\/\/etako.sk\/eshop\/produkt\/bavlnene-jednofarebne-leginy-jeans\/","twitter_card":"summary_large_image","twitter_title":"Bavlnen\u00e9 jednofarebn\u00e9 leg\u00edny - jeans - ETAKO e-shop","twitter_description":"Leg\u00edny s\u00fa vyroben\u00e9 kvalitnej bavlny &#8211; m\u00e4kk\u00e9 a pr\u00edjemn\u00e9 na omak. Materi\u00e1l: 94% bavlna + 6% elasten 1.akost.","twitter_image":"https:\/\/i0.wp.com\/etako.sk\/eshop\/wp-content\/uploads\/2023\/10\/g9QlEKYZ8GQ_s460xn.jpg?fit=146%2C200&ssl=1","twitter_misc":{"Predpokladan\u00fd \u010das \u010d\u00edtania":"1 min\u00fata"},"schema":{"@context":"https:\/\/schema.org","@graph":[{"@type":"WebPage","@id":"https:\/\/etako.sk\/eshop\/produkt\/bavlnene-jednofarebne-leginy-jeans\/","url":"https:\/\/etako.sk\/eshop\/produkt\/bavlnene-jednofarebne-leginy-jeans\/","name":"Bavlnen\u00e9 jednofarebn\u00e9 leg\u00edny - jeans - ETAKO e-shop","isPartOf":{"@id":"https:\/\/etako.sk\/eshop\/#website"},"primaryImageOfPage":{"@id":"https:\/\/etako.sk\/eshop\/produkt\/bavlnene-jednofarebne-leginy-jeans\/#primaryimage"},"image":{"@id":"https:\/\/etako.sk\/eshop\/produkt\/bavlnene-jednofarebne-leginy-jeans\/#primaryimage"},"thumbnailUrl":"https:\/\/i0.wp.com\/etako.sk\/eshop\/wp-content\/uploads\/2023\/10\/g9QlEKYZ8GQ_s460xn.jpg?fit=146%2C200&ssl=1","datePublished":"2023-10-21T16:02:21+00:00","dateModified":"2026-02-03T19:18:16+00:00","breadcrumb":{"@id":"https:\/\/etako.sk\/eshop\/produkt\/bavlnene-jednofarebne-leginy-jeans\/#breadcrumb"},"inLanguage":"sk-SK","potentialAction":[{"@type":"ReadAction","target":["https:\/\/etako.sk\/eshop\/produkt\/bavlnene-jednofarebne-leginy-jeans\/"]}]},{"@type":"ImageObject","inLanguage":"sk-SK","@id":"https:\/\/etako.sk\/eshop\/produkt\/bavlnene-jednofarebne-leginy-jeans\/#primaryimage","url":"https:\/\/i0.wp.com\/etako.sk\/eshop\/wp-content\/uploads\/2023\/10\/g9QlEKYZ8GQ_s460xn.jpg?fit=146%2C200&ssl=1","contentUrl":"https:\/\/i0.wp.com\/etako.sk\/eshop\/wp-content\/uploads\/2023\/10\/g9QlEKYZ8GQ_s460xn.jpg?fit=146%2C200&ssl=1","width":146,"height":200},{"@type":"BreadcrumbList","@id":"https:\/\/etako.sk\/eshop\/produkt\/bavlnene-jednofarebne-leginy-jeans\/#breadcrumb","itemListElement":[{"@type":"ListItem","position":1,"name":"Domovsk\u00e1 str\u00e1nka","item":"https:\/\/etako.sk\/eshop\/"},{"@type":"ListItem","position":2,"name":"Obchod","item":"https:\/\/etako.sk\/eshop\/shop\/"},{"@type":"ListItem","position":3,"name":"Bavlnen\u00e9 jednofarebn\u00e9 leg\u00edny &#8211; jeans"}]},{"@type":"WebSite","@id":"https:\/\/etako.sk\/eshop\/#website","url":"https:\/\/etako.sk\/eshop\/","name":"ETAKO e-shop","description":"Etako","potentialAction":[{"@type":"SearchAction","target":{"@type":"EntryPoint","urlTemplate":"https:\/\/etako.sk\/eshop\/?s={search_term_string}"},"query-input":{"@type":"PropertyValueSpecification","valueRequired":true,"valueName":"search_term_string"}}],"inLanguage":"sk-SK"}]}},"jetpack_sharing_enabled":true,"_links":{"self":[{"href":"https:\/\/etako.sk\/eshop\/wp-json\/wp\/v2\/product\/13786","targetHints":{"allow":["GET"]}}],"collection":[{"href":"https:\/\/etako.sk\/eshop\/wp-json\/wp\/v2\/product"}],"about":[{"href":"https:\/\/etako.sk\/eshop\/wp-json\/wp\/v2\/types\/product"}],"replies":[{"embeddable":true,"href":"https:\/\/etako.sk\/eshop\/wp-json\/wp\/v2\/comments?post=13786"}],"version-history":[{"count":0,"href":"https:\/\/etako.sk\/eshop\/wp-json\/wp\/v2\/product\/13786\/revisions"}],"wp:featuredmedia":[{"embeddable":true,"href":"https:\/\/etako.sk\/eshop\/wp-json\/wp\/v2\/media\/13787"}],"wp:attachment":[{"href":"https:\/\/etako.sk\/eshop\/wp-json\/wp\/v2\/media?parent=13786"}],"wp:term":[{"taxonomy":"product_brand","embeddable":true,"href":"https:\/\/etako.sk\/eshop\/wp-json\/wp\/v2\/product_brand?post=13786"},{"taxonomy":"product_cat","embeddable":true,"href":"https:\/\/etako.sk\/eshop\/wp-json\/wp\/v2\/product_cat?post=13786"},{"taxonomy":"product_tag","embeddable":true,"href":"https:\/\/etako.sk\/eshop\/wp-json\/wp\/v2\/product_tag?post=13786"}],"curies":[{"name":"wp","href":"https:\/\/api.w.org\/{rel}","templated":true}]}}