{"id":13632,"date":"2023-10-19T19:44:42","date_gmt":"2023-10-19T17:44:42","guid":{"rendered":"https:\/\/etako.sk\/eshop\/?post_type=product&#038;p=13632"},"modified":"2026-02-03T21:23:08","modified_gmt":"2026-02-03T19:23:08","slug":"nohavicky-lol-3-ks-v-baleni","status":"publish","type":"product","link":"https:\/\/etako.sk\/eshop\/produkt\/nohavicky-lol-3-ks-v-baleni\/","title":{"rendered":"Nohavi\u010dky LOL 3 ks v balen\u00ed"},"content":{"rendered":"<p>Materi\u00e1l: 100% bavlna<br \/>\nBalenie: v balen\u00ed po 3 kusy<br \/>\nEAN:5949082509849<br \/>\nKrajina p\u00f4vodu: \u010c\u00edna<\/p>\n","protected":false},"excerpt":{"rendered":"<p>Materi\u00e1l: 100% bavlna Balenie: v balen\u00ed po 3 kusy EAN:5949082509849 Krajina p\u00f4vodu: \u010c\u00edna<\/p>\n","protected":false},"featured_media":13634,"comment_status":"closed","ping_status":"closed","template":"","meta":{"jetpack_publicize_message":"","jetpack_publicize_feature_enabled":true,"jetpack_social_post_already_shared":false,"jetpack_social_options":{"image_generator_settings":{"template":"highway","enabled":false},"version":2}},"product_brand":[],"product_cat":[147,430],"product_tag":[],"class_list":{"0":"post-13632","1":"product","2":"type-product","3":"status-publish","4":"has-post-thumbnail","6":"product_cat-dievcata-velkost-od-0-10-rokov-50-140-cm","7":"product_cat-natelniky-spodne-pradlo-tielka","8":"product_shipping_class-standard","9":"pa_velkost-104-110","10":"pa_velkost-128-134","12":"","13":"instock","14":"taxable","15":"shipping-taxable","16":"purchasable","17":"product-type-variable"},"jetpack_publicize_connections":[],"yoast_head":"<!-- This site is optimized with the Yoast SEO plugin v25.6 - https:\/\/yoast.com\/wordpress\/plugins\/seo\/ -->\n<title>Nohavi\u010dky LOL 3 ks v balen\u00ed - ETAKO e-shop<\/title>\n<meta name=\"robots\" content=\"index, follow, max-snippet:-1, max-image-preview:large, max-video-preview:-1\" \/>\n<link rel=\"canonical\" href=\"https:\/\/etako.sk\/eshop\/produkt\/nohavicky-lol-3-ks-v-baleni\/\" \/>\n<meta name=\"twitter:card\" content=\"summary_large_image\" \/>\n<meta name=\"twitter:title\" content=\"Nohavi\u010dky LOL 3 ks v balen\u00ed - ETAKO e-shop\" \/>\n<meta name=\"twitter:description\" content=\"Materi\u00e1l: 100% bavlna Balenie: v balen\u00ed po 3 kusy EAN:5949082509849 Krajina p\u00f4vodu: \u010c\u00edna\" \/>\n<meta name=\"twitter:image\" content=\"https:\/\/i0.wp.com\/etako.sk\/eshop\/wp-content\/uploads\/2023\/10\/PMKzj1Aqyt5_s460xn.jpg?fit=460%2C156&ssl=1\" \/>\n<meta name=\"twitter:label1\" content=\"Predpokladan\u00fd \u010das \u010d\u00edtania\" \/>\n\t<meta name=\"twitter:data1\" content=\"1 min\u00fata\" \/>\n<script type=\"application\/ld+json\" class=\"yoast-schema-graph\">{\"@context\":\"https:\/\/schema.org\",\"@graph\":[{\"@type\":\"WebPage\",\"@id\":\"https:\/\/etako.sk\/eshop\/produkt\/nohavicky-lol-3-ks-v-baleni\/\",\"url\":\"https:\/\/etako.sk\/eshop\/produkt\/nohavicky-lol-3-ks-v-baleni\/\",\"name\":\"Nohavi\u010dky LOL 3 ks v balen\u00ed - ETAKO e-shop\",\"isPartOf\":{\"@id\":\"https:\/\/etako.sk\/eshop\/#website\"},\"primaryImageOfPage\":{\"@id\":\"https:\/\/etako.sk\/eshop\/produkt\/nohavicky-lol-3-ks-v-baleni\/#primaryimage\"},\"image\":{\"@id\":\"https:\/\/etako.sk\/eshop\/produkt\/nohavicky-lol-3-ks-v-baleni\/#primaryimage\"},\"thumbnailUrl\":\"https:\/\/i0.wp.com\/etako.sk\/eshop\/wp-content\/uploads\/2023\/10\/PMKzj1Aqyt5_s460xn.jpg?fit=460%2C156&ssl=1\",\"datePublished\":\"2023-10-19T17:44:42+00:00\",\"dateModified\":\"2026-02-03T19:23:08+00:00\",\"breadcrumb\":{\"@id\":\"https:\/\/etako.sk\/eshop\/produkt\/nohavicky-lol-3-ks-v-baleni\/#breadcrumb\"},\"inLanguage\":\"sk-SK\",\"potentialAction\":[{\"@type\":\"ReadAction\",\"target\":[\"https:\/\/etako.sk\/eshop\/produkt\/nohavicky-lol-3-ks-v-baleni\/\"]}]},{\"@type\":\"ImageObject\",\"inLanguage\":\"sk-SK\",\"@id\":\"https:\/\/etako.sk\/eshop\/produkt\/nohavicky-lol-3-ks-v-baleni\/#primaryimage\",\"url\":\"https:\/\/i0.wp.com\/etako.sk\/eshop\/wp-content\/uploads\/2023\/10\/PMKzj1Aqyt5_s460xn.jpg?fit=460%2C156&ssl=1\",\"contentUrl\":\"https:\/\/i0.wp.com\/etako.sk\/eshop\/wp-content\/uploads\/2023\/10\/PMKzj1Aqyt5_s460xn.jpg?fit=460%2C156&ssl=1\",\"width\":460,\"height\":156},{\"@type\":\"BreadcrumbList\",\"@id\":\"https:\/\/etako.sk\/eshop\/produkt\/nohavicky-lol-3-ks-v-baleni\/#breadcrumb\",\"itemListElement\":[{\"@type\":\"ListItem\",\"position\":1,\"name\":\"Domovsk\u00e1 str\u00e1nka\",\"item\":\"https:\/\/etako.sk\/eshop\/\"},{\"@type\":\"ListItem\",\"position\":2,\"name\":\"Obchod\",\"item\":\"https:\/\/etako.sk\/eshop\/shop\/\"},{\"@type\":\"ListItem\",\"position\":3,\"name\":\"Nohavi\u010dky LOL 3 ks v balen\u00ed\"}]},{\"@type\":\"WebSite\",\"@id\":\"https:\/\/etako.sk\/eshop\/#website\",\"url\":\"https:\/\/etako.sk\/eshop\/\",\"name\":\"ETAKO e-shop\",\"description\":\"Etako\",\"potentialAction\":[{\"@type\":\"SearchAction\",\"target\":{\"@type\":\"EntryPoint\",\"urlTemplate\":\"https:\/\/etako.sk\/eshop\/?s={search_term_string}\"},\"query-input\":{\"@type\":\"PropertyValueSpecification\",\"valueRequired\":true,\"valueName\":\"search_term_string\"}}],\"inLanguage\":\"sk-SK\"}]}<\/script>\n<!-- \/ Yoast SEO plugin. -->","yoast_head_json":{"title":"Nohavi\u010dky LOL 3 ks v balen\u00ed - ETAKO e-shop","robots":{"index":"index","follow":"follow","max-snippet":"max-snippet:-1","max-image-preview":"max-image-preview:large","max-video-preview":"max-video-preview:-1"},"canonical":"https:\/\/etako.sk\/eshop\/produkt\/nohavicky-lol-3-ks-v-baleni\/","twitter_card":"summary_large_image","twitter_title":"Nohavi\u010dky LOL 3 ks v balen\u00ed - ETAKO e-shop","twitter_description":"Materi\u00e1l: 100% bavlna Balenie: v balen\u00ed po 3 kusy EAN:5949082509849 Krajina p\u00f4vodu: \u010c\u00edna","twitter_image":"https:\/\/i0.wp.com\/etako.sk\/eshop\/wp-content\/uploads\/2023\/10\/PMKzj1Aqyt5_s460xn.jpg?fit=460%2C156&ssl=1","twitter_misc":{"Predpokladan\u00fd \u010das \u010d\u00edtania":"1 min\u00fata"},"schema":{"@context":"https:\/\/schema.org","@graph":[{"@type":"WebPage","@id":"https:\/\/etako.sk\/eshop\/produkt\/nohavicky-lol-3-ks-v-baleni\/","url":"https:\/\/etako.sk\/eshop\/produkt\/nohavicky-lol-3-ks-v-baleni\/","name":"Nohavi\u010dky LOL 3 ks v balen\u00ed - ETAKO e-shop","isPartOf":{"@id":"https:\/\/etako.sk\/eshop\/#website"},"primaryImageOfPage":{"@id":"https:\/\/etako.sk\/eshop\/produkt\/nohavicky-lol-3-ks-v-baleni\/#primaryimage"},"image":{"@id":"https:\/\/etako.sk\/eshop\/produkt\/nohavicky-lol-3-ks-v-baleni\/#primaryimage"},"thumbnailUrl":"https:\/\/i0.wp.com\/etako.sk\/eshop\/wp-content\/uploads\/2023\/10\/PMKzj1Aqyt5_s460xn.jpg?fit=460%2C156&ssl=1","datePublished":"2023-10-19T17:44:42+00:00","dateModified":"2026-02-03T19:23:08+00:00","breadcrumb":{"@id":"https:\/\/etako.sk\/eshop\/produkt\/nohavicky-lol-3-ks-v-baleni\/#breadcrumb"},"inLanguage":"sk-SK","potentialAction":[{"@type":"ReadAction","target":["https:\/\/etako.sk\/eshop\/produkt\/nohavicky-lol-3-ks-v-baleni\/"]}]},{"@type":"ImageObject","inLanguage":"sk-SK","@id":"https:\/\/etako.sk\/eshop\/produkt\/nohavicky-lol-3-ks-v-baleni\/#primaryimage","url":"https:\/\/i0.wp.com\/etako.sk\/eshop\/wp-content\/uploads\/2023\/10\/PMKzj1Aqyt5_s460xn.jpg?fit=460%2C156&ssl=1","contentUrl":"https:\/\/i0.wp.com\/etako.sk\/eshop\/wp-content\/uploads\/2023\/10\/PMKzj1Aqyt5_s460xn.jpg?fit=460%2C156&ssl=1","width":460,"height":156},{"@type":"BreadcrumbList","@id":"https:\/\/etako.sk\/eshop\/produkt\/nohavicky-lol-3-ks-v-baleni\/#breadcrumb","itemListElement":[{"@type":"ListItem","position":1,"name":"Domovsk\u00e1 str\u00e1nka","item":"https:\/\/etako.sk\/eshop\/"},{"@type":"ListItem","position":2,"name":"Obchod","item":"https:\/\/etako.sk\/eshop\/shop\/"},{"@type":"ListItem","position":3,"name":"Nohavi\u010dky LOL 3 ks v balen\u00ed"}]},{"@type":"WebSite","@id":"https:\/\/etako.sk\/eshop\/#website","url":"https:\/\/etako.sk\/eshop\/","name":"ETAKO e-shop","description":"Etako","potentialAction":[{"@type":"SearchAction","target":{"@type":"EntryPoint","urlTemplate":"https:\/\/etako.sk\/eshop\/?s={search_term_string}"},"query-input":{"@type":"PropertyValueSpecification","valueRequired":true,"valueName":"search_term_string"}}],"inLanguage":"sk-SK"}]}},"jetpack_sharing_enabled":true,"_links":{"self":[{"href":"https:\/\/etako.sk\/eshop\/wp-json\/wp\/v2\/product\/13632","targetHints":{"allow":["GET"]}}],"collection":[{"href":"https:\/\/etako.sk\/eshop\/wp-json\/wp\/v2\/product"}],"about":[{"href":"https:\/\/etako.sk\/eshop\/wp-json\/wp\/v2\/types\/product"}],"replies":[{"embeddable":true,"href":"https:\/\/etako.sk\/eshop\/wp-json\/wp\/v2\/comments?post=13632"}],"version-history":[{"count":1,"href":"https:\/\/etako.sk\/eshop\/wp-json\/wp\/v2\/product\/13632\/revisions"}],"predecessor-version":[{"id":49220,"href":"https:\/\/etako.sk\/eshop\/wp-json\/wp\/v2\/product\/13632\/revisions\/49220"}],"wp:featuredmedia":[{"embeddable":true,"href":"https:\/\/etako.sk\/eshop\/wp-json\/wp\/v2\/media\/13634"}],"wp:attachment":[{"href":"https:\/\/etako.sk\/eshop\/wp-json\/wp\/v2\/media?parent=13632"}],"wp:term":[{"taxonomy":"product_brand","embeddable":true,"href":"https:\/\/etako.sk\/eshop\/wp-json\/wp\/v2\/product_brand?post=13632"},{"taxonomy":"product_cat","embeddable":true,"href":"https:\/\/etako.sk\/eshop\/wp-json\/wp\/v2\/product_cat?post=13632"},{"taxonomy":"product_tag","embeddable":true,"href":"https:\/\/etako.sk\/eshop\/wp-json\/wp\/v2\/product_tag?post=13632"}],"curies":[{"name":"wp","href":"https:\/\/api.w.org\/{rel}","templated":true}]}}