{"id":13593,"date":"2023-10-19T19:09:02","date_gmt":"2023-10-19T17:09:02","guid":{"rendered":"https:\/\/etako.sk\/eshop\/?post_type=product&#038;p=13593"},"modified":"2023-10-31T18:25:08","modified_gmt":"2023-10-31T16:25:08","slug":"bubaba-detsky-frote-zupan-modry","status":"publish","type":"product","link":"https:\/\/etako.sk\/eshop\/produkt\/bubaba-detsky-frote-zupan-modry\/","title":{"rendered":"Bubaba detsk\u00fd frot\u00e9 \u017eupan modr\u00fd"},"content":{"rendered":"<p>Detsk\u00fd \u017eupan Bubaba je vynikaj\u00faci po k\u00fapan\u00ed alebo po sprchovan\u00ed. Vhodn\u00fd je tie\u017e po pl\u00e1van\u00ed v baz\u00e9ne alebo pri mori. Zhotovuje sa z Frot\u00e9 materi\u00e1lu, ktor\u00fd je ve\u013emi pr\u00edjemn\u00fd na dotyk a \u0161etrn\u00fd k detskej poko\u017eke.<br \/>\nMateri\u00e1l: 90% bavlna, 10% polyester &#8211; frot\u00e9<br \/>\nVe\u013ekosti: 86\/92<\/p>\n","protected":false},"excerpt":{"rendered":"<p>Detsk\u00fd \u017eupan Bubaba je vynikaj\u00faci po k\u00fapan\u00ed alebo po sprchovan\u00ed. Vhodn\u00fd je tie\u017e po pl\u00e1van\u00ed v baz\u00e9ne alebo pri mori.<\/p>\n","protected":false},"featured_media":13596,"comment_status":"closed","ping_status":"closed","template":"","meta":{"jetpack_publicize_message":"","jetpack_publicize_feature_enabled":true,"jetpack_social_post_already_shared":false,"jetpack_social_options":{"image_generator_settings":{"template":"highway","enabled":false},"version":2}},"product_brand":[],"product_cat":[146,560],"product_tag":[],"class_list":{"0":"post-13593","1":"product","2":"type-product","3":"status-publish","4":"has-post-thumbnail","6":"product_cat-chlapci-velkost-od-0-10-rokov-50-140-cm","7":"product_cat-zupan","8":"product_shipping_class-standard","9":"pa_velkost-86-92","11":"","12":"instock","13":"taxable","14":"shipping-taxable","15":"purchasable","16":"product-type-variable"},"jetpack_publicize_connections":[],"yoast_head":"<!-- This site is optimized with the Yoast SEO plugin v25.6 - https:\/\/yoast.com\/wordpress\/plugins\/seo\/ -->\n<title>Bubaba detsk\u00fd frot\u00e9 \u017eupan modr\u00fd - ETAKO e-shop<\/title>\n<meta name=\"robots\" content=\"index, follow, max-snippet:-1, max-image-preview:large, max-video-preview:-1\" \/>\n<link rel=\"canonical\" href=\"https:\/\/etako.sk\/eshop\/produkt\/bubaba-detsky-frote-zupan-modry\/\" \/>\n<meta name=\"twitter:card\" content=\"summary_large_image\" \/>\n<meta name=\"twitter:title\" content=\"Bubaba detsk\u00fd frot\u00e9 \u017eupan modr\u00fd - ETAKO e-shop\" \/>\n<meta name=\"twitter:description\" content=\"Detsk\u00fd \u017eupan Bubaba je vynikaj\u00faci po k\u00fapan\u00ed alebo po sprchovan\u00ed. Vhodn\u00fd je tie\u017e po pl\u00e1van\u00ed v baz\u00e9ne alebo pri mori.\" \/>\n<meta name=\"twitter:image\" content=\"https:\/\/i0.wp.com\/etako.sk\/eshop\/wp-content\/uploads\/2023\/10\/nAPfo0cZDKH_s460xn.jpg?fit=460%2C321&ssl=1\" \/>\n<meta name=\"twitter:label1\" content=\"Predpokladan\u00fd \u010das \u010d\u00edtania\" \/>\n\t<meta name=\"twitter:data1\" content=\"1 min\u00fata\" \/>\n<script type=\"application\/ld+json\" class=\"yoast-schema-graph\">{\"@context\":\"https:\/\/schema.org\",\"@graph\":[{\"@type\":\"WebPage\",\"@id\":\"https:\/\/etako.sk\/eshop\/produkt\/bubaba-detsky-frote-zupan-modry\/\",\"url\":\"https:\/\/etako.sk\/eshop\/produkt\/bubaba-detsky-frote-zupan-modry\/\",\"name\":\"Bubaba detsk\u00fd frot\u00e9 \u017eupan modr\u00fd - ETAKO e-shop\",\"isPartOf\":{\"@id\":\"https:\/\/etako.sk\/eshop\/#website\"},\"primaryImageOfPage\":{\"@id\":\"https:\/\/etako.sk\/eshop\/produkt\/bubaba-detsky-frote-zupan-modry\/#primaryimage\"},\"image\":{\"@id\":\"https:\/\/etako.sk\/eshop\/produkt\/bubaba-detsky-frote-zupan-modry\/#primaryimage\"},\"thumbnailUrl\":\"https:\/\/i0.wp.com\/etako.sk\/eshop\/wp-content\/uploads\/2023\/10\/nAPfo0cZDKH_s460xn.jpg?fit=460%2C321&ssl=1\",\"datePublished\":\"2023-10-19T17:09:02+00:00\",\"dateModified\":\"2023-10-31T16:25:08+00:00\",\"breadcrumb\":{\"@id\":\"https:\/\/etako.sk\/eshop\/produkt\/bubaba-detsky-frote-zupan-modry\/#breadcrumb\"},\"inLanguage\":\"sk-SK\",\"potentialAction\":[{\"@type\":\"ReadAction\",\"target\":[\"https:\/\/etako.sk\/eshop\/produkt\/bubaba-detsky-frote-zupan-modry\/\"]}]},{\"@type\":\"ImageObject\",\"inLanguage\":\"sk-SK\",\"@id\":\"https:\/\/etako.sk\/eshop\/produkt\/bubaba-detsky-frote-zupan-modry\/#primaryimage\",\"url\":\"https:\/\/i0.wp.com\/etako.sk\/eshop\/wp-content\/uploads\/2023\/10\/nAPfo0cZDKH_s460xn.jpg?fit=460%2C321&ssl=1\",\"contentUrl\":\"https:\/\/i0.wp.com\/etako.sk\/eshop\/wp-content\/uploads\/2023\/10\/nAPfo0cZDKH_s460xn.jpg?fit=460%2C321&ssl=1\",\"width\":460,\"height\":321},{\"@type\":\"BreadcrumbList\",\"@id\":\"https:\/\/etako.sk\/eshop\/produkt\/bubaba-detsky-frote-zupan-modry\/#breadcrumb\",\"itemListElement\":[{\"@type\":\"ListItem\",\"position\":1,\"name\":\"Domovsk\u00e1 str\u00e1nka\",\"item\":\"https:\/\/etako.sk\/eshop\/\"},{\"@type\":\"ListItem\",\"position\":2,\"name\":\"Obchod\",\"item\":\"https:\/\/etako.sk\/eshop\/shop\/\"},{\"@type\":\"ListItem\",\"position\":3,\"name\":\"Bubaba detsk\u00fd frot\u00e9 \u017eupan modr\u00fd\"}]},{\"@type\":\"WebSite\",\"@id\":\"https:\/\/etako.sk\/eshop\/#website\",\"url\":\"https:\/\/etako.sk\/eshop\/\",\"name\":\"ETAKO e-shop\",\"description\":\"Etako\",\"potentialAction\":[{\"@type\":\"SearchAction\",\"target\":{\"@type\":\"EntryPoint\",\"urlTemplate\":\"https:\/\/etako.sk\/eshop\/?s={search_term_string}\"},\"query-input\":{\"@type\":\"PropertyValueSpecification\",\"valueRequired\":true,\"valueName\":\"search_term_string\"}}],\"inLanguage\":\"sk-SK\"}]}<\/script>\n<!-- \/ Yoast SEO plugin. -->","yoast_head_json":{"title":"Bubaba detsk\u00fd frot\u00e9 \u017eupan modr\u00fd - ETAKO e-shop","robots":{"index":"index","follow":"follow","max-snippet":"max-snippet:-1","max-image-preview":"max-image-preview:large","max-video-preview":"max-video-preview:-1"},"canonical":"https:\/\/etako.sk\/eshop\/produkt\/bubaba-detsky-frote-zupan-modry\/","twitter_card":"summary_large_image","twitter_title":"Bubaba detsk\u00fd frot\u00e9 \u017eupan modr\u00fd - ETAKO e-shop","twitter_description":"Detsk\u00fd \u017eupan Bubaba je vynikaj\u00faci po k\u00fapan\u00ed alebo po sprchovan\u00ed. Vhodn\u00fd je tie\u017e po pl\u00e1van\u00ed v baz\u00e9ne alebo pri mori.","twitter_image":"https:\/\/i0.wp.com\/etako.sk\/eshop\/wp-content\/uploads\/2023\/10\/nAPfo0cZDKH_s460xn.jpg?fit=460%2C321&ssl=1","twitter_misc":{"Predpokladan\u00fd \u010das \u010d\u00edtania":"1 min\u00fata"},"schema":{"@context":"https:\/\/schema.org","@graph":[{"@type":"WebPage","@id":"https:\/\/etako.sk\/eshop\/produkt\/bubaba-detsky-frote-zupan-modry\/","url":"https:\/\/etako.sk\/eshop\/produkt\/bubaba-detsky-frote-zupan-modry\/","name":"Bubaba detsk\u00fd frot\u00e9 \u017eupan modr\u00fd - ETAKO e-shop","isPartOf":{"@id":"https:\/\/etako.sk\/eshop\/#website"},"primaryImageOfPage":{"@id":"https:\/\/etako.sk\/eshop\/produkt\/bubaba-detsky-frote-zupan-modry\/#primaryimage"},"image":{"@id":"https:\/\/etako.sk\/eshop\/produkt\/bubaba-detsky-frote-zupan-modry\/#primaryimage"},"thumbnailUrl":"https:\/\/i0.wp.com\/etako.sk\/eshop\/wp-content\/uploads\/2023\/10\/nAPfo0cZDKH_s460xn.jpg?fit=460%2C321&ssl=1","datePublished":"2023-10-19T17:09:02+00:00","dateModified":"2023-10-31T16:25:08+00:00","breadcrumb":{"@id":"https:\/\/etako.sk\/eshop\/produkt\/bubaba-detsky-frote-zupan-modry\/#breadcrumb"},"inLanguage":"sk-SK","potentialAction":[{"@type":"ReadAction","target":["https:\/\/etako.sk\/eshop\/produkt\/bubaba-detsky-frote-zupan-modry\/"]}]},{"@type":"ImageObject","inLanguage":"sk-SK","@id":"https:\/\/etako.sk\/eshop\/produkt\/bubaba-detsky-frote-zupan-modry\/#primaryimage","url":"https:\/\/i0.wp.com\/etako.sk\/eshop\/wp-content\/uploads\/2023\/10\/nAPfo0cZDKH_s460xn.jpg?fit=460%2C321&ssl=1","contentUrl":"https:\/\/i0.wp.com\/etako.sk\/eshop\/wp-content\/uploads\/2023\/10\/nAPfo0cZDKH_s460xn.jpg?fit=460%2C321&ssl=1","width":460,"height":321},{"@type":"BreadcrumbList","@id":"https:\/\/etako.sk\/eshop\/produkt\/bubaba-detsky-frote-zupan-modry\/#breadcrumb","itemListElement":[{"@type":"ListItem","position":1,"name":"Domovsk\u00e1 str\u00e1nka","item":"https:\/\/etako.sk\/eshop\/"},{"@type":"ListItem","position":2,"name":"Obchod","item":"https:\/\/etako.sk\/eshop\/shop\/"},{"@type":"ListItem","position":3,"name":"Bubaba detsk\u00fd frot\u00e9 \u017eupan modr\u00fd"}]},{"@type":"WebSite","@id":"https:\/\/etako.sk\/eshop\/#website","url":"https:\/\/etako.sk\/eshop\/","name":"ETAKO e-shop","description":"Etako","potentialAction":[{"@type":"SearchAction","target":{"@type":"EntryPoint","urlTemplate":"https:\/\/etako.sk\/eshop\/?s={search_term_string}"},"query-input":{"@type":"PropertyValueSpecification","valueRequired":true,"valueName":"search_term_string"}}],"inLanguage":"sk-SK"}]}},"jetpack_sharing_enabled":true,"_links":{"self":[{"href":"https:\/\/etako.sk\/eshop\/wp-json\/wp\/v2\/product\/13593","targetHints":{"allow":["GET"]}}],"collection":[{"href":"https:\/\/etako.sk\/eshop\/wp-json\/wp\/v2\/product"}],"about":[{"href":"https:\/\/etako.sk\/eshop\/wp-json\/wp\/v2\/types\/product"}],"replies":[{"embeddable":true,"href":"https:\/\/etako.sk\/eshop\/wp-json\/wp\/v2\/comments?post=13593"}],"version-history":[{"count":0,"href":"https:\/\/etako.sk\/eshop\/wp-json\/wp\/v2\/product\/13593\/revisions"}],"wp:featuredmedia":[{"embeddable":true,"href":"https:\/\/etako.sk\/eshop\/wp-json\/wp\/v2\/media\/13596"}],"wp:attachment":[{"href":"https:\/\/etako.sk\/eshop\/wp-json\/wp\/v2\/media?parent=13593"}],"wp:term":[{"taxonomy":"product_brand","embeddable":true,"href":"https:\/\/etako.sk\/eshop\/wp-json\/wp\/v2\/product_brand?post=13593"},{"taxonomy":"product_cat","embeddable":true,"href":"https:\/\/etako.sk\/eshop\/wp-json\/wp\/v2\/product_cat?post=13593"},{"taxonomy":"product_tag","embeddable":true,"href":"https:\/\/etako.sk\/eshop\/wp-json\/wp\/v2\/product_tag?post=13593"}],"curies":[{"name":"wp","href":"https:\/\/api.w.org\/{rel}","templated":true}]}}