{"id":13588,"date":"2023-10-19T08:47:45","date_gmt":"2023-10-19T06:47:45","guid":{"rendered":"https:\/\/etako.sk\/eshop\/?post_type=product&#038;p=13588"},"modified":"2026-01-06T14:38:49","modified_gmt":"2026-01-06T12:38:49","slug":"teplakova-suprava-poziarnik-sam-991-363","status":"publish","type":"product","link":"https:\/\/etako.sk\/eshop\/produkt\/teplakova-suprava-poziarnik-sam-991-363\/","title":{"rendered":"Tepl\u00e1kov\u00e1 s\u00faprava po\u017eiarnik Sam 991-363"},"content":{"rendered":"<p>Materi\u00e1l: 35% bavlna, 65% polyester<\/p>\n","protected":false},"excerpt":{"rendered":"<p>Materi\u00e1l: 35% bavlna, 65% polyester<\/p>\n","protected":false},"featured_media":13592,"comment_status":"closed","ping_status":"closed","template":"","meta":{"jetpack_publicize_message":"","jetpack_publicize_feature_enabled":true,"jetpack_social_post_already_shared":false,"jetpack_social_options":{"image_generator_settings":{"template":"highway","enabled":false},"version":2}},"product_brand":[],"product_cat":[56],"product_tag":[],"class_list":{"0":"post-13588","1":"product","2":"type-product","3":"status-publish","4":"has-post-thumbnail","6":"product_cat-oblecenie-v-80-9-12-mesiacov-oblecenie-v-74-6-9-mesiacov-oblecenie-v-68-3-6-mesiacov-oblecenie-v-62-2-4-mesiace","7":"product_shipping_class-standard","8":"pa_velkost-395","9":"pa_velkost-230","11":"","12":"instock","13":"taxable","14":"shipping-taxable","15":"purchasable","16":"product-type-variable"},"jetpack_publicize_connections":[],"yoast_head":"<!-- This site is optimized with the Yoast SEO plugin v25.6 - https:\/\/yoast.com\/wordpress\/plugins\/seo\/ -->\n<title>Tepl\u00e1kov\u00e1 s\u00faprava po\u017eiarnik Sam 991-363 - ETAKO e-shop<\/title>\n<meta name=\"robots\" content=\"index, follow, max-snippet:-1, max-image-preview:large, max-video-preview:-1\" \/>\n<link rel=\"canonical\" href=\"https:\/\/etako.sk\/eshop\/produkt\/teplakova-suprava-poziarnik-sam-991-363\/\" \/>\n<meta name=\"twitter:card\" content=\"summary_large_image\" \/>\n<meta name=\"twitter:title\" content=\"Tepl\u00e1kov\u00e1 s\u00faprava po\u017eiarnik Sam 991-363 - ETAKO e-shop\" \/>\n<meta name=\"twitter:description\" content=\"Materi\u00e1l: 35% bavlna, 65% polyester\" \/>\n<meta name=\"twitter:image\" content=\"https:\/\/i0.wp.com\/etako.sk\/eshop\/wp-content\/uploads\/2023\/10\/hZ5ku60YyBt_s460xn.jpg?fit=460%2C613&ssl=1\" \/>\n<meta name=\"twitter:label1\" content=\"Predpokladan\u00fd \u010das \u010d\u00edtania\" \/>\n\t<meta name=\"twitter:data1\" content=\"1 min\u00fata\" \/>\n<script type=\"application\/ld+json\" class=\"yoast-schema-graph\">{\"@context\":\"https:\/\/schema.org\",\"@graph\":[{\"@type\":\"WebPage\",\"@id\":\"https:\/\/etako.sk\/eshop\/produkt\/teplakova-suprava-poziarnik-sam-991-363\/\",\"url\":\"https:\/\/etako.sk\/eshop\/produkt\/teplakova-suprava-poziarnik-sam-991-363\/\",\"name\":\"Tepl\u00e1kov\u00e1 s\u00faprava po\u017eiarnik Sam 991-363 - ETAKO e-shop\",\"isPartOf\":{\"@id\":\"https:\/\/etako.sk\/eshop\/#website\"},\"primaryImageOfPage\":{\"@id\":\"https:\/\/etako.sk\/eshop\/produkt\/teplakova-suprava-poziarnik-sam-991-363\/#primaryimage\"},\"image\":{\"@id\":\"https:\/\/etako.sk\/eshop\/produkt\/teplakova-suprava-poziarnik-sam-991-363\/#primaryimage\"},\"thumbnailUrl\":\"https:\/\/i0.wp.com\/etako.sk\/eshop\/wp-content\/uploads\/2023\/10\/hZ5ku60YyBt_s460xn.jpg?fit=460%2C613&ssl=1\",\"datePublished\":\"2023-10-19T06:47:45+00:00\",\"dateModified\":\"2026-01-06T12:38:49+00:00\",\"breadcrumb\":{\"@id\":\"https:\/\/etako.sk\/eshop\/produkt\/teplakova-suprava-poziarnik-sam-991-363\/#breadcrumb\"},\"inLanguage\":\"sk-SK\",\"potentialAction\":[{\"@type\":\"ReadAction\",\"target\":[\"https:\/\/etako.sk\/eshop\/produkt\/teplakova-suprava-poziarnik-sam-991-363\/\"]}]},{\"@type\":\"ImageObject\",\"inLanguage\":\"sk-SK\",\"@id\":\"https:\/\/etako.sk\/eshop\/produkt\/teplakova-suprava-poziarnik-sam-991-363\/#primaryimage\",\"url\":\"https:\/\/i0.wp.com\/etako.sk\/eshop\/wp-content\/uploads\/2023\/10\/hZ5ku60YyBt_s460xn.jpg?fit=460%2C613&ssl=1\",\"contentUrl\":\"https:\/\/i0.wp.com\/etako.sk\/eshop\/wp-content\/uploads\/2023\/10\/hZ5ku60YyBt_s460xn.jpg?fit=460%2C613&ssl=1\",\"width\":460,\"height\":613},{\"@type\":\"BreadcrumbList\",\"@id\":\"https:\/\/etako.sk\/eshop\/produkt\/teplakova-suprava-poziarnik-sam-991-363\/#breadcrumb\",\"itemListElement\":[{\"@type\":\"ListItem\",\"position\":1,\"name\":\"Domovsk\u00e1 str\u00e1nka\",\"item\":\"https:\/\/etako.sk\/eshop\/\"},{\"@type\":\"ListItem\",\"position\":2,\"name\":\"Obchod\",\"item\":\"https:\/\/etako.sk\/eshop\/shop\/\"},{\"@type\":\"ListItem\",\"position\":3,\"name\":\"Tepl\u00e1kov\u00e1 s\u00faprava po\u017eiarnik Sam 991-363\"}]},{\"@type\":\"WebSite\",\"@id\":\"https:\/\/etako.sk\/eshop\/#website\",\"url\":\"https:\/\/etako.sk\/eshop\/\",\"name\":\"ETAKO e-shop\",\"description\":\"Etako\",\"potentialAction\":[{\"@type\":\"SearchAction\",\"target\":{\"@type\":\"EntryPoint\",\"urlTemplate\":\"https:\/\/etako.sk\/eshop\/?s={search_term_string}\"},\"query-input\":{\"@type\":\"PropertyValueSpecification\",\"valueRequired\":true,\"valueName\":\"search_term_string\"}}],\"inLanguage\":\"sk-SK\"}]}<\/script>\n<!-- \/ Yoast SEO plugin. -->","yoast_head_json":{"title":"Tepl\u00e1kov\u00e1 s\u00faprava po\u017eiarnik Sam 991-363 - ETAKO e-shop","robots":{"index":"index","follow":"follow","max-snippet":"max-snippet:-1","max-image-preview":"max-image-preview:large","max-video-preview":"max-video-preview:-1"},"canonical":"https:\/\/etako.sk\/eshop\/produkt\/teplakova-suprava-poziarnik-sam-991-363\/","twitter_card":"summary_large_image","twitter_title":"Tepl\u00e1kov\u00e1 s\u00faprava po\u017eiarnik Sam 991-363 - ETAKO e-shop","twitter_description":"Materi\u00e1l: 35% bavlna, 65% polyester","twitter_image":"https:\/\/i0.wp.com\/etako.sk\/eshop\/wp-content\/uploads\/2023\/10\/hZ5ku60YyBt_s460xn.jpg?fit=460%2C613&ssl=1","twitter_misc":{"Predpokladan\u00fd \u010das \u010d\u00edtania":"1 min\u00fata"},"schema":{"@context":"https:\/\/schema.org","@graph":[{"@type":"WebPage","@id":"https:\/\/etako.sk\/eshop\/produkt\/teplakova-suprava-poziarnik-sam-991-363\/","url":"https:\/\/etako.sk\/eshop\/produkt\/teplakova-suprava-poziarnik-sam-991-363\/","name":"Tepl\u00e1kov\u00e1 s\u00faprava po\u017eiarnik Sam 991-363 - ETAKO e-shop","isPartOf":{"@id":"https:\/\/etako.sk\/eshop\/#website"},"primaryImageOfPage":{"@id":"https:\/\/etako.sk\/eshop\/produkt\/teplakova-suprava-poziarnik-sam-991-363\/#primaryimage"},"image":{"@id":"https:\/\/etako.sk\/eshop\/produkt\/teplakova-suprava-poziarnik-sam-991-363\/#primaryimage"},"thumbnailUrl":"https:\/\/i0.wp.com\/etako.sk\/eshop\/wp-content\/uploads\/2023\/10\/hZ5ku60YyBt_s460xn.jpg?fit=460%2C613&ssl=1","datePublished":"2023-10-19T06:47:45+00:00","dateModified":"2026-01-06T12:38:49+00:00","breadcrumb":{"@id":"https:\/\/etako.sk\/eshop\/produkt\/teplakova-suprava-poziarnik-sam-991-363\/#breadcrumb"},"inLanguage":"sk-SK","potentialAction":[{"@type":"ReadAction","target":["https:\/\/etako.sk\/eshop\/produkt\/teplakova-suprava-poziarnik-sam-991-363\/"]}]},{"@type":"ImageObject","inLanguage":"sk-SK","@id":"https:\/\/etako.sk\/eshop\/produkt\/teplakova-suprava-poziarnik-sam-991-363\/#primaryimage","url":"https:\/\/i0.wp.com\/etako.sk\/eshop\/wp-content\/uploads\/2023\/10\/hZ5ku60YyBt_s460xn.jpg?fit=460%2C613&ssl=1","contentUrl":"https:\/\/i0.wp.com\/etako.sk\/eshop\/wp-content\/uploads\/2023\/10\/hZ5ku60YyBt_s460xn.jpg?fit=460%2C613&ssl=1","width":460,"height":613},{"@type":"BreadcrumbList","@id":"https:\/\/etako.sk\/eshop\/produkt\/teplakova-suprava-poziarnik-sam-991-363\/#breadcrumb","itemListElement":[{"@type":"ListItem","position":1,"name":"Domovsk\u00e1 str\u00e1nka","item":"https:\/\/etako.sk\/eshop\/"},{"@type":"ListItem","position":2,"name":"Obchod","item":"https:\/\/etako.sk\/eshop\/shop\/"},{"@type":"ListItem","position":3,"name":"Tepl\u00e1kov\u00e1 s\u00faprava po\u017eiarnik Sam 991-363"}]},{"@type":"WebSite","@id":"https:\/\/etako.sk\/eshop\/#website","url":"https:\/\/etako.sk\/eshop\/","name":"ETAKO e-shop","description":"Etako","potentialAction":[{"@type":"SearchAction","target":{"@type":"EntryPoint","urlTemplate":"https:\/\/etako.sk\/eshop\/?s={search_term_string}"},"query-input":{"@type":"PropertyValueSpecification","valueRequired":true,"valueName":"search_term_string"}}],"inLanguage":"sk-SK"}]}},"jetpack_sharing_enabled":true,"_links":{"self":[{"href":"https:\/\/etako.sk\/eshop\/wp-json\/wp\/v2\/product\/13588","targetHints":{"allow":["GET"]}}],"collection":[{"href":"https:\/\/etako.sk\/eshop\/wp-json\/wp\/v2\/product"}],"about":[{"href":"https:\/\/etako.sk\/eshop\/wp-json\/wp\/v2\/types\/product"}],"replies":[{"embeddable":true,"href":"https:\/\/etako.sk\/eshop\/wp-json\/wp\/v2\/comments?post=13588"}],"version-history":[{"count":1,"href":"https:\/\/etako.sk\/eshop\/wp-json\/wp\/v2\/product\/13588\/revisions"}],"predecessor-version":[{"id":49128,"href":"https:\/\/etako.sk\/eshop\/wp-json\/wp\/v2\/product\/13588\/revisions\/49128"}],"wp:featuredmedia":[{"embeddable":true,"href":"https:\/\/etako.sk\/eshop\/wp-json\/wp\/v2\/media\/13592"}],"wp:attachment":[{"href":"https:\/\/etako.sk\/eshop\/wp-json\/wp\/v2\/media?parent=13588"}],"wp:term":[{"taxonomy":"product_brand","embeddable":true,"href":"https:\/\/etako.sk\/eshop\/wp-json\/wp\/v2\/product_brand?post=13588"},{"taxonomy":"product_cat","embeddable":true,"href":"https:\/\/etako.sk\/eshop\/wp-json\/wp\/v2\/product_cat?post=13588"},{"taxonomy":"product_tag","embeddable":true,"href":"https:\/\/etako.sk\/eshop\/wp-json\/wp\/v2\/product_tag?post=13588"}],"curies":[{"name":"wp","href":"https:\/\/api.w.org\/{rel}","templated":true}]}}