{"id":12902,"date":"2023-08-07T12:52:26","date_gmt":"2023-08-07T10:52:26","guid":{"rendered":"http:\/\/etako.sk\/eshop\/?post_type=product&#038;p=12902"},"modified":"2026-01-07T13:56:51","modified_gmt":"2026-01-07T11:56:51","slug":"teplakove-nohavice-minnie-991-157","status":"publish","type":"product","link":"https:\/\/etako.sk\/eshop\/produkt\/teplakove-nohavice-minnie-991-157\/","title":{"rendered":"Tepl\u00e1kov\u00e9 nohavice Minnie 991-157"},"content":{"rendered":"<p>Materi\u00e1l: 90 % bavlna, 10% visk\u00f3za, nepo\u010desan\u00e9<br \/>\nFarba z\u00e1vis\u00ed od dod\u00e1vate\u013ea<br \/>\nEAN: 5999100311572<br \/>\nVyroben\u00e9 v \u010cine<\/p>\n","protected":false},"excerpt":{"rendered":"<p>Materi\u00e1l: 90 % bavlna, 10% visk\u00f3za, nepo\u010desan\u00e9 Farba z\u00e1vis\u00ed od dod\u00e1vate\u013ea EAN: 5999100311572 Vyroben\u00e9 v \u010cine<\/p>\n","protected":false},"featured_media":12905,"comment_status":"closed","ping_status":"closed","template":"","meta":{"jetpack_publicize_message":"","jetpack_publicize_feature_enabled":true,"jetpack_social_post_already_shared":false,"jetpack_social_options":{"image_generator_settings":{"template":"highway","enabled":false},"version":2}},"product_brand":[],"product_cat":[147,50],"product_tag":[],"class_list":{"0":"post-12902","1":"product","2":"type-product","3":"status-publish","4":"has-post-thumbnail","6":"product_cat-dievcata-velkost-od-0-10-rokov-50-140-cm","7":"product_cat-oblecenie-134-8-9-rokov","8":"product_shipping_class-standard","9":"pa_velkost-232","10":"pa_velkost-407","12":"","13":"instock","14":"taxable","15":"shipping-taxable","16":"purchasable","17":"product-type-variable"},"jetpack_publicize_connections":[],"yoast_head":"<!-- This site is optimized with the Yoast SEO plugin v25.6 - https:\/\/yoast.com\/wordpress\/plugins\/seo\/ -->\n<title>Tepl\u00e1kov\u00e9 nohavice Minnie 991-157 - ETAKO e-shop<\/title>\n<meta name=\"robots\" content=\"index, follow, max-snippet:-1, max-image-preview:large, max-video-preview:-1\" \/>\n<link rel=\"canonical\" href=\"https:\/\/etako.sk\/eshop\/produkt\/teplakove-nohavice-minnie-991-157\/\" \/>\n<meta name=\"twitter:card\" content=\"summary_large_image\" \/>\n<meta name=\"twitter:title\" content=\"Tepl\u00e1kov\u00e9 nohavice Minnie 991-157 - ETAKO e-shop\" \/>\n<meta name=\"twitter:description\" content=\"Materi\u00e1l: 90 % bavlna, 10% visk\u00f3za, nepo\u010desan\u00e9 Farba z\u00e1vis\u00ed od dod\u00e1vate\u013ea EAN: 5999100311572 Vyroben\u00e9 v \u010cine\" \/>\n<meta name=\"twitter:image\" content=\"https:\/\/i0.wp.com\/etako.sk\/eshop\/wp-content\/uploads\/2023\/08\/ZT8NGUIFf1k_s460xn.jpg?fit=155%2C448&ssl=1\" \/>\n<meta name=\"twitter:label1\" content=\"Predpokladan\u00fd \u010das \u010d\u00edtania\" \/>\n\t<meta name=\"twitter:data1\" content=\"1 min\u00fata\" \/>\n<script type=\"application\/ld+json\" class=\"yoast-schema-graph\">{\"@context\":\"https:\/\/schema.org\",\"@graph\":[{\"@type\":\"WebPage\",\"@id\":\"https:\/\/etako.sk\/eshop\/produkt\/teplakove-nohavice-minnie-991-157\/\",\"url\":\"https:\/\/etako.sk\/eshop\/produkt\/teplakove-nohavice-minnie-991-157\/\",\"name\":\"Tepl\u00e1kov\u00e9 nohavice Minnie 991-157 - ETAKO e-shop\",\"isPartOf\":{\"@id\":\"https:\/\/etako.sk\/eshop\/#website\"},\"primaryImageOfPage\":{\"@id\":\"https:\/\/etako.sk\/eshop\/produkt\/teplakove-nohavice-minnie-991-157\/#primaryimage\"},\"image\":{\"@id\":\"https:\/\/etako.sk\/eshop\/produkt\/teplakove-nohavice-minnie-991-157\/#primaryimage\"},\"thumbnailUrl\":\"https:\/\/i0.wp.com\/etako.sk\/eshop\/wp-content\/uploads\/2023\/08\/ZT8NGUIFf1k_s460xn.jpg?fit=155%2C448&ssl=1\",\"datePublished\":\"2023-08-07T10:52:26+00:00\",\"dateModified\":\"2026-01-07T11:56:51+00:00\",\"breadcrumb\":{\"@id\":\"https:\/\/etako.sk\/eshop\/produkt\/teplakove-nohavice-minnie-991-157\/#breadcrumb\"},\"inLanguage\":\"sk-SK\",\"potentialAction\":[{\"@type\":\"ReadAction\",\"target\":[\"https:\/\/etako.sk\/eshop\/produkt\/teplakove-nohavice-minnie-991-157\/\"]}]},{\"@type\":\"ImageObject\",\"inLanguage\":\"sk-SK\",\"@id\":\"https:\/\/etako.sk\/eshop\/produkt\/teplakove-nohavice-minnie-991-157\/#primaryimage\",\"url\":\"https:\/\/i0.wp.com\/etako.sk\/eshop\/wp-content\/uploads\/2023\/08\/ZT8NGUIFf1k_s460xn.jpg?fit=155%2C448&ssl=1\",\"contentUrl\":\"https:\/\/i0.wp.com\/etako.sk\/eshop\/wp-content\/uploads\/2023\/08\/ZT8NGUIFf1k_s460xn.jpg?fit=155%2C448&ssl=1\",\"width\":155,\"height\":448},{\"@type\":\"BreadcrumbList\",\"@id\":\"https:\/\/etako.sk\/eshop\/produkt\/teplakove-nohavice-minnie-991-157\/#breadcrumb\",\"itemListElement\":[{\"@type\":\"ListItem\",\"position\":1,\"name\":\"Domovsk\u00e1 str\u00e1nka\",\"item\":\"https:\/\/etako.sk\/eshop\/\"},{\"@type\":\"ListItem\",\"position\":2,\"name\":\"Obchod\",\"item\":\"https:\/\/etako.sk\/eshop\/shop\/\"},{\"@type\":\"ListItem\",\"position\":3,\"name\":\"Tepl\u00e1kov\u00e9 nohavice Minnie 991-157\"}]},{\"@type\":\"WebSite\",\"@id\":\"https:\/\/etako.sk\/eshop\/#website\",\"url\":\"https:\/\/etako.sk\/eshop\/\",\"name\":\"ETAKO e-shop\",\"description\":\"Etako\",\"potentialAction\":[{\"@type\":\"SearchAction\",\"target\":{\"@type\":\"EntryPoint\",\"urlTemplate\":\"https:\/\/etako.sk\/eshop\/?s={search_term_string}\"},\"query-input\":{\"@type\":\"PropertyValueSpecification\",\"valueRequired\":true,\"valueName\":\"search_term_string\"}}],\"inLanguage\":\"sk-SK\"}]}<\/script>\n<!-- \/ Yoast SEO plugin. -->","yoast_head_json":{"title":"Tepl\u00e1kov\u00e9 nohavice Minnie 991-157 - ETAKO e-shop","robots":{"index":"index","follow":"follow","max-snippet":"max-snippet:-1","max-image-preview":"max-image-preview:large","max-video-preview":"max-video-preview:-1"},"canonical":"https:\/\/etako.sk\/eshop\/produkt\/teplakove-nohavice-minnie-991-157\/","twitter_card":"summary_large_image","twitter_title":"Tepl\u00e1kov\u00e9 nohavice Minnie 991-157 - ETAKO e-shop","twitter_description":"Materi\u00e1l: 90 % bavlna, 10% visk\u00f3za, nepo\u010desan\u00e9 Farba z\u00e1vis\u00ed od dod\u00e1vate\u013ea EAN: 5999100311572 Vyroben\u00e9 v \u010cine","twitter_image":"https:\/\/i0.wp.com\/etako.sk\/eshop\/wp-content\/uploads\/2023\/08\/ZT8NGUIFf1k_s460xn.jpg?fit=155%2C448&ssl=1","twitter_misc":{"Predpokladan\u00fd \u010das \u010d\u00edtania":"1 min\u00fata"},"schema":{"@context":"https:\/\/schema.org","@graph":[{"@type":"WebPage","@id":"https:\/\/etako.sk\/eshop\/produkt\/teplakove-nohavice-minnie-991-157\/","url":"https:\/\/etako.sk\/eshop\/produkt\/teplakove-nohavice-minnie-991-157\/","name":"Tepl\u00e1kov\u00e9 nohavice Minnie 991-157 - ETAKO e-shop","isPartOf":{"@id":"https:\/\/etako.sk\/eshop\/#website"},"primaryImageOfPage":{"@id":"https:\/\/etako.sk\/eshop\/produkt\/teplakove-nohavice-minnie-991-157\/#primaryimage"},"image":{"@id":"https:\/\/etako.sk\/eshop\/produkt\/teplakove-nohavice-minnie-991-157\/#primaryimage"},"thumbnailUrl":"https:\/\/i0.wp.com\/etako.sk\/eshop\/wp-content\/uploads\/2023\/08\/ZT8NGUIFf1k_s460xn.jpg?fit=155%2C448&ssl=1","datePublished":"2023-08-07T10:52:26+00:00","dateModified":"2026-01-07T11:56:51+00:00","breadcrumb":{"@id":"https:\/\/etako.sk\/eshop\/produkt\/teplakove-nohavice-minnie-991-157\/#breadcrumb"},"inLanguage":"sk-SK","potentialAction":[{"@type":"ReadAction","target":["https:\/\/etako.sk\/eshop\/produkt\/teplakove-nohavice-minnie-991-157\/"]}]},{"@type":"ImageObject","inLanguage":"sk-SK","@id":"https:\/\/etako.sk\/eshop\/produkt\/teplakove-nohavice-minnie-991-157\/#primaryimage","url":"https:\/\/i0.wp.com\/etako.sk\/eshop\/wp-content\/uploads\/2023\/08\/ZT8NGUIFf1k_s460xn.jpg?fit=155%2C448&ssl=1","contentUrl":"https:\/\/i0.wp.com\/etako.sk\/eshop\/wp-content\/uploads\/2023\/08\/ZT8NGUIFf1k_s460xn.jpg?fit=155%2C448&ssl=1","width":155,"height":448},{"@type":"BreadcrumbList","@id":"https:\/\/etako.sk\/eshop\/produkt\/teplakove-nohavice-minnie-991-157\/#breadcrumb","itemListElement":[{"@type":"ListItem","position":1,"name":"Domovsk\u00e1 str\u00e1nka","item":"https:\/\/etako.sk\/eshop\/"},{"@type":"ListItem","position":2,"name":"Obchod","item":"https:\/\/etako.sk\/eshop\/shop\/"},{"@type":"ListItem","position":3,"name":"Tepl\u00e1kov\u00e9 nohavice Minnie 991-157"}]},{"@type":"WebSite","@id":"https:\/\/etako.sk\/eshop\/#website","url":"https:\/\/etako.sk\/eshop\/","name":"ETAKO e-shop","description":"Etako","potentialAction":[{"@type":"SearchAction","target":{"@type":"EntryPoint","urlTemplate":"https:\/\/etako.sk\/eshop\/?s={search_term_string}"},"query-input":{"@type":"PropertyValueSpecification","valueRequired":true,"valueName":"search_term_string"}}],"inLanguage":"sk-SK"}]}},"jetpack_sharing_enabled":true,"_links":{"self":[{"href":"https:\/\/etako.sk\/eshop\/wp-json\/wp\/v2\/product\/12902","targetHints":{"allow":["GET"]}}],"collection":[{"href":"https:\/\/etako.sk\/eshop\/wp-json\/wp\/v2\/product"}],"about":[{"href":"https:\/\/etako.sk\/eshop\/wp-json\/wp\/v2\/types\/product"}],"replies":[{"embeddable":true,"href":"https:\/\/etako.sk\/eshop\/wp-json\/wp\/v2\/comments?post=12902"}],"version-history":[{"count":1,"href":"https:\/\/etako.sk\/eshop\/wp-json\/wp\/v2\/product\/12902\/revisions"}],"predecessor-version":[{"id":49161,"href":"https:\/\/etako.sk\/eshop\/wp-json\/wp\/v2\/product\/12902\/revisions\/49161"}],"wp:featuredmedia":[{"embeddable":true,"href":"https:\/\/etako.sk\/eshop\/wp-json\/wp\/v2\/media\/12905"}],"wp:attachment":[{"href":"https:\/\/etako.sk\/eshop\/wp-json\/wp\/v2\/media?parent=12902"}],"wp:term":[{"taxonomy":"product_brand","embeddable":true,"href":"https:\/\/etako.sk\/eshop\/wp-json\/wp\/v2\/product_brand?post=12902"},{"taxonomy":"product_cat","embeddable":true,"href":"https:\/\/etako.sk\/eshop\/wp-json\/wp\/v2\/product_cat?post=12902"},{"taxonomy":"product_tag","embeddable":true,"href":"https:\/\/etako.sk\/eshop\/wp-json\/wp\/v2\/product_tag?post=12902"}],"curies":[{"name":"wp","href":"https:\/\/api.w.org\/{rel}","templated":true}]}}