{"id":12865,"date":"2023-08-07T11:15:46","date_gmt":"2023-08-07T09:15:46","guid":{"rendered":"http:\/\/etako.sk\/eshop\/?post_type=product&#038;p=12865"},"modified":"2023-11-29T12:01:46","modified_gmt":"2023-11-29T10:01:46","slug":"tehotenske-termo-leginy","status":"publish","type":"product","link":"https:\/\/etako.sk\/eshop\/produkt\/tehotenske-termo-leginy\/","title":{"rendered":"Tehotensk\u00e9 termo leg\u00edny"},"content":{"rendered":"<p><strong>Tehotensk\u00e9 leg\u00edny termo.<\/strong>\u00a0Materi\u00e1l: 93% visk\u00f3za, 7% stretch. Dod\u00e1vame v t\u00fdchto ve\u013ekostiach: XS \/ S, M \/ L, XL \/ XXL, XXXL. 1. Kvalita.\u00a0<strong>Detailn\u00e9 rozmery:<\/strong>\u00a0XS \/ S &#8211; obvod bokov 98 -102cm, M \/ L &#8211; obvod bokov 102 -106cm, XL \/ XXL &#8211; obvod bokov 110 &#8211; 116cm, XXXL &#8211; obvod bokov 122cm. Celkov\u00e1 d\u013a\u017eka leg\u00edn (meran\u00e9 aj s panelom) 92cm, vn\u00fatorn\u00e1 d\u013a\u017eka leg\u00edn 65cm.<\/p>\n","protected":false},"excerpt":{"rendered":"<p>Tehotensk\u00e9 leg\u00edny termo.\u00a0Materi\u00e1l: 93% visk\u00f3za, 7% stretch. Dod\u00e1vame v t\u00fdchto ve\u013ekostiach: XS \/ S, M \/ L, XL \/ XXL,<\/p>\n","protected":false},"featured_media":12867,"comment_status":"closed","ping_status":"closed","template":"","meta":{"jetpack_publicize_message":"","jetpack_publicize_feature_enabled":true,"jetpack_social_post_already_shared":false,"jetpack_social_options":{"image_generator_settings":{"template":"highway","enabled":false},"version":2}},"product_brand":[],"product_cat":[448,450,446],"product_tag":[],"class_list":{"0":"post-12865","1":"product","2":"type-product","3":"status-publish","4":"has-post-thumbnail","6":"product_cat-leginy","7":"product_cat-leginy-dlhe","8":"product_cat-tehotenske-oblecenie","9":"product_shipping_class-standard","10":"pa_velkost-xxxl","11":"pa_velkost-m-l","12":"pa_velkost-xs-s","13":"pa_velkost-xl-xxl","15":"","16":"instock","17":"taxable","18":"shipping-taxable","19":"purchasable","20":"product-type-variable"},"jetpack_publicize_connections":[],"yoast_head":"<!-- This site is optimized with the Yoast SEO plugin v25.6 - https:\/\/yoast.com\/wordpress\/plugins\/seo\/ -->\n<title>Tehotensk\u00e9 termo leg\u00edny - ETAKO e-shop<\/title>\n<meta name=\"robots\" content=\"index, follow, max-snippet:-1, max-image-preview:large, max-video-preview:-1\" \/>\n<link rel=\"canonical\" href=\"https:\/\/etako.sk\/eshop\/produkt\/tehotenske-termo-leginy\/\" \/>\n<meta name=\"twitter:card\" content=\"summary_large_image\" \/>\n<meta name=\"twitter:title\" content=\"Tehotensk\u00e9 termo leg\u00edny - ETAKO e-shop\" \/>\n<meta name=\"twitter:description\" content=\"Tehotensk\u00e9 leg\u00edny termo.\u00a0Materi\u00e1l: 93% visk\u00f3za, 7% stretch. Dod\u00e1vame v t\u00fdchto ve\u013ekostiach: XS \/ S, M \/ L, XL \/ XXL,\" \/>\n<meta name=\"twitter:image\" content=\"https:\/\/i0.wp.com\/etako.sk\/eshop\/wp-content\/uploads\/2023\/08\/60052-87081-tehotenske-leginy-dlouhe-termo-cerne.jpg?fit=440%2C341&ssl=1\" \/>\n<meta name=\"twitter:label1\" content=\"Predpokladan\u00fd \u010das \u010d\u00edtania\" \/>\n\t<meta name=\"twitter:data1\" content=\"1 min\u00fata\" \/>\n<script type=\"application\/ld+json\" class=\"yoast-schema-graph\">{\"@context\":\"https:\/\/schema.org\",\"@graph\":[{\"@type\":\"WebPage\",\"@id\":\"https:\/\/etako.sk\/eshop\/produkt\/tehotenske-termo-leginy\/\",\"url\":\"https:\/\/etako.sk\/eshop\/produkt\/tehotenske-termo-leginy\/\",\"name\":\"Tehotensk\u00e9 termo leg\u00edny - ETAKO e-shop\",\"isPartOf\":{\"@id\":\"https:\/\/etako.sk\/eshop\/#website\"},\"primaryImageOfPage\":{\"@id\":\"https:\/\/etako.sk\/eshop\/produkt\/tehotenske-termo-leginy\/#primaryimage\"},\"image\":{\"@id\":\"https:\/\/etako.sk\/eshop\/produkt\/tehotenske-termo-leginy\/#primaryimage\"},\"thumbnailUrl\":\"https:\/\/i0.wp.com\/etako.sk\/eshop\/wp-content\/uploads\/2023\/08\/60052-87081-tehotenske-leginy-dlouhe-termo-cerne.jpg?fit=440%2C341&ssl=1\",\"datePublished\":\"2023-08-07T09:15:46+00:00\",\"dateModified\":\"2023-11-29T10:01:46+00:00\",\"breadcrumb\":{\"@id\":\"https:\/\/etako.sk\/eshop\/produkt\/tehotenske-termo-leginy\/#breadcrumb\"},\"inLanguage\":\"sk-SK\",\"potentialAction\":[{\"@type\":\"ReadAction\",\"target\":[\"https:\/\/etako.sk\/eshop\/produkt\/tehotenske-termo-leginy\/\"]}]},{\"@type\":\"ImageObject\",\"inLanguage\":\"sk-SK\",\"@id\":\"https:\/\/etako.sk\/eshop\/produkt\/tehotenske-termo-leginy\/#primaryimage\",\"url\":\"https:\/\/i0.wp.com\/etako.sk\/eshop\/wp-content\/uploads\/2023\/08\/60052-87081-tehotenske-leginy-dlouhe-termo-cerne.jpg?fit=440%2C341&ssl=1\",\"contentUrl\":\"https:\/\/i0.wp.com\/etako.sk\/eshop\/wp-content\/uploads\/2023\/08\/60052-87081-tehotenske-leginy-dlouhe-termo-cerne.jpg?fit=440%2C341&ssl=1\",\"width\":440,\"height\":341},{\"@type\":\"BreadcrumbList\",\"@id\":\"https:\/\/etako.sk\/eshop\/produkt\/tehotenske-termo-leginy\/#breadcrumb\",\"itemListElement\":[{\"@type\":\"ListItem\",\"position\":1,\"name\":\"Domovsk\u00e1 str\u00e1nka\",\"item\":\"https:\/\/etako.sk\/eshop\/\"},{\"@type\":\"ListItem\",\"position\":2,\"name\":\"Obchod\",\"item\":\"https:\/\/etako.sk\/eshop\/shop\/\"},{\"@type\":\"ListItem\",\"position\":3,\"name\":\"Tehotensk\u00e9 termo leg\u00edny\"}]},{\"@type\":\"WebSite\",\"@id\":\"https:\/\/etako.sk\/eshop\/#website\",\"url\":\"https:\/\/etako.sk\/eshop\/\",\"name\":\"ETAKO e-shop\",\"description\":\"Etako\",\"potentialAction\":[{\"@type\":\"SearchAction\",\"target\":{\"@type\":\"EntryPoint\",\"urlTemplate\":\"https:\/\/etako.sk\/eshop\/?s={search_term_string}\"},\"query-input\":{\"@type\":\"PropertyValueSpecification\",\"valueRequired\":true,\"valueName\":\"search_term_string\"}}],\"inLanguage\":\"sk-SK\"}]}<\/script>\n<!-- \/ Yoast SEO plugin. -->","yoast_head_json":{"title":"Tehotensk\u00e9 termo leg\u00edny - ETAKO e-shop","robots":{"index":"index","follow":"follow","max-snippet":"max-snippet:-1","max-image-preview":"max-image-preview:large","max-video-preview":"max-video-preview:-1"},"canonical":"https:\/\/etako.sk\/eshop\/produkt\/tehotenske-termo-leginy\/","twitter_card":"summary_large_image","twitter_title":"Tehotensk\u00e9 termo leg\u00edny - ETAKO e-shop","twitter_description":"Tehotensk\u00e9 leg\u00edny termo.\u00a0Materi\u00e1l: 93% visk\u00f3za, 7% stretch. Dod\u00e1vame v t\u00fdchto ve\u013ekostiach: XS \/ S, M \/ L, XL \/ XXL,","twitter_image":"https:\/\/i0.wp.com\/etako.sk\/eshop\/wp-content\/uploads\/2023\/08\/60052-87081-tehotenske-leginy-dlouhe-termo-cerne.jpg?fit=440%2C341&ssl=1","twitter_misc":{"Predpokladan\u00fd \u010das \u010d\u00edtania":"1 min\u00fata"},"schema":{"@context":"https:\/\/schema.org","@graph":[{"@type":"WebPage","@id":"https:\/\/etako.sk\/eshop\/produkt\/tehotenske-termo-leginy\/","url":"https:\/\/etako.sk\/eshop\/produkt\/tehotenske-termo-leginy\/","name":"Tehotensk\u00e9 termo leg\u00edny - ETAKO e-shop","isPartOf":{"@id":"https:\/\/etako.sk\/eshop\/#website"},"primaryImageOfPage":{"@id":"https:\/\/etako.sk\/eshop\/produkt\/tehotenske-termo-leginy\/#primaryimage"},"image":{"@id":"https:\/\/etako.sk\/eshop\/produkt\/tehotenske-termo-leginy\/#primaryimage"},"thumbnailUrl":"https:\/\/i0.wp.com\/etako.sk\/eshop\/wp-content\/uploads\/2023\/08\/60052-87081-tehotenske-leginy-dlouhe-termo-cerne.jpg?fit=440%2C341&ssl=1","datePublished":"2023-08-07T09:15:46+00:00","dateModified":"2023-11-29T10:01:46+00:00","breadcrumb":{"@id":"https:\/\/etako.sk\/eshop\/produkt\/tehotenske-termo-leginy\/#breadcrumb"},"inLanguage":"sk-SK","potentialAction":[{"@type":"ReadAction","target":["https:\/\/etako.sk\/eshop\/produkt\/tehotenske-termo-leginy\/"]}]},{"@type":"ImageObject","inLanguage":"sk-SK","@id":"https:\/\/etako.sk\/eshop\/produkt\/tehotenske-termo-leginy\/#primaryimage","url":"https:\/\/i0.wp.com\/etako.sk\/eshop\/wp-content\/uploads\/2023\/08\/60052-87081-tehotenske-leginy-dlouhe-termo-cerne.jpg?fit=440%2C341&ssl=1","contentUrl":"https:\/\/i0.wp.com\/etako.sk\/eshop\/wp-content\/uploads\/2023\/08\/60052-87081-tehotenske-leginy-dlouhe-termo-cerne.jpg?fit=440%2C341&ssl=1","width":440,"height":341},{"@type":"BreadcrumbList","@id":"https:\/\/etako.sk\/eshop\/produkt\/tehotenske-termo-leginy\/#breadcrumb","itemListElement":[{"@type":"ListItem","position":1,"name":"Domovsk\u00e1 str\u00e1nka","item":"https:\/\/etako.sk\/eshop\/"},{"@type":"ListItem","position":2,"name":"Obchod","item":"https:\/\/etako.sk\/eshop\/shop\/"},{"@type":"ListItem","position":3,"name":"Tehotensk\u00e9 termo leg\u00edny"}]},{"@type":"WebSite","@id":"https:\/\/etako.sk\/eshop\/#website","url":"https:\/\/etako.sk\/eshop\/","name":"ETAKO e-shop","description":"Etako","potentialAction":[{"@type":"SearchAction","target":{"@type":"EntryPoint","urlTemplate":"https:\/\/etako.sk\/eshop\/?s={search_term_string}"},"query-input":{"@type":"PropertyValueSpecification","valueRequired":true,"valueName":"search_term_string"}}],"inLanguage":"sk-SK"}]}},"jetpack_sharing_enabled":true,"_links":{"self":[{"href":"https:\/\/etako.sk\/eshop\/wp-json\/wp\/v2\/product\/12865","targetHints":{"allow":["GET"]}}],"collection":[{"href":"https:\/\/etako.sk\/eshop\/wp-json\/wp\/v2\/product"}],"about":[{"href":"https:\/\/etako.sk\/eshop\/wp-json\/wp\/v2\/types\/product"}],"replies":[{"embeddable":true,"href":"https:\/\/etako.sk\/eshop\/wp-json\/wp\/v2\/comments?post=12865"}],"version-history":[{"count":1,"href":"https:\/\/etako.sk\/eshop\/wp-json\/wp\/v2\/product\/12865\/revisions"}],"predecessor-version":[{"id":14593,"href":"https:\/\/etako.sk\/eshop\/wp-json\/wp\/v2\/product\/12865\/revisions\/14593"}],"wp:featuredmedia":[{"embeddable":true,"href":"https:\/\/etako.sk\/eshop\/wp-json\/wp\/v2\/media\/12867"}],"wp:attachment":[{"href":"https:\/\/etako.sk\/eshop\/wp-json\/wp\/v2\/media?parent=12865"}],"wp:term":[{"taxonomy":"product_brand","embeddable":true,"href":"https:\/\/etako.sk\/eshop\/wp-json\/wp\/v2\/product_brand?post=12865"},{"taxonomy":"product_cat","embeddable":true,"href":"https:\/\/etako.sk\/eshop\/wp-json\/wp\/v2\/product_cat?post=12865"},{"taxonomy":"product_tag","embeddable":true,"href":"https:\/\/etako.sk\/eshop\/wp-json\/wp\/v2\/product_tag?post=12865"}],"curies":[{"name":"wp","href":"https:\/\/api.w.org\/{rel}","templated":true}]}}