{"id":12820,"date":"2023-08-05T19:26:36","date_gmt":"2023-08-05T17:26:36","guid":{"rendered":"http:\/\/etako.sk\/eshop\/?post_type=product&#038;p=12820"},"modified":"2023-08-05T19:26:37","modified_gmt":"2023-08-05T17:26:37","slug":"podsite-nohavice-paw-patrol-nepremokave-87-03","status":"publish","type":"product","link":"https:\/\/etako.sk\/eshop\/produkt\/podsite-nohavice-paw-patrol-nepremokave-87-03\/","title":{"rendered":"Pod\u0161it\u00e9 nohavice Paw Patrol nepremokav\u00e9\/87-03"},"content":{"rendered":"<p>Pod\u0161it\u00e9 nohavice Paw Patrol &#8211; nepremokav\u00e9<br \/>\nOrigin\u00e1lny Disney produkt<br \/>\nMateri\u00e1l: 100% polyester<br \/>\nPod\u0161\u00edvka: 100% polyester<\/p>\n<p>Kvalita: I.trieda<br \/>\nVyroben\u00e9: E\u00da &#8211; Ma\u010farsku<\/p>\n","protected":false},"excerpt":{"rendered":"<p>Pod\u0161it\u00e9 nohavice Paw Patrol &#8211; nepremokav\u00e9 Origin\u00e1lny Disney produkt Materi\u00e1l: 100% polyester Pod\u0161\u00edvka: 100% polyester Kvalita: I.trieda Vyroben\u00e9: E\u00da &#8211;<\/p>\n","protected":false},"featured_media":12824,"comment_status":"closed","ping_status":"closed","template":"","meta":{"jetpack_publicize_message":"","jetpack_publicize_feature_enabled":true,"jetpack_social_post_already_shared":false,"jetpack_social_options":{"image_generator_settings":{"template":"highway","enabled":false},"version":2}},"product_brand":[],"product_cat":[61,146],"product_tag":[],"class_list":{"0":"post-12820","1":"product","2":"type-product","3":"status-publish","4":"has-post-thumbnail","6":"product_cat-oblecenie-v-110-3-4-roky","7":"product_cat-chlapci-velkost-od-0-10-rokov-50-140-cm","8":"product_shipping_class-standard","9":"pa_velkost-226","10":"pa_velkost-395","11":"pa_velkost-231","13":"","14":"instock","15":"taxable","16":"shipping-taxable","17":"purchasable","18":"product-type-variable"},"jetpack_publicize_connections":[],"yoast_head":"<!-- This site is optimized with the Yoast SEO plugin v25.6 - https:\/\/yoast.com\/wordpress\/plugins\/seo\/ -->\n<title>Pod\u0161it\u00e9 nohavice Paw Patrol nepremokav\u00e9\/87-03 - ETAKO e-shop<\/title>\n<meta name=\"robots\" content=\"index, follow, max-snippet:-1, max-image-preview:large, max-video-preview:-1\" \/>\n<link rel=\"canonical\" href=\"https:\/\/etako.sk\/eshop\/produkt\/podsite-nohavice-paw-patrol-nepremokave-87-03\/\" \/>\n<meta name=\"twitter:card\" content=\"summary_large_image\" \/>\n<meta name=\"twitter:title\" content=\"Pod\u0161it\u00e9 nohavice Paw Patrol nepremokav\u00e9\/87-03 - ETAKO e-shop\" \/>\n<meta name=\"twitter:description\" content=\"Pod\u0161it\u00e9 nohavice Paw Patrol &#8211; nepremokav\u00e9 Origin\u00e1lny Disney produkt Materi\u00e1l: 100% polyester Pod\u0161\u00edvka: 100% polyester Kvalita: I.trieda Vyroben\u00e9: E\u00da &#8211;\" \/>\n<meta name=\"twitter:image\" content=\"https:\/\/i0.wp.com\/etako.sk\/eshop\/wp-content\/uploads\/2023\/08\/vjNd4UKV8a0_s460xn.jpg?fit=318%2C450&ssl=1\" \/>\n<meta name=\"twitter:label1\" content=\"Predpokladan\u00fd \u010das \u010d\u00edtania\" \/>\n\t<meta name=\"twitter:data1\" content=\"1 min\u00fata\" \/>\n<script type=\"application\/ld+json\" class=\"yoast-schema-graph\">{\"@context\":\"https:\/\/schema.org\",\"@graph\":[{\"@type\":\"WebPage\",\"@id\":\"https:\/\/etako.sk\/eshop\/produkt\/podsite-nohavice-paw-patrol-nepremokave-87-03\/\",\"url\":\"https:\/\/etako.sk\/eshop\/produkt\/podsite-nohavice-paw-patrol-nepremokave-87-03\/\",\"name\":\"Pod\u0161it\u00e9 nohavice Paw Patrol nepremokav\u00e9\/87-03 - ETAKO e-shop\",\"isPartOf\":{\"@id\":\"https:\/\/etako.sk\/eshop\/#website\"},\"primaryImageOfPage\":{\"@id\":\"https:\/\/etako.sk\/eshop\/produkt\/podsite-nohavice-paw-patrol-nepremokave-87-03\/#primaryimage\"},\"image\":{\"@id\":\"https:\/\/etako.sk\/eshop\/produkt\/podsite-nohavice-paw-patrol-nepremokave-87-03\/#primaryimage\"},\"thumbnailUrl\":\"https:\/\/i0.wp.com\/etako.sk\/eshop\/wp-content\/uploads\/2023\/08\/vjNd4UKV8a0_s460xn.jpg?fit=318%2C450&ssl=1\",\"datePublished\":\"2023-08-05T17:26:36+00:00\",\"dateModified\":\"2023-08-05T17:26:37+00:00\",\"breadcrumb\":{\"@id\":\"https:\/\/etako.sk\/eshop\/produkt\/podsite-nohavice-paw-patrol-nepremokave-87-03\/#breadcrumb\"},\"inLanguage\":\"sk-SK\",\"potentialAction\":[{\"@type\":\"ReadAction\",\"target\":[\"https:\/\/etako.sk\/eshop\/produkt\/podsite-nohavice-paw-patrol-nepremokave-87-03\/\"]}]},{\"@type\":\"ImageObject\",\"inLanguage\":\"sk-SK\",\"@id\":\"https:\/\/etako.sk\/eshop\/produkt\/podsite-nohavice-paw-patrol-nepremokave-87-03\/#primaryimage\",\"url\":\"https:\/\/i0.wp.com\/etako.sk\/eshop\/wp-content\/uploads\/2023\/08\/vjNd4UKV8a0_s460xn.jpg?fit=318%2C450&ssl=1\",\"contentUrl\":\"https:\/\/i0.wp.com\/etako.sk\/eshop\/wp-content\/uploads\/2023\/08\/vjNd4UKV8a0_s460xn.jpg?fit=318%2C450&ssl=1\",\"width\":318,\"height\":450},{\"@type\":\"BreadcrumbList\",\"@id\":\"https:\/\/etako.sk\/eshop\/produkt\/podsite-nohavice-paw-patrol-nepremokave-87-03\/#breadcrumb\",\"itemListElement\":[{\"@type\":\"ListItem\",\"position\":1,\"name\":\"Domovsk\u00e1 str\u00e1nka\",\"item\":\"https:\/\/etako.sk\/eshop\/\"},{\"@type\":\"ListItem\",\"position\":2,\"name\":\"Obchod\",\"item\":\"https:\/\/etako.sk\/eshop\/shop\/\"},{\"@type\":\"ListItem\",\"position\":3,\"name\":\"Pod\u0161it\u00e9 nohavice Paw Patrol nepremokav\u00e9\/87-03\"}]},{\"@type\":\"WebSite\",\"@id\":\"https:\/\/etako.sk\/eshop\/#website\",\"url\":\"https:\/\/etako.sk\/eshop\/\",\"name\":\"ETAKO e-shop\",\"description\":\"Etako\",\"potentialAction\":[{\"@type\":\"SearchAction\",\"target\":{\"@type\":\"EntryPoint\",\"urlTemplate\":\"https:\/\/etako.sk\/eshop\/?s={search_term_string}\"},\"query-input\":{\"@type\":\"PropertyValueSpecification\",\"valueRequired\":true,\"valueName\":\"search_term_string\"}}],\"inLanguage\":\"sk-SK\"}]}<\/script>\n<!-- \/ Yoast SEO plugin. -->","yoast_head_json":{"title":"Pod\u0161it\u00e9 nohavice Paw Patrol nepremokav\u00e9\/87-03 - ETAKO e-shop","robots":{"index":"index","follow":"follow","max-snippet":"max-snippet:-1","max-image-preview":"max-image-preview:large","max-video-preview":"max-video-preview:-1"},"canonical":"https:\/\/etako.sk\/eshop\/produkt\/podsite-nohavice-paw-patrol-nepremokave-87-03\/","twitter_card":"summary_large_image","twitter_title":"Pod\u0161it\u00e9 nohavice Paw Patrol nepremokav\u00e9\/87-03 - ETAKO e-shop","twitter_description":"Pod\u0161it\u00e9 nohavice Paw Patrol &#8211; nepremokav\u00e9 Origin\u00e1lny Disney produkt Materi\u00e1l: 100% polyester Pod\u0161\u00edvka: 100% polyester Kvalita: I.trieda Vyroben\u00e9: E\u00da &#8211;","twitter_image":"https:\/\/i0.wp.com\/etako.sk\/eshop\/wp-content\/uploads\/2023\/08\/vjNd4UKV8a0_s460xn.jpg?fit=318%2C450&ssl=1","twitter_misc":{"Predpokladan\u00fd \u010das \u010d\u00edtania":"1 min\u00fata"},"schema":{"@context":"https:\/\/schema.org","@graph":[{"@type":"WebPage","@id":"https:\/\/etako.sk\/eshop\/produkt\/podsite-nohavice-paw-patrol-nepremokave-87-03\/","url":"https:\/\/etako.sk\/eshop\/produkt\/podsite-nohavice-paw-patrol-nepremokave-87-03\/","name":"Pod\u0161it\u00e9 nohavice Paw Patrol nepremokav\u00e9\/87-03 - ETAKO e-shop","isPartOf":{"@id":"https:\/\/etako.sk\/eshop\/#website"},"primaryImageOfPage":{"@id":"https:\/\/etako.sk\/eshop\/produkt\/podsite-nohavice-paw-patrol-nepremokave-87-03\/#primaryimage"},"image":{"@id":"https:\/\/etako.sk\/eshop\/produkt\/podsite-nohavice-paw-patrol-nepremokave-87-03\/#primaryimage"},"thumbnailUrl":"https:\/\/i0.wp.com\/etako.sk\/eshop\/wp-content\/uploads\/2023\/08\/vjNd4UKV8a0_s460xn.jpg?fit=318%2C450&ssl=1","datePublished":"2023-08-05T17:26:36+00:00","dateModified":"2023-08-05T17:26:37+00:00","breadcrumb":{"@id":"https:\/\/etako.sk\/eshop\/produkt\/podsite-nohavice-paw-patrol-nepremokave-87-03\/#breadcrumb"},"inLanguage":"sk-SK","potentialAction":[{"@type":"ReadAction","target":["https:\/\/etako.sk\/eshop\/produkt\/podsite-nohavice-paw-patrol-nepremokave-87-03\/"]}]},{"@type":"ImageObject","inLanguage":"sk-SK","@id":"https:\/\/etako.sk\/eshop\/produkt\/podsite-nohavice-paw-patrol-nepremokave-87-03\/#primaryimage","url":"https:\/\/i0.wp.com\/etako.sk\/eshop\/wp-content\/uploads\/2023\/08\/vjNd4UKV8a0_s460xn.jpg?fit=318%2C450&ssl=1","contentUrl":"https:\/\/i0.wp.com\/etako.sk\/eshop\/wp-content\/uploads\/2023\/08\/vjNd4UKV8a0_s460xn.jpg?fit=318%2C450&ssl=1","width":318,"height":450},{"@type":"BreadcrumbList","@id":"https:\/\/etako.sk\/eshop\/produkt\/podsite-nohavice-paw-patrol-nepremokave-87-03\/#breadcrumb","itemListElement":[{"@type":"ListItem","position":1,"name":"Domovsk\u00e1 str\u00e1nka","item":"https:\/\/etako.sk\/eshop\/"},{"@type":"ListItem","position":2,"name":"Obchod","item":"https:\/\/etako.sk\/eshop\/shop\/"},{"@type":"ListItem","position":3,"name":"Pod\u0161it\u00e9 nohavice Paw Patrol nepremokav\u00e9\/87-03"}]},{"@type":"WebSite","@id":"https:\/\/etako.sk\/eshop\/#website","url":"https:\/\/etako.sk\/eshop\/","name":"ETAKO e-shop","description":"Etako","potentialAction":[{"@type":"SearchAction","target":{"@type":"EntryPoint","urlTemplate":"https:\/\/etako.sk\/eshop\/?s={search_term_string}"},"query-input":{"@type":"PropertyValueSpecification","valueRequired":true,"valueName":"search_term_string"}}],"inLanguage":"sk-SK"}]}},"jetpack_sharing_enabled":true,"_links":{"self":[{"href":"https:\/\/etako.sk\/eshop\/wp-json\/wp\/v2\/product\/12820","targetHints":{"allow":["GET"]}}],"collection":[{"href":"https:\/\/etako.sk\/eshop\/wp-json\/wp\/v2\/product"}],"about":[{"href":"https:\/\/etako.sk\/eshop\/wp-json\/wp\/v2\/types\/product"}],"replies":[{"embeddable":true,"href":"https:\/\/etako.sk\/eshop\/wp-json\/wp\/v2\/comments?post=12820"}],"version-history":[{"count":0,"href":"https:\/\/etako.sk\/eshop\/wp-json\/wp\/v2\/product\/12820\/revisions"}],"wp:featuredmedia":[{"embeddable":true,"href":"https:\/\/etako.sk\/eshop\/wp-json\/wp\/v2\/media\/12824"}],"wp:attachment":[{"href":"https:\/\/etako.sk\/eshop\/wp-json\/wp\/v2\/media?parent=12820"}],"wp:term":[{"taxonomy":"product_brand","embeddable":true,"href":"https:\/\/etako.sk\/eshop\/wp-json\/wp\/v2\/product_brand?post=12820"},{"taxonomy":"product_cat","embeddable":true,"href":"https:\/\/etako.sk\/eshop\/wp-json\/wp\/v2\/product_cat?post=12820"},{"taxonomy":"product_tag","embeddable":true,"href":"https:\/\/etako.sk\/eshop\/wp-json\/wp\/v2\/product_tag?post=12820"}],"curies":[{"name":"wp","href":"https:\/\/api.w.org\/{rel}","templated":true}]}}