{"id":12802,"date":"2023-08-04T20:23:11","date_gmt":"2023-08-04T18:23:11","guid":{"rendered":"http:\/\/etako.sk\/eshop\/?post_type=product&#038;p=12802"},"modified":"2026-01-05T17:20:56","modified_gmt":"2026-01-05T15:20:56","slug":"boxerkove-plavky-poziarnik-sam-910-597","status":"publish","type":"product","link":"https:\/\/etako.sk\/eshop\/produkt\/boxerkove-plavky-poziarnik-sam-910-597\/","title":{"rendered":"Boxerkov\u00e9 plavky po\u017eiarnik Sam 910-597"},"content":{"rendered":"<p>Materi\u00e1l: 80% polyester, 20% elastan<br \/>\nVe\u013ekosti: 98 &#8211; 128<br \/>\nEAN: 5991329105970<\/p>\n","protected":false},"excerpt":{"rendered":"<p>Materi\u00e1l: 80% polyester, 20% elastan Ve\u013ekosti: 98 &#8211; 128 EAN: 5991329105970<\/p>\n","protected":false},"featured_media":12809,"comment_status":"closed","ping_status":"closed","template":"","meta":{"jetpack_publicize_message":"","jetpack_publicize_feature_enabled":true,"jetpack_social_post_already_shared":false,"jetpack_social_options":{"image_generator_settings":{"template":"highway","enabled":false},"version":2}},"product_brand":[],"product_cat":[146,412],"product_tag":[],"class_list":{"0":"post-12802","1":"product","2":"type-product","3":"status-publish","4":"has-post-thumbnail","6":"product_cat-chlapci-velkost-od-0-10-rokov-50-140-cm","7":"product_cat-plavky-plavecke-ciapky","8":"product_shipping_class-standard","9":"pa_velkost-226","10":"pa_velkost-395","11":"pa_velkost-228","12":"pa_velkost-229","13":"pa_velkost-230","14":"pa_velkost-231","16":"","17":"instock","18":"taxable","19":"shipping-taxable","20":"purchasable","21":"product-type-variable"},"jetpack_publicize_connections":[],"yoast_head":"<!-- This site is optimized with the Yoast SEO plugin v25.6 - https:\/\/yoast.com\/wordpress\/plugins\/seo\/ -->\n<title>Boxerkov\u00e9 plavky po\u017eiarnik Sam 910-597 - ETAKO e-shop<\/title>\n<meta name=\"robots\" content=\"index, follow, max-snippet:-1, max-image-preview:large, max-video-preview:-1\" \/>\n<link rel=\"canonical\" href=\"https:\/\/etako.sk\/eshop\/produkt\/boxerkove-plavky-poziarnik-sam-910-597\/\" \/>\n<meta name=\"twitter:card\" content=\"summary_large_image\" \/>\n<meta name=\"twitter:title\" content=\"Boxerkov\u00e9 plavky po\u017eiarnik Sam 910-597 - ETAKO e-shop\" \/>\n<meta name=\"twitter:description\" content=\"Materi\u00e1l: 80% polyester, 20% elastan Ve\u013ekosti: 98 &#8211; 128 EAN: 5991329105970\" \/>\n<meta name=\"twitter:image\" content=\"https:\/\/i0.wp.com\/etako.sk\/eshop\/wp-content\/uploads\/2023\/08\/2cZBTz6Onie_s460xn.jpg?fit=300%2C450&ssl=1\" \/>\n<meta name=\"twitter:label1\" content=\"Predpokladan\u00fd \u010das \u010d\u00edtania\" \/>\n\t<meta name=\"twitter:data1\" content=\"1 min\u00fata\" \/>\n<script type=\"application\/ld+json\" class=\"yoast-schema-graph\">{\"@context\":\"https:\/\/schema.org\",\"@graph\":[{\"@type\":\"WebPage\",\"@id\":\"https:\/\/etako.sk\/eshop\/produkt\/boxerkove-plavky-poziarnik-sam-910-597\/\",\"url\":\"https:\/\/etako.sk\/eshop\/produkt\/boxerkove-plavky-poziarnik-sam-910-597\/\",\"name\":\"Boxerkov\u00e9 plavky po\u017eiarnik Sam 910-597 - ETAKO e-shop\",\"isPartOf\":{\"@id\":\"https:\/\/etako.sk\/eshop\/#website\"},\"primaryImageOfPage\":{\"@id\":\"https:\/\/etako.sk\/eshop\/produkt\/boxerkove-plavky-poziarnik-sam-910-597\/#primaryimage\"},\"image\":{\"@id\":\"https:\/\/etako.sk\/eshop\/produkt\/boxerkove-plavky-poziarnik-sam-910-597\/#primaryimage\"},\"thumbnailUrl\":\"https:\/\/i0.wp.com\/etako.sk\/eshop\/wp-content\/uploads\/2023\/08\/2cZBTz6Onie_s460xn.jpg?fit=300%2C450&ssl=1\",\"datePublished\":\"2023-08-04T18:23:11+00:00\",\"dateModified\":\"2026-01-05T15:20:56+00:00\",\"breadcrumb\":{\"@id\":\"https:\/\/etako.sk\/eshop\/produkt\/boxerkove-plavky-poziarnik-sam-910-597\/#breadcrumb\"},\"inLanguage\":\"sk-SK\",\"potentialAction\":[{\"@type\":\"ReadAction\",\"target\":[\"https:\/\/etako.sk\/eshop\/produkt\/boxerkove-plavky-poziarnik-sam-910-597\/\"]}]},{\"@type\":\"ImageObject\",\"inLanguage\":\"sk-SK\",\"@id\":\"https:\/\/etako.sk\/eshop\/produkt\/boxerkove-plavky-poziarnik-sam-910-597\/#primaryimage\",\"url\":\"https:\/\/i0.wp.com\/etako.sk\/eshop\/wp-content\/uploads\/2023\/08\/2cZBTz6Onie_s460xn.jpg?fit=300%2C450&ssl=1\",\"contentUrl\":\"https:\/\/i0.wp.com\/etako.sk\/eshop\/wp-content\/uploads\/2023\/08\/2cZBTz6Onie_s460xn.jpg?fit=300%2C450&ssl=1\",\"width\":300,\"height\":450},{\"@type\":\"BreadcrumbList\",\"@id\":\"https:\/\/etako.sk\/eshop\/produkt\/boxerkove-plavky-poziarnik-sam-910-597\/#breadcrumb\",\"itemListElement\":[{\"@type\":\"ListItem\",\"position\":1,\"name\":\"Domovsk\u00e1 str\u00e1nka\",\"item\":\"https:\/\/etako.sk\/eshop\/\"},{\"@type\":\"ListItem\",\"position\":2,\"name\":\"Obchod\",\"item\":\"https:\/\/etako.sk\/eshop\/shop\/\"},{\"@type\":\"ListItem\",\"position\":3,\"name\":\"Boxerkov\u00e9 plavky po\u017eiarnik Sam 910-597\"}]},{\"@type\":\"WebSite\",\"@id\":\"https:\/\/etako.sk\/eshop\/#website\",\"url\":\"https:\/\/etako.sk\/eshop\/\",\"name\":\"ETAKO e-shop\",\"description\":\"Etako\",\"potentialAction\":[{\"@type\":\"SearchAction\",\"target\":{\"@type\":\"EntryPoint\",\"urlTemplate\":\"https:\/\/etako.sk\/eshop\/?s={search_term_string}\"},\"query-input\":{\"@type\":\"PropertyValueSpecification\",\"valueRequired\":true,\"valueName\":\"search_term_string\"}}],\"inLanguage\":\"sk-SK\"}]}<\/script>\n<!-- \/ Yoast SEO plugin. -->","yoast_head_json":{"title":"Boxerkov\u00e9 plavky po\u017eiarnik Sam 910-597 - ETAKO e-shop","robots":{"index":"index","follow":"follow","max-snippet":"max-snippet:-1","max-image-preview":"max-image-preview:large","max-video-preview":"max-video-preview:-1"},"canonical":"https:\/\/etako.sk\/eshop\/produkt\/boxerkove-plavky-poziarnik-sam-910-597\/","twitter_card":"summary_large_image","twitter_title":"Boxerkov\u00e9 plavky po\u017eiarnik Sam 910-597 - ETAKO e-shop","twitter_description":"Materi\u00e1l: 80% polyester, 20% elastan Ve\u013ekosti: 98 &#8211; 128 EAN: 5991329105970","twitter_image":"https:\/\/i0.wp.com\/etako.sk\/eshop\/wp-content\/uploads\/2023\/08\/2cZBTz6Onie_s460xn.jpg?fit=300%2C450&ssl=1","twitter_misc":{"Predpokladan\u00fd \u010das \u010d\u00edtania":"1 min\u00fata"},"schema":{"@context":"https:\/\/schema.org","@graph":[{"@type":"WebPage","@id":"https:\/\/etako.sk\/eshop\/produkt\/boxerkove-plavky-poziarnik-sam-910-597\/","url":"https:\/\/etako.sk\/eshop\/produkt\/boxerkove-plavky-poziarnik-sam-910-597\/","name":"Boxerkov\u00e9 plavky po\u017eiarnik Sam 910-597 - ETAKO e-shop","isPartOf":{"@id":"https:\/\/etako.sk\/eshop\/#website"},"primaryImageOfPage":{"@id":"https:\/\/etako.sk\/eshop\/produkt\/boxerkove-plavky-poziarnik-sam-910-597\/#primaryimage"},"image":{"@id":"https:\/\/etako.sk\/eshop\/produkt\/boxerkove-plavky-poziarnik-sam-910-597\/#primaryimage"},"thumbnailUrl":"https:\/\/i0.wp.com\/etako.sk\/eshop\/wp-content\/uploads\/2023\/08\/2cZBTz6Onie_s460xn.jpg?fit=300%2C450&ssl=1","datePublished":"2023-08-04T18:23:11+00:00","dateModified":"2026-01-05T15:20:56+00:00","breadcrumb":{"@id":"https:\/\/etako.sk\/eshop\/produkt\/boxerkove-plavky-poziarnik-sam-910-597\/#breadcrumb"},"inLanguage":"sk-SK","potentialAction":[{"@type":"ReadAction","target":["https:\/\/etako.sk\/eshop\/produkt\/boxerkove-plavky-poziarnik-sam-910-597\/"]}]},{"@type":"ImageObject","inLanguage":"sk-SK","@id":"https:\/\/etako.sk\/eshop\/produkt\/boxerkove-plavky-poziarnik-sam-910-597\/#primaryimage","url":"https:\/\/i0.wp.com\/etako.sk\/eshop\/wp-content\/uploads\/2023\/08\/2cZBTz6Onie_s460xn.jpg?fit=300%2C450&ssl=1","contentUrl":"https:\/\/i0.wp.com\/etako.sk\/eshop\/wp-content\/uploads\/2023\/08\/2cZBTz6Onie_s460xn.jpg?fit=300%2C450&ssl=1","width":300,"height":450},{"@type":"BreadcrumbList","@id":"https:\/\/etako.sk\/eshop\/produkt\/boxerkove-plavky-poziarnik-sam-910-597\/#breadcrumb","itemListElement":[{"@type":"ListItem","position":1,"name":"Domovsk\u00e1 str\u00e1nka","item":"https:\/\/etako.sk\/eshop\/"},{"@type":"ListItem","position":2,"name":"Obchod","item":"https:\/\/etako.sk\/eshop\/shop\/"},{"@type":"ListItem","position":3,"name":"Boxerkov\u00e9 plavky po\u017eiarnik Sam 910-597"}]},{"@type":"WebSite","@id":"https:\/\/etako.sk\/eshop\/#website","url":"https:\/\/etako.sk\/eshop\/","name":"ETAKO e-shop","description":"Etako","potentialAction":[{"@type":"SearchAction","target":{"@type":"EntryPoint","urlTemplate":"https:\/\/etako.sk\/eshop\/?s={search_term_string}"},"query-input":{"@type":"PropertyValueSpecification","valueRequired":true,"valueName":"search_term_string"}}],"inLanguage":"sk-SK"}]}},"jetpack_sharing_enabled":true,"_links":{"self":[{"href":"https:\/\/etako.sk\/eshop\/wp-json\/wp\/v2\/product\/12802","targetHints":{"allow":["GET"]}}],"collection":[{"href":"https:\/\/etako.sk\/eshop\/wp-json\/wp\/v2\/product"}],"about":[{"href":"https:\/\/etako.sk\/eshop\/wp-json\/wp\/v2\/types\/product"}],"replies":[{"embeddable":true,"href":"https:\/\/etako.sk\/eshop\/wp-json\/wp\/v2\/comments?post=12802"}],"version-history":[{"count":1,"href":"https:\/\/etako.sk\/eshop\/wp-json\/wp\/v2\/product\/12802\/revisions"}],"predecessor-version":[{"id":49094,"href":"https:\/\/etako.sk\/eshop\/wp-json\/wp\/v2\/product\/12802\/revisions\/49094"}],"wp:featuredmedia":[{"embeddable":true,"href":"https:\/\/etako.sk\/eshop\/wp-json\/wp\/v2\/media\/12809"}],"wp:attachment":[{"href":"https:\/\/etako.sk\/eshop\/wp-json\/wp\/v2\/media?parent=12802"}],"wp:term":[{"taxonomy":"product_brand","embeddable":true,"href":"https:\/\/etako.sk\/eshop\/wp-json\/wp\/v2\/product_brand?post=12802"},{"taxonomy":"product_cat","embeddable":true,"href":"https:\/\/etako.sk\/eshop\/wp-json\/wp\/v2\/product_cat?post=12802"},{"taxonomy":"product_tag","embeddable":true,"href":"https:\/\/etako.sk\/eshop\/wp-json\/wp\/v2\/product_tag?post=12802"}],"curies":[{"name":"wp","href":"https:\/\/api.w.org\/{rel}","templated":true}]}}