{"id":12727,"date":"2023-08-03T19:54:25","date_gmt":"2023-08-03T17:54:25","guid":{"rendered":"http:\/\/etako.sk\/eshop\/?post_type=product&#038;p=12727"},"modified":"2023-08-03T19:54:25","modified_gmt":"2023-08-03T17:54:25","slug":"pribornik-nie-len-na-vianoce-zeleny","status":"publish","type":"product","link":"https:\/\/etako.sk\/eshop\/produkt\/pribornik-nie-len-na-vianoce-zeleny\/","title":{"rendered":"Pr\u00edborn\u00edk nie len na Vianoce zelen\u00fd"},"content":{"rendered":"<p>Pr\u00edborn\u00edk z kvalitnej l\u00e1tky.<\/p>\n","protected":false},"excerpt":{"rendered":"<p>Pr\u00edborn\u00edk z kvalitnej l\u00e1tky.<\/p>\n","protected":false},"featured_media":12728,"comment_status":"closed","ping_status":"closed","template":"","meta":{"jetpack_publicize_message":"","jetpack_publicize_feature_enabled":true,"jetpack_social_post_already_shared":false,"jetpack_social_options":{"image_generator_settings":{"template":"highway","enabled":false},"version":2}},"product_brand":[],"product_cat":[642,604],"product_tag":[],"class_list":{"0":"post-12727","1":"product","2":"type-product","3":"status-publish","4":"has-post-thumbnail","6":"product_cat-mikulas-a-vianoce","7":"product_cat-vlastna-vyroba-hand-made","8":"product_shipping_class-standard","10":"","11":"instock","12":"taxable","13":"shipping-taxable","14":"purchasable","15":"product-type-simple"},"jetpack_publicize_connections":[],"yoast_head":"<!-- This site is optimized with the Yoast SEO plugin v25.6 - https:\/\/yoast.com\/wordpress\/plugins\/seo\/ -->\n<title>Pr\u00edborn\u00edk nie len na Vianoce zelen\u00fd - ETAKO e-shop<\/title>\n<meta name=\"robots\" content=\"index, follow, max-snippet:-1, max-image-preview:large, max-video-preview:-1\" \/>\n<link rel=\"canonical\" href=\"https:\/\/etako.sk\/eshop\/produkt\/pribornik-nie-len-na-vianoce-zeleny\/\" \/>\n<meta name=\"twitter:card\" content=\"summary_large_image\" \/>\n<meta name=\"twitter:title\" content=\"Pr\u00edborn\u00edk nie len na Vianoce zelen\u00fd - ETAKO e-shop\" \/>\n<meta name=\"twitter:description\" content=\"Pr\u00edborn\u00edk z kvalitnej l\u00e1tky.\" \/>\n<meta name=\"twitter:image\" content=\"https:\/\/i0.wp.com\/etako.sk\/eshop\/wp-content\/uploads\/2023\/08\/GV7BnncDuZc_s460xn.jpg?fit=460%2C613&ssl=1\" \/>\n<meta name=\"twitter:label1\" content=\"Predpokladan\u00fd \u010das \u010d\u00edtania\" \/>\n\t<meta name=\"twitter:data1\" content=\"1 min\u00fata\" \/>\n<script type=\"application\/ld+json\" class=\"yoast-schema-graph\">{\"@context\":\"https:\/\/schema.org\",\"@graph\":[{\"@type\":\"WebPage\",\"@id\":\"https:\/\/etako.sk\/eshop\/produkt\/pribornik-nie-len-na-vianoce-zeleny\/\",\"url\":\"https:\/\/etako.sk\/eshop\/produkt\/pribornik-nie-len-na-vianoce-zeleny\/\",\"name\":\"Pr\u00edborn\u00edk nie len na Vianoce zelen\u00fd - ETAKO e-shop\",\"isPartOf\":{\"@id\":\"https:\/\/etako.sk\/eshop\/#website\"},\"primaryImageOfPage\":{\"@id\":\"https:\/\/etako.sk\/eshop\/produkt\/pribornik-nie-len-na-vianoce-zeleny\/#primaryimage\"},\"image\":{\"@id\":\"https:\/\/etako.sk\/eshop\/produkt\/pribornik-nie-len-na-vianoce-zeleny\/#primaryimage\"},\"thumbnailUrl\":\"https:\/\/i0.wp.com\/etako.sk\/eshop\/wp-content\/uploads\/2023\/08\/GV7BnncDuZc_s460xn.jpg?fit=460%2C613&ssl=1\",\"datePublished\":\"2023-08-03T17:54:25+00:00\",\"breadcrumb\":{\"@id\":\"https:\/\/etako.sk\/eshop\/produkt\/pribornik-nie-len-na-vianoce-zeleny\/#breadcrumb\"},\"inLanguage\":\"sk-SK\",\"potentialAction\":[{\"@type\":\"ReadAction\",\"target\":[\"https:\/\/etako.sk\/eshop\/produkt\/pribornik-nie-len-na-vianoce-zeleny\/\"]}]},{\"@type\":\"ImageObject\",\"inLanguage\":\"sk-SK\",\"@id\":\"https:\/\/etako.sk\/eshop\/produkt\/pribornik-nie-len-na-vianoce-zeleny\/#primaryimage\",\"url\":\"https:\/\/i0.wp.com\/etako.sk\/eshop\/wp-content\/uploads\/2023\/08\/GV7BnncDuZc_s460xn.jpg?fit=460%2C613&ssl=1\",\"contentUrl\":\"https:\/\/i0.wp.com\/etako.sk\/eshop\/wp-content\/uploads\/2023\/08\/GV7BnncDuZc_s460xn.jpg?fit=460%2C613&ssl=1\",\"width\":460,\"height\":613},{\"@type\":\"BreadcrumbList\",\"@id\":\"https:\/\/etako.sk\/eshop\/produkt\/pribornik-nie-len-na-vianoce-zeleny\/#breadcrumb\",\"itemListElement\":[{\"@type\":\"ListItem\",\"position\":1,\"name\":\"Domovsk\u00e1 str\u00e1nka\",\"item\":\"https:\/\/etako.sk\/eshop\/\"},{\"@type\":\"ListItem\",\"position\":2,\"name\":\"Obchod\",\"item\":\"https:\/\/etako.sk\/eshop\/shop\/\"},{\"@type\":\"ListItem\",\"position\":3,\"name\":\"Pr\u00edborn\u00edk nie len na Vianoce zelen\u00fd\"}]},{\"@type\":\"WebSite\",\"@id\":\"https:\/\/etako.sk\/eshop\/#website\",\"url\":\"https:\/\/etako.sk\/eshop\/\",\"name\":\"ETAKO e-shop\",\"description\":\"Etako\",\"potentialAction\":[{\"@type\":\"SearchAction\",\"target\":{\"@type\":\"EntryPoint\",\"urlTemplate\":\"https:\/\/etako.sk\/eshop\/?s={search_term_string}\"},\"query-input\":{\"@type\":\"PropertyValueSpecification\",\"valueRequired\":true,\"valueName\":\"search_term_string\"}}],\"inLanguage\":\"sk-SK\"}]}<\/script>\n<!-- \/ Yoast SEO plugin. -->","yoast_head_json":{"title":"Pr\u00edborn\u00edk nie len na Vianoce zelen\u00fd - ETAKO e-shop","robots":{"index":"index","follow":"follow","max-snippet":"max-snippet:-1","max-image-preview":"max-image-preview:large","max-video-preview":"max-video-preview:-1"},"canonical":"https:\/\/etako.sk\/eshop\/produkt\/pribornik-nie-len-na-vianoce-zeleny\/","twitter_card":"summary_large_image","twitter_title":"Pr\u00edborn\u00edk nie len na Vianoce zelen\u00fd - ETAKO e-shop","twitter_description":"Pr\u00edborn\u00edk z kvalitnej l\u00e1tky.","twitter_image":"https:\/\/i0.wp.com\/etako.sk\/eshop\/wp-content\/uploads\/2023\/08\/GV7BnncDuZc_s460xn.jpg?fit=460%2C613&ssl=1","twitter_misc":{"Predpokladan\u00fd \u010das \u010d\u00edtania":"1 min\u00fata"},"schema":{"@context":"https:\/\/schema.org","@graph":[{"@type":"WebPage","@id":"https:\/\/etako.sk\/eshop\/produkt\/pribornik-nie-len-na-vianoce-zeleny\/","url":"https:\/\/etako.sk\/eshop\/produkt\/pribornik-nie-len-na-vianoce-zeleny\/","name":"Pr\u00edborn\u00edk nie len na Vianoce zelen\u00fd - ETAKO e-shop","isPartOf":{"@id":"https:\/\/etako.sk\/eshop\/#website"},"primaryImageOfPage":{"@id":"https:\/\/etako.sk\/eshop\/produkt\/pribornik-nie-len-na-vianoce-zeleny\/#primaryimage"},"image":{"@id":"https:\/\/etako.sk\/eshop\/produkt\/pribornik-nie-len-na-vianoce-zeleny\/#primaryimage"},"thumbnailUrl":"https:\/\/i0.wp.com\/etako.sk\/eshop\/wp-content\/uploads\/2023\/08\/GV7BnncDuZc_s460xn.jpg?fit=460%2C613&ssl=1","datePublished":"2023-08-03T17:54:25+00:00","breadcrumb":{"@id":"https:\/\/etako.sk\/eshop\/produkt\/pribornik-nie-len-na-vianoce-zeleny\/#breadcrumb"},"inLanguage":"sk-SK","potentialAction":[{"@type":"ReadAction","target":["https:\/\/etako.sk\/eshop\/produkt\/pribornik-nie-len-na-vianoce-zeleny\/"]}]},{"@type":"ImageObject","inLanguage":"sk-SK","@id":"https:\/\/etako.sk\/eshop\/produkt\/pribornik-nie-len-na-vianoce-zeleny\/#primaryimage","url":"https:\/\/i0.wp.com\/etako.sk\/eshop\/wp-content\/uploads\/2023\/08\/GV7BnncDuZc_s460xn.jpg?fit=460%2C613&ssl=1","contentUrl":"https:\/\/i0.wp.com\/etako.sk\/eshop\/wp-content\/uploads\/2023\/08\/GV7BnncDuZc_s460xn.jpg?fit=460%2C613&ssl=1","width":460,"height":613},{"@type":"BreadcrumbList","@id":"https:\/\/etako.sk\/eshop\/produkt\/pribornik-nie-len-na-vianoce-zeleny\/#breadcrumb","itemListElement":[{"@type":"ListItem","position":1,"name":"Domovsk\u00e1 str\u00e1nka","item":"https:\/\/etako.sk\/eshop\/"},{"@type":"ListItem","position":2,"name":"Obchod","item":"https:\/\/etako.sk\/eshop\/shop\/"},{"@type":"ListItem","position":3,"name":"Pr\u00edborn\u00edk nie len na Vianoce zelen\u00fd"}]},{"@type":"WebSite","@id":"https:\/\/etako.sk\/eshop\/#website","url":"https:\/\/etako.sk\/eshop\/","name":"ETAKO e-shop","description":"Etako","potentialAction":[{"@type":"SearchAction","target":{"@type":"EntryPoint","urlTemplate":"https:\/\/etako.sk\/eshop\/?s={search_term_string}"},"query-input":{"@type":"PropertyValueSpecification","valueRequired":true,"valueName":"search_term_string"}}],"inLanguage":"sk-SK"}]}},"jetpack_sharing_enabled":true,"_links":{"self":[{"href":"https:\/\/etako.sk\/eshop\/wp-json\/wp\/v2\/product\/12727","targetHints":{"allow":["GET"]}}],"collection":[{"href":"https:\/\/etako.sk\/eshop\/wp-json\/wp\/v2\/product"}],"about":[{"href":"https:\/\/etako.sk\/eshop\/wp-json\/wp\/v2\/types\/product"}],"replies":[{"embeddable":true,"href":"https:\/\/etako.sk\/eshop\/wp-json\/wp\/v2\/comments?post=12727"}],"version-history":[{"count":0,"href":"https:\/\/etako.sk\/eshop\/wp-json\/wp\/v2\/product\/12727\/revisions"}],"wp:featuredmedia":[{"embeddable":true,"href":"https:\/\/etako.sk\/eshop\/wp-json\/wp\/v2\/media\/12728"}],"wp:attachment":[{"href":"https:\/\/etako.sk\/eshop\/wp-json\/wp\/v2\/media?parent=12727"}],"wp:term":[{"taxonomy":"product_brand","embeddable":true,"href":"https:\/\/etako.sk\/eshop\/wp-json\/wp\/v2\/product_brand?post=12727"},{"taxonomy":"product_cat","embeddable":true,"href":"https:\/\/etako.sk\/eshop\/wp-json\/wp\/v2\/product_cat?post=12727"},{"taxonomy":"product_tag","embeddable":true,"href":"https:\/\/etako.sk\/eshop\/wp-json\/wp\/v2\/product_tag?post=12727"}],"curies":[{"name":"wp","href":"https:\/\/api.w.org\/{rel}","templated":true}]}}