{"id":12707,"date":"2023-08-03T19:33:31","date_gmt":"2023-08-03T17:33:31","guid":{"rendered":"http:\/\/etako.sk\/eshop\/?post_type=product&#038;p=12707"},"modified":"2023-08-04T20:13:53","modified_gmt":"2023-08-04T18:13:53","slug":"bavlnene-ponozky-disney-minnie","status":"publish","type":"product","link":"https:\/\/etako.sk\/eshop\/produkt\/bavlnene-ponozky-disney-minnie\/","title":{"rendered":"Bavlnen\u00e9 pono\u017eky Disney Minnie"},"content":{"rendered":"<p>Bavlnen\u00e9 pono\u017eky Disney.<\/p>\n<p>Materi\u00e1l:<br \/>\n74% bavlna, 21% polyamid, 5% elastan.<\/p>\n<p>Ve\u013ekosti:<\/p>\n<p>27\/30 cm \u2013 4 \u2013 5 rokov<\/p>\n<p>1.jakost.<\/p>\n","protected":false},"excerpt":{"rendered":"<p>Bavlnen\u00e9 pono\u017eky Disney. Materi\u00e1l: 74% bavlna, 21% polyamid, 5% elastan. Ve\u013ekosti: 27\/30 cm \u2013 4 \u2013 5 rokov 1.jakost.<\/p>\n","protected":false},"featured_media":12708,"comment_status":"closed","ping_status":"closed","template":"","meta":{"jetpack_publicize_message":"","jetpack_publicize_feature_enabled":true,"jetpack_social_post_already_shared":false,"jetpack_social_options":{"image_generator_settings":{"template":"highway","enabled":false},"version":2}},"product_brand":[],"product_cat":[147,37],"product_tag":[],"class_list":{"0":"post-12707","1":"product","2":"type-product","3":"status-publish","4":"has-post-thumbnail","6":"product_cat-dievcata-velkost-od-0-10-rokov-50-140-cm","7":"product_cat-v-50-56","8":"product_shipping_class-standard","9":"pa_velkost-27-30","11":"","12":"instock","13":"taxable","14":"shipping-taxable","15":"purchasable","16":"product-type-variable"},"jetpack_publicize_connections":[],"yoast_head":"<!-- This site is optimized with the Yoast SEO plugin v25.6 - https:\/\/yoast.com\/wordpress\/plugins\/seo\/ -->\n<title>Bavlnen\u00e9 pono\u017eky Disney Minnie - ETAKO e-shop<\/title>\n<meta name=\"robots\" content=\"index, follow, max-snippet:-1, max-image-preview:large, max-video-preview:-1\" \/>\n<link rel=\"canonical\" href=\"https:\/\/etako.sk\/eshop\/produkt\/bavlnene-ponozky-disney-minnie\/\" \/>\n<meta name=\"twitter:card\" content=\"summary_large_image\" \/>\n<meta name=\"twitter:title\" content=\"Bavlnen\u00e9 pono\u017eky Disney Minnie - ETAKO e-shop\" \/>\n<meta name=\"twitter:description\" content=\"Bavlnen\u00e9 pono\u017eky Disney. Materi\u00e1l: 74% bavlna, 21% polyamid, 5% elastan. Ve\u013ekosti: 27\/30 cm \u2013 4 \u2013 5 rokov 1.jakost.\" \/>\n<meta name=\"twitter:image\" content=\"https:\/\/i0.wp.com\/etako.sk\/eshop\/wp-content\/uploads\/2023\/08\/4fOmd5rBpGS_s460xn.jpg?fit=440%2C497&ssl=1\" \/>\n<meta name=\"twitter:label1\" content=\"Predpokladan\u00fd \u010das \u010d\u00edtania\" \/>\n\t<meta name=\"twitter:data1\" content=\"1 min\u00fata\" \/>\n<script type=\"application\/ld+json\" class=\"yoast-schema-graph\">{\"@context\":\"https:\/\/schema.org\",\"@graph\":[{\"@type\":\"WebPage\",\"@id\":\"https:\/\/etako.sk\/eshop\/produkt\/bavlnene-ponozky-disney-minnie\/\",\"url\":\"https:\/\/etako.sk\/eshop\/produkt\/bavlnene-ponozky-disney-minnie\/\",\"name\":\"Bavlnen\u00e9 pono\u017eky Disney Minnie - ETAKO e-shop\",\"isPartOf\":{\"@id\":\"https:\/\/etako.sk\/eshop\/#website\"},\"primaryImageOfPage\":{\"@id\":\"https:\/\/etako.sk\/eshop\/produkt\/bavlnene-ponozky-disney-minnie\/#primaryimage\"},\"image\":{\"@id\":\"https:\/\/etako.sk\/eshop\/produkt\/bavlnene-ponozky-disney-minnie\/#primaryimage\"},\"thumbnailUrl\":\"https:\/\/i0.wp.com\/etako.sk\/eshop\/wp-content\/uploads\/2023\/08\/4fOmd5rBpGS_s460xn.jpg?fit=440%2C497&ssl=1\",\"datePublished\":\"2023-08-03T17:33:31+00:00\",\"dateModified\":\"2023-08-04T18:13:53+00:00\",\"breadcrumb\":{\"@id\":\"https:\/\/etako.sk\/eshop\/produkt\/bavlnene-ponozky-disney-minnie\/#breadcrumb\"},\"inLanguage\":\"sk-SK\",\"potentialAction\":[{\"@type\":\"ReadAction\",\"target\":[\"https:\/\/etako.sk\/eshop\/produkt\/bavlnene-ponozky-disney-minnie\/\"]}]},{\"@type\":\"ImageObject\",\"inLanguage\":\"sk-SK\",\"@id\":\"https:\/\/etako.sk\/eshop\/produkt\/bavlnene-ponozky-disney-minnie\/#primaryimage\",\"url\":\"https:\/\/i0.wp.com\/etako.sk\/eshop\/wp-content\/uploads\/2023\/08\/4fOmd5rBpGS_s460xn.jpg?fit=440%2C497&ssl=1\",\"contentUrl\":\"https:\/\/i0.wp.com\/etako.sk\/eshop\/wp-content\/uploads\/2023\/08\/4fOmd5rBpGS_s460xn.jpg?fit=440%2C497&ssl=1\",\"width\":440,\"height\":497},{\"@type\":\"BreadcrumbList\",\"@id\":\"https:\/\/etako.sk\/eshop\/produkt\/bavlnene-ponozky-disney-minnie\/#breadcrumb\",\"itemListElement\":[{\"@type\":\"ListItem\",\"position\":1,\"name\":\"Domovsk\u00e1 str\u00e1nka\",\"item\":\"https:\/\/etako.sk\/eshop\/\"},{\"@type\":\"ListItem\",\"position\":2,\"name\":\"Obchod\",\"item\":\"https:\/\/etako.sk\/eshop\/shop\/\"},{\"@type\":\"ListItem\",\"position\":3,\"name\":\"Bavlnen\u00e9 pono\u017eky Disney Minnie\"}]},{\"@type\":\"WebSite\",\"@id\":\"https:\/\/etako.sk\/eshop\/#website\",\"url\":\"https:\/\/etako.sk\/eshop\/\",\"name\":\"ETAKO e-shop\",\"description\":\"Etako\",\"potentialAction\":[{\"@type\":\"SearchAction\",\"target\":{\"@type\":\"EntryPoint\",\"urlTemplate\":\"https:\/\/etako.sk\/eshop\/?s={search_term_string}\"},\"query-input\":{\"@type\":\"PropertyValueSpecification\",\"valueRequired\":true,\"valueName\":\"search_term_string\"}}],\"inLanguage\":\"sk-SK\"}]}<\/script>\n<!-- \/ Yoast SEO plugin. -->","yoast_head_json":{"title":"Bavlnen\u00e9 pono\u017eky Disney Minnie - ETAKO e-shop","robots":{"index":"index","follow":"follow","max-snippet":"max-snippet:-1","max-image-preview":"max-image-preview:large","max-video-preview":"max-video-preview:-1"},"canonical":"https:\/\/etako.sk\/eshop\/produkt\/bavlnene-ponozky-disney-minnie\/","twitter_card":"summary_large_image","twitter_title":"Bavlnen\u00e9 pono\u017eky Disney Minnie - ETAKO e-shop","twitter_description":"Bavlnen\u00e9 pono\u017eky Disney. Materi\u00e1l: 74% bavlna, 21% polyamid, 5% elastan. Ve\u013ekosti: 27\/30 cm \u2013 4 \u2013 5 rokov 1.jakost.","twitter_image":"https:\/\/i0.wp.com\/etako.sk\/eshop\/wp-content\/uploads\/2023\/08\/4fOmd5rBpGS_s460xn.jpg?fit=440%2C497&ssl=1","twitter_misc":{"Predpokladan\u00fd \u010das \u010d\u00edtania":"1 min\u00fata"},"schema":{"@context":"https:\/\/schema.org","@graph":[{"@type":"WebPage","@id":"https:\/\/etako.sk\/eshop\/produkt\/bavlnene-ponozky-disney-minnie\/","url":"https:\/\/etako.sk\/eshop\/produkt\/bavlnene-ponozky-disney-minnie\/","name":"Bavlnen\u00e9 pono\u017eky Disney Minnie - ETAKO e-shop","isPartOf":{"@id":"https:\/\/etako.sk\/eshop\/#website"},"primaryImageOfPage":{"@id":"https:\/\/etako.sk\/eshop\/produkt\/bavlnene-ponozky-disney-minnie\/#primaryimage"},"image":{"@id":"https:\/\/etako.sk\/eshop\/produkt\/bavlnene-ponozky-disney-minnie\/#primaryimage"},"thumbnailUrl":"https:\/\/i0.wp.com\/etako.sk\/eshop\/wp-content\/uploads\/2023\/08\/4fOmd5rBpGS_s460xn.jpg?fit=440%2C497&ssl=1","datePublished":"2023-08-03T17:33:31+00:00","dateModified":"2023-08-04T18:13:53+00:00","breadcrumb":{"@id":"https:\/\/etako.sk\/eshop\/produkt\/bavlnene-ponozky-disney-minnie\/#breadcrumb"},"inLanguage":"sk-SK","potentialAction":[{"@type":"ReadAction","target":["https:\/\/etako.sk\/eshop\/produkt\/bavlnene-ponozky-disney-minnie\/"]}]},{"@type":"ImageObject","inLanguage":"sk-SK","@id":"https:\/\/etako.sk\/eshop\/produkt\/bavlnene-ponozky-disney-minnie\/#primaryimage","url":"https:\/\/i0.wp.com\/etako.sk\/eshop\/wp-content\/uploads\/2023\/08\/4fOmd5rBpGS_s460xn.jpg?fit=440%2C497&ssl=1","contentUrl":"https:\/\/i0.wp.com\/etako.sk\/eshop\/wp-content\/uploads\/2023\/08\/4fOmd5rBpGS_s460xn.jpg?fit=440%2C497&ssl=1","width":440,"height":497},{"@type":"BreadcrumbList","@id":"https:\/\/etako.sk\/eshop\/produkt\/bavlnene-ponozky-disney-minnie\/#breadcrumb","itemListElement":[{"@type":"ListItem","position":1,"name":"Domovsk\u00e1 str\u00e1nka","item":"https:\/\/etako.sk\/eshop\/"},{"@type":"ListItem","position":2,"name":"Obchod","item":"https:\/\/etako.sk\/eshop\/shop\/"},{"@type":"ListItem","position":3,"name":"Bavlnen\u00e9 pono\u017eky Disney Minnie"}]},{"@type":"WebSite","@id":"https:\/\/etako.sk\/eshop\/#website","url":"https:\/\/etako.sk\/eshop\/","name":"ETAKO e-shop","description":"Etako","potentialAction":[{"@type":"SearchAction","target":{"@type":"EntryPoint","urlTemplate":"https:\/\/etako.sk\/eshop\/?s={search_term_string}"},"query-input":{"@type":"PropertyValueSpecification","valueRequired":true,"valueName":"search_term_string"}}],"inLanguage":"sk-SK"}]}},"jetpack_sharing_enabled":true,"_links":{"self":[{"href":"https:\/\/etako.sk\/eshop\/wp-json\/wp\/v2\/product\/12707","targetHints":{"allow":["GET"]}}],"collection":[{"href":"https:\/\/etako.sk\/eshop\/wp-json\/wp\/v2\/product"}],"about":[{"href":"https:\/\/etako.sk\/eshop\/wp-json\/wp\/v2\/types\/product"}],"replies":[{"embeddable":true,"href":"https:\/\/etako.sk\/eshop\/wp-json\/wp\/v2\/comments?post=12707"}],"version-history":[{"count":0,"href":"https:\/\/etako.sk\/eshop\/wp-json\/wp\/v2\/product\/12707\/revisions"}],"wp:featuredmedia":[{"embeddable":true,"href":"https:\/\/etako.sk\/eshop\/wp-json\/wp\/v2\/media\/12708"}],"wp:attachment":[{"href":"https:\/\/etako.sk\/eshop\/wp-json\/wp\/v2\/media?parent=12707"}],"wp:term":[{"taxonomy":"product_brand","embeddable":true,"href":"https:\/\/etako.sk\/eshop\/wp-json\/wp\/v2\/product_brand?post=12707"},{"taxonomy":"product_cat","embeddable":true,"href":"https:\/\/etako.sk\/eshop\/wp-json\/wp\/v2\/product_cat?post=12707"},{"taxonomy":"product_tag","embeddable":true,"href":"https:\/\/etako.sk\/eshop\/wp-json\/wp\/v2\/product_tag?post=12707"}],"curies":[{"name":"wp","href":"https:\/\/api.w.org\/{rel}","templated":true}]}}