{"id":2,"date":"2016-06-01T20:56:44","date_gmt":"2016-06-01T18:56:44","guid":{"rendered":"http:\/\/etako.sk\/eshop\/?page_id=2"},"modified":"2024-09-28T19:19:40","modified_gmt":"2024-09-28T17:19:40","slug":"ukazka-strany","status":"publish","type":"page","link":"https:\/\/etako.sk\/eshop\/ukazka-strany\/","title":{"rendered":"O n\u00e1s"},"content":{"rendered":"\t\t<div data-elementor-type=\"wp-page\" data-elementor-id=\"2\" class=\"elementor elementor-2\">\n\t\t\t\t\t\t\t\t\t<section class=\"elementor-section elementor-top-section elementor-element elementor-element-f4ebde9 elementor-section-height-min-height elementor-section-items-stretch elementor-section-stretched elementor-section-boxed elementor-section-height-default\" data-id=\"f4ebde9\" data-element_type=\"section\" data-settings=\"{&quot;stretch_section&quot;:&quot;section-stretched&quot;}\">\n\t\t\t\t\t\t<div class=\"elementor-container elementor-column-gap-default\">\n\t\t\t\t\t<div class=\"elementor-column elementor-col-100 elementor-top-column elementor-element elementor-element-37dede2\" data-id=\"37dede2\" data-element_type=\"column\">\n\t\t\t<div class=\"elementor-widget-wrap elementor-element-populated\">\n\t\t\t\t\t\t\t\t<div class=\"elementor-element elementor-element-efeeea9 elementor-widget elementor-widget-text-editor\" data-id=\"efeeea9\" data-element_type=\"widget\" data-widget_type=\"text-editor.default\">\n\t\t\t\t<div class=\"elementor-widget-container\">\n\t\t\t<style>\/*! elementor - v3.17.0 - 08-11-2023 *\/\n.elementor-widget-text-editor.elementor-drop-cap-view-stacked .elementor-drop-cap{background-color:#69727d;color:#fff}.elementor-widget-text-editor.elementor-drop-cap-view-framed .elementor-drop-cap{color:#69727d;border:3px solid;background-color:transparent}.elementor-widget-text-editor:not(.elementor-drop-cap-view-default) .elementor-drop-cap{margin-top:8px}.elementor-widget-text-editor:not(.elementor-drop-cap-view-default) .elementor-drop-cap-letter{width:1em;height:1em}.elementor-widget-text-editor .elementor-drop-cap{float:left;text-align:center;line-height:1;font-size:50px}.elementor-widget-text-editor .elementor-drop-cap-letter{display:inline-block}<\/style>\t\t\t\t<h1 style=\"text-align: center;\"><span style=\"text-decoration: underline;\"><strong><em><span style=\"color: #000000; text-decoration: underline;\">N\u00e1\u0161 e-shop V\u00e1m pon\u00faka:<\/span><\/em><\/strong><\/span><\/h1>\n<p style=\"text-align: center;\"><span style=\"color: #000000;\"><strong>LED OSVETLENIE \u2013\u00a0<\/strong>LED \u017eiarovky, LED svietidl\u00e1, LED trubice, \u017eiarovky, Ecohalogen, \u0161peci\u00e1lne \u017eiarovky<\/span><\/p>\n<p style=\"text-align: center;\"><span style=\"color: #000000;\"><strong>PRE DETI \u2013\u00a0<\/strong>oble\u010denie od 0 do 10 rokov, hra\u010dky, doplnky, kojeneck\u00e9 poterby, svietidl\u00e1, \u2026<\/span><\/p>\n<p style=\"text-align: center;\"><span style=\"color: #000000;\"><strong>PRE DOSPEL\u00ddCH \u2013\u00a0<\/strong>tehotensk\u00e1 m\u00f3da, tri\u010dk\u00e1 a doplnky, \u2026<\/span><\/p>\n<p style=\"text-align: center;\"><span style=\"color: #000000;\"><strong>HANDMADE V\u00ddROBKY \u2013\u00a0<\/strong>r\u00f4zne \u0161it\u00e9 veci\u010dky (ta\u0161ky, \u010delenky, at\u010f), v\u00fdrobky zo \u017eivice, 3D tla\u010d v\u00fdrobky<\/span><\/p>\n<p style=\"text-align: center;\"><span style=\"color: #000000;\"><strong>OSTATN\u00c9<\/strong><\/span><\/p>\t\t\t\t\t\t<\/div>\n\t\t\t\t<\/div>\n\t\t\t\t\t<\/div>\n\t\t<\/div>\n\t\t\t\t\t\t\t<\/div>\n\t\t<\/section>\n\t\t\t\t<section class=\"elementor-section elementor-top-section elementor-element elementor-element-471f270 elementor-section-content-middle elementor-section-stretched elementor-section-boxed elementor-section-height-default elementor-section-height-default elementor-invisible\" data-id=\"471f270\" data-element_type=\"section\" data-settings=\"{&quot;stretch_section&quot;:&quot;section-stretched&quot;,&quot;animation&quot;:&quot;fadeInDown&quot;}\">\n\t\t\t\t\t\t<div class=\"elementor-container elementor-column-gap-no\">\n\t\t\t\t\t<main class=\"elementor-column elementor-col-100 elementor-top-column elementor-element elementor-element-f9eee59\" data-id=\"f9eee59\" data-element_type=\"column\">\n\t\t\t<div class=\"elementor-widget-wrap elementor-element-populated\">\n\t\t\t\t\t\t\t\t<div class=\"elementor-element elementor-element-7b871c2 elementor-align-center elementor-widget elementor-widget-button\" data-id=\"7b871c2\" data-element_type=\"widget\" data-widget_type=\"button.default\">\n\t\t\t\t<div class=\"elementor-widget-container\">\n\t\t\t\t\t<div class=\"elementor-button-wrapper\">\n\t\t\t<a class=\"elementor-button elementor-button-link elementor-size-xl\" href=\"https:\/\/etako.sk\/eshop\/shop\/\">\n\t\t\t\t\t\t<span class=\"elementor-button-content-wrapper\">\n\t\t\t\t\t\t<span class=\"elementor-button-text\">Klikni pre n\u00e1h\u013ead \"obchodu\"<\/span>\n\t\t<\/span>\n\t\t\t\t\t<\/a>\n\t\t<\/div>\n\t\t\t\t<\/div>\n\t\t\t\t<\/div>\n\t\t\t\t\t<\/div>\n\t\t<\/main>\n\t\t\t\t\t\t\t<\/div>\n\t\t<\/section>\n\t\t\t\t\t\t\t<\/div>\n\t\t","protected":false},"excerpt":{"rendered":"<p>N\u00e1\u0161 e-shop V\u00e1m pon\u00faka: LED OSVETLENIE \u2013\u00a0LED \u017eiarovky, LED svietidl\u00e1, LED trubice, \u017eiarovky, Ecohalogen, \u0161peci\u00e1lne \u017eiarovky PRE DETI \u2013\u00a0oble\u010denie od<\/p>\n","protected":false},"author":1,"featured_media":0,"parent":0,"menu_order":0,"comment_status":"closed","ping_status":"open","template":"","meta":{"footnotes":""},"class_list":["post-2","page","type-page","status-publish","hentry"],"yoast_head":"<!-- This site is optimized with the Yoast SEO plugin v25.6 - https:\/\/yoast.com\/wordpress\/plugins\/seo\/ -->\n<title>O n\u00e1s - ETAKO e-shop<\/title>\n<meta name=\"robots\" content=\"index, follow, max-snippet:-1, max-image-preview:large, max-video-preview:-1\" \/>\n<link rel=\"canonical\" href=\"https:\/\/etako.sk\/eshop\/ukazka-strany\/\" \/>\n<meta name=\"twitter:card\" content=\"summary_large_image\" \/>\n<meta name=\"twitter:title\" content=\"O n\u00e1s - ETAKO e-shop\" \/>\n<meta name=\"twitter:description\" content=\"N\u00e1\u0161 e-shop V\u00e1m pon\u00faka: LED OSVETLENIE \u2013\u00a0LED \u017eiarovky, LED svietidl\u00e1, LED trubice, \u017eiarovky, Ecohalogen, \u0161peci\u00e1lne \u017eiarovky PRE DETI \u2013\u00a0oble\u010denie od\" \/>\n<meta name=\"twitter:label1\" content=\"Predpokladan\u00fd \u010das \u010d\u00edtania\" \/>\n\t<meta name=\"twitter:data1\" content=\"1 min\u00fata\" \/>\n<script type=\"application\/ld+json\" class=\"yoast-schema-graph\">{\"@context\":\"https:\/\/schema.org\",\"@graph\":[{\"@type\":\"WebPage\",\"@id\":\"https:\/\/etako.sk\/eshop\/ukazka-strany\/\",\"url\":\"https:\/\/etako.sk\/eshop\/ukazka-strany\/\",\"name\":\"O n\u00e1s - ETAKO e-shop\",\"isPartOf\":{\"@id\":\"https:\/\/etako.sk\/eshop\/#website\"},\"datePublished\":\"2016-06-01T18:56:44+00:00\",\"dateModified\":\"2024-09-28T17:19:40+00:00\",\"breadcrumb\":{\"@id\":\"https:\/\/etako.sk\/eshop\/ukazka-strany\/#breadcrumb\"},\"inLanguage\":\"sk-SK\",\"potentialAction\":[{\"@type\":\"ReadAction\",\"target\":[\"https:\/\/etako.sk\/eshop\/ukazka-strany\/\"]}]},{\"@type\":\"BreadcrumbList\",\"@id\":\"https:\/\/etako.sk\/eshop\/ukazka-strany\/#breadcrumb\",\"itemListElement\":[{\"@type\":\"ListItem\",\"position\":1,\"name\":\"Domovsk\u00e1 str\u00e1nka\",\"item\":\"https:\/\/etako.sk\/eshop\/\"},{\"@type\":\"ListItem\",\"position\":2,\"name\":\"O n\u00e1s\"}]},{\"@type\":\"WebSite\",\"@id\":\"https:\/\/etako.sk\/eshop\/#website\",\"url\":\"https:\/\/etako.sk\/eshop\/\",\"name\":\"ETAKO e-shop\",\"description\":\"Etako\",\"potentialAction\":[{\"@type\":\"SearchAction\",\"target\":{\"@type\":\"EntryPoint\",\"urlTemplate\":\"https:\/\/etako.sk\/eshop\/?s={search_term_string}\"},\"query-input\":{\"@type\":\"PropertyValueSpecification\",\"valueRequired\":true,\"valueName\":\"search_term_string\"}}],\"inLanguage\":\"sk-SK\"}]}<\/script>\n<!-- \/ Yoast SEO plugin. -->","yoast_head_json":{"title":"O n\u00e1s - ETAKO e-shop","robots":{"index":"index","follow":"follow","max-snippet":"max-snippet:-1","max-image-preview":"max-image-preview:large","max-video-preview":"max-video-preview:-1"},"canonical":"https:\/\/etako.sk\/eshop\/ukazka-strany\/","twitter_card":"summary_large_image","twitter_title":"O n\u00e1s - ETAKO e-shop","twitter_description":"N\u00e1\u0161 e-shop V\u00e1m pon\u00faka: LED OSVETLENIE \u2013\u00a0LED \u017eiarovky, LED svietidl\u00e1, LED trubice, \u017eiarovky, Ecohalogen, \u0161peci\u00e1lne \u017eiarovky PRE DETI \u2013\u00a0oble\u010denie od","twitter_misc":{"Predpokladan\u00fd \u010das \u010d\u00edtania":"1 min\u00fata"},"schema":{"@context":"https:\/\/schema.org","@graph":[{"@type":"WebPage","@id":"https:\/\/etako.sk\/eshop\/ukazka-strany\/","url":"https:\/\/etako.sk\/eshop\/ukazka-strany\/","name":"O n\u00e1s - ETAKO e-shop","isPartOf":{"@id":"https:\/\/etako.sk\/eshop\/#website"},"datePublished":"2016-06-01T18:56:44+00:00","dateModified":"2024-09-28T17:19:40+00:00","breadcrumb":{"@id":"https:\/\/etako.sk\/eshop\/ukazka-strany\/#breadcrumb"},"inLanguage":"sk-SK","potentialAction":[{"@type":"ReadAction","target":["https:\/\/etako.sk\/eshop\/ukazka-strany\/"]}]},{"@type":"BreadcrumbList","@id":"https:\/\/etako.sk\/eshop\/ukazka-strany\/#breadcrumb","itemListElement":[{"@type":"ListItem","position":1,"name":"Domovsk\u00e1 str\u00e1nka","item":"https:\/\/etako.sk\/eshop\/"},{"@type":"ListItem","position":2,"name":"O n\u00e1s"}]},{"@type":"WebSite","@id":"https:\/\/etako.sk\/eshop\/#website","url":"https:\/\/etako.sk\/eshop\/","name":"ETAKO e-shop","description":"Etako","potentialAction":[{"@type":"SearchAction","target":{"@type":"EntryPoint","urlTemplate":"https:\/\/etako.sk\/eshop\/?s={search_term_string}"},"query-input":{"@type":"PropertyValueSpecification","valueRequired":true,"valueName":"search_term_string"}}],"inLanguage":"sk-SK"}]}},"jetpack_sharing_enabled":true,"_links":{"self":[{"href":"https:\/\/etako.sk\/eshop\/wp-json\/wp\/v2\/pages\/2","targetHints":{"allow":["GET"]}}],"collection":[{"href":"https:\/\/etako.sk\/eshop\/wp-json\/wp\/v2\/pages"}],"about":[{"href":"https:\/\/etako.sk\/eshop\/wp-json\/wp\/v2\/types\/page"}],"author":[{"embeddable":true,"href":"https:\/\/etako.sk\/eshop\/wp-json\/wp\/v2\/users\/1"}],"replies":[{"embeddable":true,"href":"https:\/\/etako.sk\/eshop\/wp-json\/wp\/v2\/comments?post=2"}],"version-history":[{"count":6,"href":"https:\/\/etako.sk\/eshop\/wp-json\/wp\/v2\/pages\/2\/revisions"}],"predecessor-version":[{"id":46671,"href":"https:\/\/etako.sk\/eshop\/wp-json\/wp\/v2\/pages\/2\/revisions\/46671"}],"wp:attachment":[{"href":"https:\/\/etako.sk\/eshop\/wp-json\/wp\/v2\/media?parent=2"}],"curies":[{"name":"wp","href":"https:\/\/api.w.org\/{rel}","templated":true}]}}